{"id":14125,"date":"2025-02-08T12:38:31","date_gmt":"2025-02-08T09:38:31","guid":{"rendered":"https:\/\/ceoparts.com\/?post_type=product&#038;p=14125"},"modified":"2026-05-16T14:59:30","modified_gmt":"2026-05-16T11:59:30","slug":"kontak-anahtari-seti503-4493184","status":"publish","type":"product","link":"https:\/\/ceoparts.com\/fr\/urun\/kontak-anahtari-seti503-4493184\/","title":{"rendered":"Jeu de commutateur d&#8217;allumage 503 &#8211; 4493184"},"content":{"rendered":"<p>Jeu de commutateur d&#8217;allumage 503 &#8211; 4493184<\/p>","protected":false},"excerpt":{"rendered":"<p data-start=\"119\" data-end=\"330\"><br data-start=\"1603\" data-end=\"1606\" \/>Le kit d&#8217;interrupteur d&#8217;allumage convient aux mod\u00e8les de chariots \u00e9l\u00e9vateurs Linde 503, garantissant un fonctionnement s\u00fbr et fluide. Le kit comprend la cl\u00e9 et l&#8217;interrupteur d&#8217;allumage. Fabriqu\u00e9 avec des mat\u00e9riaux durables pour une longue dur\u00e9e de vie.<\/p>\n<p data-start=\"1861\" data-end=\"2179\"><strong data-start=\"1861\" data-end=\"1883\">Caract\u00e9ristiques :<\/strong><br data-start=\"1883\" data-end=\"1886\" \/><strong data-start=\"1886\" data-end=\"1906\">Nom du produit :<\/strong> Kit d&#8217;interrupteur d&#8217;allumage 503<br data-start=\"1940\" data-end=\"1943\" \/><strong data-start=\"1943\" data-end=\"1958\">R\u00e9f\u00e9rence :<\/strong> 4493184<br data-start=\"1966\" data-end=\"1969\" \/><strong data-start=\"1969\" data-end=\"1983\">Mat\u00e9riau :<\/strong> Composants m\u00e9talliques et plastiques durables<br data-start=\"2029\" data-end=\"2032\" \/><strong data-start=\"2032\" data-end=\"2058\">Domaine d&#8217;utilisation:<\/strong> Syst\u00e8me d&#8217;allumage pour chariots \u00e9l\u00e9vateurs Linde 503<br data-start=\"2112\" data-end=\"2115\" \/><strong data-start=\"2115\" data-end=\"2128\">Avantage:<\/strong> Utilisation pratique en kit, design s\u00fbr et durable<\/p>\n<p data-start=\"2181\" data-end=\"2405\">\n","protected":false},"featured_media":13547,"template":"","meta":[],"product_brand":[],"product_cat":[469],"product_tag":[],"class_list":{"0":"post-14125","1":"product","2":"type-product","3":"status-publish","4":"has-post-thumbnail","6":"product_cat-elektrik-ve-sistem-parcalari","8":"first","9":"instock","10":"taxable","11":"shipping-taxable","12":"purchasable","13":"product-type-simple"},"_links":{"self":[{"href":"https:\/\/ceoparts.com\/fr\/wp-json\/wp\/v2\/product\/14125","targetHints":{"allow":["GET"]}}],"collection":[{"href":"https:\/\/ceoparts.com\/fr\/wp-json\/wp\/v2\/product"}],"about":[{"href":"https:\/\/ceoparts.com\/fr\/wp-json\/wp\/v2\/types\/product"}],"wp:featuredmedia":[{"embeddable":true,"href":"https:\/\/ceoparts.com\/fr\/wp-json\/wp\/v2\/media\/13547"}],"wp:attachment":[{"href":"https:\/\/ceoparts.com\/fr\/wp-json\/wp\/v2\/media?parent=14125"}],"wp:term":[{"taxonomy":"product_brand","embeddable":true,"href":"https:\/\/ceoparts.com\/fr\/wp-json\/wp\/v2\/product_brand?post=14125"},{"taxonomy":"product_cat","embeddable":true,"href":"https:\/\/ceoparts.com\/fr\/wp-json\/wp\/v2\/product_cat?post=14125"},{"taxonomy":"product_tag","embeddable":true,"href":"https:\/\/ceoparts.com\/fr\/wp-json\/wp\/v2\/product_tag?post=14125"}],"curies":[{"name":"wp","href":"https:\/\/api.w.org\/{rel}","templated":true}]}}