{"id":14133,"date":"2025-02-10T11:21:53","date_gmt":"2025-02-10T08:21:53","guid":{"rendered":"https:\/\/ceoparts.com\/?post_type=product&#038;p=14133"},"modified":"2026-05-16T16:34:16","modified_gmt":"2026-05-16T13:34:16","slug":"kontak-anahtari-linde-7915492632","status":"publish","type":"product","link":"https:\/\/ceoparts.com\/fr\/urun\/kontak-anahtari-linde-7915492632\/","title":{"rendered":"Cl\u00e9 de contact Linde &#8211; 7915492632"},"content":{"rendered":"<p>Cl\u00e9 de contact Linde &#8211; 7915492632<\/p>\n<p>Linde 7915492632<\/p>\n<p>1218 HT25\/30<br \/>\n1283 HT25\/30<br \/>\n1313-01 H25\/27\/30\/32<br \/>\n1401 H100\/H120\/H140\/H150\/H160\/H180 &#8211; T4<br \/>\n1402 H180,H200,H220,H250,H280,H300,H320<br \/>\n318 C90\/5, C90\/6, C90\/7, C90\/8<br \/>\n351-05 H25\/30-05<br \/>\n351-05 H25\/30-05<br \/>\n352-05 H35\/40\/45\/50D-05<br \/>\n359 H100\/H120\/H140\/H150\/H160\/H180 &#8211; T2<br \/>\n359 H100\/H120\/H140\/H150\/H160\/H180 &#8211; T3<br \/>\n391-01 H14\/16\/18\/20<br \/>\n392-02 H20\/25 &#8211; 02<br \/>\n392-01 H20\/25<br \/>\n393-02 H25\/30\/35 &#8211; 02<br \/>\n393-01 H25\/30\/35<br \/>\n394-02 H40\/45\/50 &#8211; 02<br \/>\n394-01 H40\/45\/50<br \/>\n396-02 H50\/60\/70\/80 &#8211; 02<br \/>\n396-01 H50\/60\/70\/80<\/p>","protected":false},"excerpt":{"rendered":"<p data-start=\"129\" data-end=\"320\"><br data-start=\"1487\" data-end=\"1490\" \/>L&#8217;interrupteur d&#8217;allumage con\u00e7u pour les chariots \u00e9l\u00e9vateurs Linde garantit un fonctionnement s\u00fbr et fluide du v\u00e9hicule. Fabriqu\u00e9 avec des mat\u00e9riaux durables pour une longue dur\u00e9e de vie.<\/p>\n<p data-start=\"1679\" data-end=\"1997\"><strong data-start=\"1679\" data-end=\"1701\">Caract\u00e9ristiques :<\/strong><br data-start=\"1701\" data-end=\"1704\" \/><strong data-start=\"1704\" data-end=\"1724\">Nom du produit :<\/strong> Interrupteur d&#8217;allumage Linde<br data-start=\"1754\" data-end=\"1757\" \/><strong data-start=\"1757\" data-end=\"1772\">R\u00e9f\u00e9rence :<\/strong> 7915492632<br data-start=\"1783\" data-end=\"1786\" \/><strong data-start=\"1786\" data-end=\"1800\">Mat\u00e9riau :<\/strong> Composants m\u00e9talliques et plastiques durables<br data-start=\"1846\" data-end=\"1849\" \/><strong data-start=\"1849\" data-end=\"1875\">Domaine d&#8217;utilisation:<\/strong> Syst\u00e8me d&#8217;allumage pour chariots \u00e9l\u00e9vateurs Linde<br data-start=\"1925\" data-end=\"1928\" \/><strong data-start=\"1928\" data-end=\"1941\">Avantage:<\/strong> Utilisation s\u00fbre, design robuste et installation facile<\/p>\n<p data-start=\"1999\" data-end=\"2179\">\n","protected":false},"featured_media":14134,"template":"","meta":[],"product_brand":[],"product_cat":[246,469,523],"product_tag":[],"class_list":{"0":"post-14133","1":"product","2":"type-product","3":"status-publish","4":"has-post-thumbnail","6":"product_cat-linde","7":"product_cat-elektrik-ve-sistem-parcalari","8":"product_cat-yedek-parca-linde","10":"first","11":"instock","12":"taxable","13":"shipping-taxable","14":"purchasable","15":"product-type-simple"},"_links":{"self":[{"href":"https:\/\/ceoparts.com\/fr\/wp-json\/wp\/v2\/product\/14133","targetHints":{"allow":["GET"]}}],"collection":[{"href":"https:\/\/ceoparts.com\/fr\/wp-json\/wp\/v2\/product"}],"about":[{"href":"https:\/\/ceoparts.com\/fr\/wp-json\/wp\/v2\/types\/product"}],"wp:featuredmedia":[{"embeddable":true,"href":"https:\/\/ceoparts.com\/fr\/wp-json\/wp\/v2\/media\/14134"}],"wp:attachment":[{"href":"https:\/\/ceoparts.com\/fr\/wp-json\/wp\/v2\/media?parent=14133"}],"wp:term":[{"taxonomy":"product_brand","embeddable":true,"href":"https:\/\/ceoparts.com\/fr\/wp-json\/wp\/v2\/product_brand?post=14133"},{"taxonomy":"product_cat","embeddable":true,"href":"https:\/\/ceoparts.com\/fr\/wp-json\/wp\/v2\/product_cat?post=14133"},{"taxonomy":"product_tag","embeddable":true,"href":"https:\/\/ceoparts.com\/fr\/wp-json\/wp\/v2\/product_tag?post=14133"}],"curies":[{"name":"wp","href":"https:\/\/api.w.org\/{rel}","templated":true}]}}