{"id":14137,"date":"2025-02-10T13:05:00","date_gmt":"2025-02-10T10:05:00","guid":{"rendered":"https:\/\/ceoparts.com\/?post_type=product&#038;p=14137"},"modified":"2026-05-16T16:27:56","modified_gmt":"2026-05-16T13:27:56","slug":"kontak-anahtari-universal","status":"publish","type":"product","link":"https:\/\/ceoparts.com\/fr\/urun\/kontak-anahtari-universal\/","title":{"rendered":"Cl\u00e9 de contact Universel"},"content":{"rendered":"<p>Cl\u00e9 de contact Universel<\/p>","protected":false},"excerpt":{"rendered":"<p data-start=\"111\" data-end=\"315\"><br data-start=\"1653\" data-end=\"1656\" \/>L&#8217;interrupteur d&#8217;allumage universel est un composant polyvalent et durable adapt\u00e9 \u00e0 divers chariots \u00e9l\u00e9vateurs et machines industrielles. Fabriqu\u00e9 avec des mat\u00e9riaux de haute qualit\u00e9, il garantit un fonctionnement s\u00fbr et durable.<\/p>\n<p data-start=\"1887\" data-end=\"2233\"><strong data-start=\"1887\" data-end=\"1909\">Caract\u00e9ristiques :<\/strong><br data-start=\"1909\" data-end=\"1912\" \/><strong data-start=\"1912\" data-end=\"1932\">Nom du produit :<\/strong> Interrupteur d&#8217;allumage universel<br data-start=\"1966\" data-end=\"1969\" \/><strong data-start=\"1969\" data-end=\"1984\">R\u00e9f\u00e9rence :<\/strong> \u2013<br data-start=\"1986\" data-end=\"1989\" \/><strong data-start=\"1989\" data-end=\"2003\">Mat\u00e9riau :<\/strong> Composants m\u00e9talliques et plastiques durables<br data-start=\"2049\" data-end=\"2052\" \/><strong data-start=\"2052\" data-end=\"2078\">Domaine d&#8217;utilisation:<\/strong> Syst\u00e8mes d&#8217;allumage de divers chariots \u00e9l\u00e9vateurs et machines industrielles<br data-start=\"2154\" data-end=\"2157\" \/><strong data-start=\"2157\" data-end=\"2170\">Avantage:<\/strong> Large compatibilit\u00e9, fonctionnement s\u00fbr et installation facile<\/p>\n<p data-start=\"2235\" data-end=\"2478\">\n","protected":false},"featured_media":14139,"template":"","meta":[],"product_brand":[],"product_cat":[469],"product_tag":[],"class_list":{"0":"post-14137","1":"product","2":"type-product","3":"status-publish","4":"has-post-thumbnail","6":"product_cat-elektrik-ve-sistem-parcalari","8":"first","9":"instock","10":"taxable","11":"shipping-taxable","12":"purchasable","13":"product-type-simple"},"_links":{"self":[{"href":"https:\/\/ceoparts.com\/fr\/wp-json\/wp\/v2\/product\/14137","targetHints":{"allow":["GET"]}}],"collection":[{"href":"https:\/\/ceoparts.com\/fr\/wp-json\/wp\/v2\/product"}],"about":[{"href":"https:\/\/ceoparts.com\/fr\/wp-json\/wp\/v2\/types\/product"}],"wp:featuredmedia":[{"embeddable":true,"href":"https:\/\/ceoparts.com\/fr\/wp-json\/wp\/v2\/media\/14139"}],"wp:attachment":[{"href":"https:\/\/ceoparts.com\/fr\/wp-json\/wp\/v2\/media?parent=14137"}],"wp:term":[{"taxonomy":"product_brand","embeddable":true,"href":"https:\/\/ceoparts.com\/fr\/wp-json\/wp\/v2\/product_brand?post=14137"},{"taxonomy":"product_cat","embeddable":true,"href":"https:\/\/ceoparts.com\/fr\/wp-json\/wp\/v2\/product_cat?post=14137"},{"taxonomy":"product_tag","embeddable":true,"href":"https:\/\/ceoparts.com\/fr\/wp-json\/wp\/v2\/product_tag?post=14137"}],"curies":[{"name":"wp","href":"https:\/\/api.w.org\/{rel}","templated":true}]}}