{"id":14142,"date":"2025-02-10T14:32:43","date_gmt":"2025-02-10T11:32:43","guid":{"rendered":"https:\/\/ceoparts.com\/?post_type=product&#038;p=14142"},"modified":"2026-05-16T18:35:12","modified_gmt":"2026-05-16T15:35:12","slug":"kontak-anahtari-linde-503-2-kademeli","status":"publish","type":"product","link":"https:\/\/ceoparts.com\/fr\/urun\/kontak-anahtari-linde-503-2-kademeli\/","title":{"rendered":"Cl\u00e9 de contact Linde 503 \u00e0 2 niveaux"},"content":{"rendered":"<p>Cl\u00e9 de contact Linde 503 \u00e0 2 niveaux<\/p>","protected":false},"excerpt":{"rendered":"<p data-start=\"133\" data-end=\"350\"><br data-start=\"1666\" data-end=\"1669\" \/>L&#8217;interrupteur d&#8217;allumage \u00e0 2 \u00e9tages est sp\u00e9cialement con\u00e7u pour les mod\u00e8les de chariots \u00e9l\u00e9vateurs Linde 503, garantissant un fonctionnement s\u00fbr et contr\u00f4l\u00e9 du v\u00e9hicule. Sa construction robuste et ses mat\u00e9riaux de qualit\u00e9 assurent une longue dur\u00e9e de vie.<\/p>\n<p data-start=\"1927\" data-end=\"2254\"><strong data-start=\"1927\" data-end=\"1949\">Caract\u00e9ristiques :<\/strong><br data-start=\"1949\" data-end=\"1952\" \/><strong data-start=\"1952\" data-end=\"1972\">Nom du produit :<\/strong> Interrupteur d&#8217;allumage Linde 503 2 \u00e9tages<br data-start=\"2015\" data-end=\"2018\" \/><strong data-start=\"2018\" data-end=\"2033\">R\u00e9f\u00e9rence :<\/strong> \u2013<br data-start=\"2035\" data-end=\"2038\" \/><strong data-start=\"2038\" data-end=\"2052\">Mat\u00e9riau :<\/strong> Composants robustes en m\u00e9tal et plastique<br data-start=\"2094\" data-end=\"2097\" \/><strong data-start=\"2097\" data-end=\"2123\">Domaine d&#8217;utilisation:<\/strong> Syst\u00e8me d&#8217;allumage pour chariots \u00e9l\u00e9vateurs Linde 503<br data-start=\"2177\" data-end=\"2180\" \/><strong data-start=\"2180\" data-end=\"2193\">Avantage:<\/strong> Contr\u00f4le \u00e0 deux \u00e9tages, fonctionnement s\u00fbr et design durable<\/p>\n<p data-start=\"2256\" data-end=\"2484\">\n","protected":false},"featured_media":14143,"template":"","meta":[],"product_brand":[],"product_cat":[246,469,523],"product_tag":[],"class_list":{"0":"post-14142","1":"product","2":"type-product","3":"status-publish","4":"has-post-thumbnail","6":"product_cat-linde","7":"product_cat-elektrik-ve-sistem-parcalari","8":"product_cat-yedek-parca-linde","10":"first","11":"instock","12":"taxable","13":"shipping-taxable","14":"purchasable","15":"product-type-simple"},"_links":{"self":[{"href":"https:\/\/ceoparts.com\/fr\/wp-json\/wp\/v2\/product\/14142","targetHints":{"allow":["GET"]}}],"collection":[{"href":"https:\/\/ceoparts.com\/fr\/wp-json\/wp\/v2\/product"}],"about":[{"href":"https:\/\/ceoparts.com\/fr\/wp-json\/wp\/v2\/types\/product"}],"wp:featuredmedia":[{"embeddable":true,"href":"https:\/\/ceoparts.com\/fr\/wp-json\/wp\/v2\/media\/14143"}],"wp:attachment":[{"href":"https:\/\/ceoparts.com\/fr\/wp-json\/wp\/v2\/media?parent=14142"}],"wp:term":[{"taxonomy":"product_brand","embeddable":true,"href":"https:\/\/ceoparts.com\/fr\/wp-json\/wp\/v2\/product_brand?post=14142"},{"taxonomy":"product_cat","embeddable":true,"href":"https:\/\/ceoparts.com\/fr\/wp-json\/wp\/v2\/product_cat?post=14142"},{"taxonomy":"product_tag","embeddable":true,"href":"https:\/\/ceoparts.com\/fr\/wp-json\/wp\/v2\/product_tag?post=14142"}],"curies":[{"name":"wp","href":"https:\/\/api.w.org\/{rel}","templated":true}]}}