{"id":14146,"date":"2025-02-10T14:43:18","date_gmt":"2025-02-10T11:43:18","guid":{"rendered":"https:\/\/ceoparts.com\/?post_type=product&#038;p=14146"},"modified":"2026-05-16T15:13:55","modified_gmt":"2026-05-16T12:13:55","slug":"kontak-anahtari-daewoo-7-soket","status":"publish","type":"product","link":"https:\/\/ceoparts.com\/fr\/urun\/kontak-anahtari-daewoo-7-soket\/","title":{"rendered":"Cl\u00e9 de contact Daewoo 7 prises"},"content":{"rendered":"<p>Cl\u00e9 de contact Daewoo 7 prises<\/p>","protected":false},"excerpt":{"rendered":"<p data-start=\"121\" data-end=\"301\"><br data-start=\"1517\" data-end=\"1520\" \/>L&#8217;interrupteur \u00e0 cl\u00e9 7 broches est con\u00e7u pour les chariots \u00e9l\u00e9vateurs Daewoo, garantissant un fonctionnement s\u00fbr et ininterrompu du v\u00e9hicule. Fabriqu\u00e9 avec des mat\u00e9riaux durables pour une longue dur\u00e9e de vie.<\/p>\n<p data-start=\"1730\" data-end=\"2048\"><strong data-start=\"1730\" data-end=\"1752\">Caract\u00e9ristiques :<\/strong><br data-start=\"1752\" data-end=\"1755\" \/><strong data-start=\"1755\" data-end=\"1775\">Nom du produit :<\/strong> Interrupteur \u00e0 cl\u00e9 7 broches Daewoo<br data-start=\"1811\" data-end=\"1814\" \/><strong data-start=\"1814\" data-end=\"1829\">R\u00e9f\u00e9rence :<\/strong> \u2013<br data-start=\"1831\" data-end=\"1834\" \/><strong data-start=\"1834\" data-end=\"1848\">Mat\u00e9riau :<\/strong> Composants m\u00e9talliques et plastiques durables<br data-start=\"1894\" data-end=\"1897\" \/><strong data-start=\"1897\" data-end=\"1923\">Domaine d&#8217;utilisation:<\/strong> Syst\u00e8me d&#8217;allumage pour chariots \u00e9l\u00e9vateurs Daewoo<br data-start=\"1974\" data-end=\"1977\" \/><strong data-start=\"1977\" data-end=\"1990\">Avantage:<\/strong> Fonctionnement s\u00fbr, design robuste et installation facile<\/p>\n<p data-start=\"2050\" data-end=\"2238\">\n","protected":false},"featured_media":14147,"template":"","meta":[],"product_brand":[],"product_cat":[469],"product_tag":[],"class_list":{"0":"post-14146","1":"product","2":"type-product","3":"status-publish","4":"has-post-thumbnail","6":"product_cat-elektrik-ve-sistem-parcalari","8":"first","9":"instock","10":"taxable","11":"shipping-taxable","12":"purchasable","13":"product-type-simple"},"_links":{"self":[{"href":"https:\/\/ceoparts.com\/fr\/wp-json\/wp\/v2\/product\/14146","targetHints":{"allow":["GET"]}}],"collection":[{"href":"https:\/\/ceoparts.com\/fr\/wp-json\/wp\/v2\/product"}],"about":[{"href":"https:\/\/ceoparts.com\/fr\/wp-json\/wp\/v2\/types\/product"}],"wp:featuredmedia":[{"embeddable":true,"href":"https:\/\/ceoparts.com\/fr\/wp-json\/wp\/v2\/media\/14147"}],"wp:attachment":[{"href":"https:\/\/ceoparts.com\/fr\/wp-json\/wp\/v2\/media?parent=14146"}],"wp:term":[{"taxonomy":"product_brand","embeddable":true,"href":"https:\/\/ceoparts.com\/fr\/wp-json\/wp\/v2\/product_brand?post=14146"},{"taxonomy":"product_cat","embeddable":true,"href":"https:\/\/ceoparts.com\/fr\/wp-json\/wp\/v2\/product_cat?post=14146"},{"taxonomy":"product_tag","embeddable":true,"href":"https:\/\/ceoparts.com\/fr\/wp-json\/wp\/v2\/product_tag?post=14146"}],"curies":[{"name":"wp","href":"https:\/\/api.w.org\/{rel}","templated":true}]}}