{"id":14150,"date":"2025-02-10T15:01:31","date_gmt":"2025-02-10T12:01:31","guid":{"rendered":"https:\/\/ceoparts.com\/?post_type=product&#038;p=14150"},"modified":"2026-05-16T22:12:08","modified_gmt":"2026-05-16T19:12:08","slug":"kontak-anahtari-komatsu-t-16-6-soket-3eb-55-51120","status":"publish","type":"product","link":"https:\/\/ceoparts.com\/fr\/urun\/kontak-anahtari-komatsu-t-16-6-soket-3eb-55-51120\/","title":{"rendered":"Kontak Anahtar\u0131 KOMATSU T-16 6 Soket &#8211; 3EB-55-51120"},"content":{"rendered":"<p><\/p>\n<p><\/p>\n<ul>\n<li>KOMATSU FD20<\/li>\n<li>KOMATSU30-16<\/li>\n<li>KOMATSU 17\/20<\/li>\n<\/ul>\n<p><\/p>","protected":false},"excerpt":{"rendered":"<p data-start=\"148\" data-end=\"353\"><br data-start=\"1661\" data-end=\"1664\" \/>L&#8217;interrupteur \u00e0 cl\u00e9 6 broches est sp\u00e9cialement con\u00e7u pour les mod\u00e8les de chariots \u00e9l\u00e9vateurs Komatsu T-16, garantissant un fonctionnement s\u00fbr et fluide du v\u00e9hicule. Fabriqu\u00e9 avec des mat\u00e9riaux durables pour une longue dur\u00e9e de vie.<\/p>\n<p data-start=\"1898\" data-end=\"2237\"><strong data-start=\"1898\" data-end=\"1920\">Caract\u00e9ristiques :<\/strong><br data-start=\"1920\" data-end=\"1923\" \/><strong data-start=\"1923\" data-end=\"1943\">Nom du produit :<\/strong> Interrupteur \u00e0 cl\u00e9 6 broches Komatsu T-16<br data-start=\"1985\" data-end=\"1988\" \/><strong data-start=\"1988\" data-end=\"2003\">R\u00e9f\u00e9rence :<\/strong> 3EB-55-51120<br data-start=\"2016\" data-end=\"2019\" \/><strong data-start=\"2019\" data-end=\"2033\">Mat\u00e9riau :<\/strong> Composants m\u00e9talliques et plastiques durables<br data-start=\"2079\" data-end=\"2082\" \/><strong data-start=\"2082\" data-end=\"2108\">Domaine d&#8217;utilisation:<\/strong> Syst\u00e8me d&#8217;allumage pour chariots \u00e9l\u00e9vateurs Komatsu T-16<br data-start=\"2165\" data-end=\"2168\" \/><strong data-start=\"2168\" data-end=\"2181\">Avantage:<\/strong> Utilisation s\u00fbre, design robuste et installation facile<\/p>\n<p data-start=\"2239\" data-end=\"2449\">\n","protected":false},"featured_media":14151,"template":"","meta":[],"product_brand":[],"product_cat":[469],"product_tag":[],"class_list":{"0":"post-14150","1":"product","2":"type-product","3":"status-publish","4":"has-post-thumbnail","6":"product_cat-elektrik-ve-sistem-parcalari","8":"first","9":"instock","10":"taxable","11":"shipping-taxable","12":"purchasable","13":"product-type-simple"},"_links":{"self":[{"href":"https:\/\/ceoparts.com\/fr\/wp-json\/wp\/v2\/product\/14150","targetHints":{"allow":["GET"]}}],"collection":[{"href":"https:\/\/ceoparts.com\/fr\/wp-json\/wp\/v2\/product"}],"about":[{"href":"https:\/\/ceoparts.com\/fr\/wp-json\/wp\/v2\/types\/product"}],"wp:featuredmedia":[{"embeddable":true,"href":"https:\/\/ceoparts.com\/fr\/wp-json\/wp\/v2\/media\/14151"}],"wp:attachment":[{"href":"https:\/\/ceoparts.com\/fr\/wp-json\/wp\/v2\/media?parent=14150"}],"wp:term":[{"taxonomy":"product_brand","embeddable":true,"href":"https:\/\/ceoparts.com\/fr\/wp-json\/wp\/v2\/product_brand?post=14150"},{"taxonomy":"product_cat","embeddable":true,"href":"https:\/\/ceoparts.com\/fr\/wp-json\/wp\/v2\/product_cat?post=14150"},{"taxonomy":"product_tag","embeddable":true,"href":"https:\/\/ceoparts.com\/fr\/wp-json\/wp\/v2\/product_tag?post=14150"}],"curies":[{"name":"wp","href":"https:\/\/api.w.org\/{rel}","templated":true}]}}