{"id":14154,"date":"2025-02-10T15:33:14","date_gmt":"2025-02-10T12:33:14","guid":{"rendered":"https:\/\/ceoparts.com\/?post_type=product&#038;p=14154"},"modified":"2026-05-16T15:08:37","modified_gmt":"2026-05-16T12:08:37","slug":"kontak-anahtari-hangcha-fd20-30-mitsubishi-federal-jk406c","status":"publish","type":"product","link":"https:\/\/ceoparts.com\/fr\/urun\/kontak-anahtari-hangcha-fd20-30-mitsubishi-federal-jk406c\/","title":{"rendered":"Cl\u00e9 de contact Hangcha FD20-30 Mitsubishi \/ Federal &#8211; JK406C"},"content":{"rendered":"<p>Cl\u00e9 de contact Hangcha FD20-30 Mitsubishi \/ Federal &#8211; JK406C<\/p>","protected":false},"excerpt":{"rendered":"<p data-start=\"183\" data-end=\"415\"><br data-start=\"1937\" data-end=\"1940\" \/>L&#8217;interrupteur d&#8217;allumage JK406C est sp\u00e9cialement con\u00e7u pour les mod\u00e8les de chariots \u00e9l\u00e9vateurs Hangcha FD20-30 Mitsubishi et Federal, garantissant un fonctionnement s\u00fbr et fluide du v\u00e9hicule. Fabriqu\u00e9 avec des mat\u00e9riaux durables et un savoir-faire de qualit\u00e9 pour une longue dur\u00e9e de vie.<\/p>\n<p data-start=\"2231\" data-end=\"2610\"><strong data-start=\"2231\" data-end=\"2253\">Caract\u00e9ristiques :<\/strong><br data-start=\"2253\" data-end=\"2256\" \/><strong data-start=\"2256\" data-end=\"2276\">Nom du produit :<\/strong> Interrupteur d&#8217;allumage Hangcha FD20-30 Mitsubishi \/ Federal<br data-start=\"2337\" data-end=\"2340\" \/><strong data-start=\"2340\" data-end=\"2355\">R\u00e9f\u00e9rence :<\/strong> JK406C<br data-start=\"2362\" data-end=\"2365\" \/><strong data-start=\"2365\" data-end=\"2379\">Mat\u00e9riau :<\/strong> Composants m\u00e9talliques et plastiques durables<br data-start=\"2425\" data-end=\"2428\" \/><strong data-start=\"2428\" data-end=\"2454\">Domaine d&#8217;utilisation:<\/strong> Syst\u00e8me d&#8217;allumage pour chariots \u00e9l\u00e9vateurs Hangcha FD20-30 Mitsubishi et Federal<br data-start=\"2536\" data-end=\"2539\" \/><strong data-start=\"2539\" data-end=\"2552\">Avantage:<\/strong> Fonctionnement s\u00fbr, design durable et installation facile<\/p>\n<p data-start=\"2612\" data-end=\"2867\">\n","protected":false},"featured_media":14155,"template":"","meta":[],"product_brand":[],"product_cat":[469],"product_tag":[],"class_list":{"0":"post-14154","1":"product","2":"type-product","3":"status-publish","4":"has-post-thumbnail","6":"product_cat-elektrik-ve-sistem-parcalari","8":"first","9":"instock","10":"taxable","11":"shipping-taxable","12":"purchasable","13":"product-type-simple"},"_links":{"self":[{"href":"https:\/\/ceoparts.com\/fr\/wp-json\/wp\/v2\/product\/14154","targetHints":{"allow":["GET"]}}],"collection":[{"href":"https:\/\/ceoparts.com\/fr\/wp-json\/wp\/v2\/product"}],"about":[{"href":"https:\/\/ceoparts.com\/fr\/wp-json\/wp\/v2\/types\/product"}],"wp:featuredmedia":[{"embeddable":true,"href":"https:\/\/ceoparts.com\/fr\/wp-json\/wp\/v2\/media\/14155"}],"wp:attachment":[{"href":"https:\/\/ceoparts.com\/fr\/wp-json\/wp\/v2\/media?parent=14154"}],"wp:term":[{"taxonomy":"product_brand","embeddable":true,"href":"https:\/\/ceoparts.com\/fr\/wp-json\/wp\/v2\/product_brand?post=14154"},{"taxonomy":"product_cat","embeddable":true,"href":"https:\/\/ceoparts.com\/fr\/wp-json\/wp\/v2\/product_cat?post=14154"},{"taxonomy":"product_tag","embeddable":true,"href":"https:\/\/ceoparts.com\/fr\/wp-json\/wp\/v2\/product_tag?post=14154"}],"curies":[{"name":"wp","href":"https:\/\/api.w.org\/{rel}","templated":true}]}}