{"id":14159,"date":"2025-02-10T15:46:10","date_gmt":"2025-02-10T12:46:10","guid":{"rendered":"https:\/\/ceoparts.com\/?post_type=product&#038;p=14159"},"modified":"2026-05-16T15:02:27","modified_gmt":"2026-05-16T12:02:27","slug":"kontak-anahtari-linde-h12-80-7-soket-0009730212-0009730215-0009730204","status":"publish","type":"product","link":"https:\/\/ceoparts.com\/fr\/urun\/kontak-anahtari-linde-h12-80-7-soket-0009730212-0009730215-0009730204\/","title":{"rendered":"Cl\u00e9 de contact Linde H12-80 7 prises &#8211; 0009730212, 0009730215, 0009730204"},"content":{"rendered":"<p>Cl\u00e9 de contact Linde H12-80 7 prises &#8211; 0009730212, 0009730215, 0009730204<\/p>\n<p>350-01\/02\u00a0 \u00a0Model: H12\/16\/18<br \/>\n350-03 \u00a0\u00a0\u00a0\u00a0\u00a0\u00a0\u00a0\u00a0Model: H12\/16\/18\/20 \u2013 03<br \/>\n351-02\u00a0\u00a0\u00a0\u00a0\u00a0\u00a0 \u00a0\u00a0Model: H20\/25\/30 \u2013 02<br \/>\n351-03\u00a0\u00a0\u00a0\u00a0\u00a0\u00a0 \u00a0\u00a0Model: H20\/25\/30\/35 \u2013 03<br \/>\n351-04\u00a0\u00a0\u00a0\u00a0\u00a0 \u00a0\u00a0\u00a0Model: H25\/30-04<br \/>\n352-03\/04\u00a0 \u00a0Model: H35\/40\/45 \u2013 03\/04<br \/>\n352-04\u00a0\u00a0\u00a0\u00a0\u00a0\u00a0 \u00a0\u00a0Model: H35\/40\/45 \u2013 04<br \/>\n353-01\u00a0\u00a0\u00a0\u00a0\u00a0\u00a0\u00a0 \u00a0Model: H50\/60\/70\/80<\/p>","protected":false},"excerpt":{"rendered":"<p data-start=\"170\" data-end=\"370\"><br data-start=\"1728\" data-end=\"1731\" \/>L&#8217;interrupteur \u00e0 cl\u00e9 7 broches est sp\u00e9cialement con\u00e7u pour les chariots \u00e9l\u00e9vateurs Linde H12-80, garantissant un fonctionnement s\u00fbr du v\u00e9hicule. Fabriqu\u00e9 avec des mat\u00e9riaux de haute qualit\u00e9, il offre une longue dur\u00e9e de vie.<\/p>\n<p data-start=\"1957\" data-end=\"2318\"><strong data-start=\"1957\" data-end=\"1979\">Caract\u00e9ristiques :<\/strong><br data-start=\"1979\" data-end=\"1982\" \/><strong data-start=\"1982\" data-end=\"2002\">Nom du produit :<\/strong> Interrupteur \u00e0 cl\u00e9 7 broches Linde H12-80<br data-start=\"2044\" data-end=\"2047\" \/><strong data-start=\"2047\" data-end=\"2062\">R\u00e9f\u00e9rence :<\/strong> 0009730212, 0009730215, 0009730204<br data-start=\"2097\" data-end=\"2100\" \/><strong data-start=\"2100\" data-end=\"2114\">Mat\u00e9riau :<\/strong> Composants en m\u00e9tal et plastique durables<br data-start=\"2156\" data-end=\"2159\" \/><strong data-start=\"2159\" data-end=\"2185\">Domaine d&#8217;utilisation:<\/strong> Syst\u00e8me d&#8217;allumage pour chariots \u00e9l\u00e9vateurs Linde H12-80<br data-start=\"2242\" data-end=\"2245\" \/><strong data-start=\"2245\" data-end=\"2258\">Avantage:<\/strong> Utilisation s\u00fbre, conception durable et installation facile<\/p>\n<p data-start=\"2320\" data-end=\"2527\">\n","protected":false},"featured_media":14161,"template":"","meta":[],"product_brand":[],"product_cat":[469,523,246],"product_tag":[],"class_list":{"0":"post-14159","1":"product","2":"type-product","3":"status-publish","4":"has-post-thumbnail","6":"product_cat-elektrik-ve-sistem-parcalari","7":"product_cat-yedek-parca-linde","8":"product_cat-linde","10":"first","11":"instock","12":"taxable","13":"shipping-taxable","14":"purchasable","15":"product-type-simple"},"_links":{"self":[{"href":"https:\/\/ceoparts.com\/fr\/wp-json\/wp\/v2\/product\/14159","targetHints":{"allow":["GET"]}}],"collection":[{"href":"https:\/\/ceoparts.com\/fr\/wp-json\/wp\/v2\/product"}],"about":[{"href":"https:\/\/ceoparts.com\/fr\/wp-json\/wp\/v2\/types\/product"}],"wp:featuredmedia":[{"embeddable":true,"href":"https:\/\/ceoparts.com\/fr\/wp-json\/wp\/v2\/media\/14161"}],"wp:attachment":[{"href":"https:\/\/ceoparts.com\/fr\/wp-json\/wp\/v2\/media?parent=14159"}],"wp:term":[{"taxonomy":"product_brand","embeddable":true,"href":"https:\/\/ceoparts.com\/fr\/wp-json\/wp\/v2\/product_brand?post=14159"},{"taxonomy":"product_cat","embeddable":true,"href":"https:\/\/ceoparts.com\/fr\/wp-json\/wp\/v2\/product_cat?post=14159"},{"taxonomy":"product_tag","embeddable":true,"href":"https:\/\/ceoparts.com\/fr\/wp-json\/wp\/v2\/product_tag?post=14159"}],"curies":[{"name":"wp","href":"https:\/\/api.w.org\/{rel}","templated":true}]}}