{"id":14163,"date":"2025-02-10T16:12:58","date_gmt":"2025-02-10T13:12:58","guid":{"rendered":"https:\/\/ceoparts.com\/?post_type=product&#038;p=14163"},"modified":"2026-05-16T11:56:31","modified_gmt":"2026-05-16T08:56:31","slug":"gosterge-paneli-tcm-22n2-40301a-22n52-40801","status":"publish","type":"product","link":"https:\/\/ceoparts.com\/fr\/urun\/gosterge-paneli-tcm-22n2-40301a-22n52-40801\/","title":{"rendered":"G\u00f6sterge Paneli TCM &#8211; 22N2-40301A , 22N52-40801"},"content":{"rendered":"<p class=\"qtranxs-available-languages-message qtranxs-available-languages-message-fr\">D\u00e9sol\u00e9, cet article est seulement disponible en <a href=\"https:\/\/ceoparts.com\/tr\/wp-json\/wp\/v2\/product\/14163\" class=\"qtranxs-available-language-link qtranxs-available-language-link-tr\" title=\"Turkish\">Turkish<\/a>.<\/p>","protected":false},"excerpt":{"rendered":"<p data-start=\"126\" data-end=\"350\"><br data-start=\"1822\" data-end=\"1825\" \/>Le panneau indicateur TCM permet aux op\u00e9rateurs de surveiller facilement les performances et l&#8217;\u00e9tat des chariots \u00e9l\u00e9vateurs et des machines industrielles. Compatible avec les num\u00e9ros de pi\u00e8ce 22N2-40301A et 22N52-40801, il dispose d\u2019un design durable et pr\u00e9cis.<\/p>\n<p data-start=\"2088\" data-end=\"2466\"><strong data-start=\"2088\" data-end=\"2110\">Caract\u00e9ristiques :<\/strong><br data-start=\"2110\" data-end=\"2113\" \/><strong data-start=\"2113\" data-end=\"2133\">Nom du produit :<\/strong> Panneau indicateur TCM<br data-start=\"2156\" data-end=\"2159\" \/><strong data-start=\"2159\" data-end=\"2174\">R\u00e9f\u00e9rence :<\/strong> 22N2-40301A, 22N52-40801<br data-start=\"2199\" data-end=\"2202\" \/><strong data-start=\"2202\" data-end=\"2216\">Mat\u00e9riau :<\/strong> Bo\u00eetier plastique robuste et composants \u00e9lectroniques<br data-start=\"2270\" data-end=\"2273\" \/><strong data-start=\"2273\" data-end=\"2299\">Domaine d&#8217;utilisation:<\/strong> Surveillance des performances et de l\u2019\u00e9tat des chariots \u00e9l\u00e9vateurs et machines industrielles<br data-start=\"2392\" data-end=\"2395\" \/><strong data-start=\"2395\" data-end=\"2408\">Avantage:<\/strong> Haute pr\u00e9cision, design durable et facilit\u00e9 d\u2019utilisation<\/p>\n<p data-start=\"2468\" data-end=\"2705\">\n","protected":false},"featured_media":14165,"template":"","meta":[],"product_brand":[],"product_cat":[431],"product_tag":[],"class_list":{"0":"post-14163","1":"product","2":"type-product","3":"status-publish","4":"has-post-thumbnail","6":"product_cat-ekranlar-ve-kartlar","8":"first","9":"instock","10":"taxable","11":"shipping-taxable","12":"purchasable","13":"product-type-simple"},"_links":{"self":[{"href":"https:\/\/ceoparts.com\/fr\/wp-json\/wp\/v2\/product\/14163","targetHints":{"allow":["GET"]}}],"collection":[{"href":"https:\/\/ceoparts.com\/fr\/wp-json\/wp\/v2\/product"}],"about":[{"href":"https:\/\/ceoparts.com\/fr\/wp-json\/wp\/v2\/types\/product"}],"wp:featuredmedia":[{"embeddable":true,"href":"https:\/\/ceoparts.com\/fr\/wp-json\/wp\/v2\/media\/14165"}],"wp:attachment":[{"href":"https:\/\/ceoparts.com\/fr\/wp-json\/wp\/v2\/media?parent=14163"}],"wp:term":[{"taxonomy":"product_brand","embeddable":true,"href":"https:\/\/ceoparts.com\/fr\/wp-json\/wp\/v2\/product_brand?post=14163"},{"taxonomy":"product_cat","embeddable":true,"href":"https:\/\/ceoparts.com\/fr\/wp-json\/wp\/v2\/product_cat?post=14163"},{"taxonomy":"product_tag","embeddable":true,"href":"https:\/\/ceoparts.com\/fr\/wp-json\/wp\/v2\/product_tag?post=14163"}],"curies":[{"name":"wp","href":"https:\/\/api.w.org\/{rel}","templated":true}]}}