{"id":14208,"date":"2025-02-11T11:14:45","date_gmt":"2025-02-11T08:14:45","guid":{"rendered":"https:\/\/ceoparts.com\/?post_type=product&#038;p=14208"},"modified":"2026-05-16T22:11:50","modified_gmt":"2026-05-16T19:11:50","slug":"albright-sw82-371-kontaktor","status":"publish","type":"product","link":"https:\/\/ceoparts.com\/fr\/urun\/albright-sw82-371-kontaktor\/","title":{"rendered":"Contacteur Albright &#8211; SW82-371"},"content":{"rendered":"<p>Contacteur Albright &#8211; SW82-371<\/p>","protected":false},"excerpt":{"rendered":"<p data-start=\"115\" data-end=\"378\"><br data-start=\"1961\" data-end=\"1964\" \/>Le contacteur Albright SW82-371 est con\u00e7u pour un contr\u00f4le s\u00fbr et rapide des circuits \u00e9lectriques basse et moyenne tension dans les chariots \u00e9l\u00e9vateurs et v\u00e9hicules industriels. Sa construction robuste et ses bornes en cuivre haute conductivit\u00e9 garantissent des performances durables et fiables.<\/p>\n<p data-start=\"2261\" data-end=\"2662\"><strong data-start=\"2261\" data-end=\"2283\">Caract\u00e9ristiques :<\/strong><br data-start=\"2283\" data-end=\"2286\" \/><strong data-start=\"2286\" data-end=\"2306\">Nom du produit :<\/strong> Contacteur Albright SW82-371<br data-start=\"2335\" data-end=\"2338\" \/><strong data-start=\"2338\" data-end=\"2353\">R\u00e9f\u00e9rence :<\/strong> SW82-371<br data-start=\"2362\" data-end=\"2365\" \/><strong data-start=\"2365\" data-end=\"2379\">Mat\u00e9riau :<\/strong> Bornes en cuivre haute conductivit\u00e9 et bo\u00eetier plastique r\u00e9sistant aux chocs<br data-start=\"2456\" data-end=\"2459\" \/><strong data-start=\"2459\" data-end=\"2485\">Domaine d&#8217;utilisation:<\/strong> Circuits \u00e9lectriques basse et moyenne tension de chariots \u00e9l\u00e9vateurs et machines industrielles<br data-start=\"2580\" data-end=\"2583\" \/><strong data-start=\"2583\" data-end=\"2596\">Avantage:<\/strong> Contr\u00f4le s\u00e9curis\u00e9, temps de r\u00e9ponse rapide et longue dur\u00e9e de vie<\/p>\n<p data-start=\"2664\" data-end=\"2938\">\n","protected":false},"featured_media":14209,"template":"","meta":[],"product_brand":[],"product_cat":[462],"product_tag":[],"class_list":{"0":"post-14208","1":"product","2":"type-product","3":"status-publish","4":"has-post-thumbnail","6":"product_cat-kontaktorler","8":"first","9":"instock","10":"taxable","11":"shipping-taxable","12":"purchasable","13":"product-type-simple"},"_links":{"self":[{"href":"https:\/\/ceoparts.com\/fr\/wp-json\/wp\/v2\/product\/14208","targetHints":{"allow":["GET"]}}],"collection":[{"href":"https:\/\/ceoparts.com\/fr\/wp-json\/wp\/v2\/product"}],"about":[{"href":"https:\/\/ceoparts.com\/fr\/wp-json\/wp\/v2\/types\/product"}],"wp:featuredmedia":[{"embeddable":true,"href":"https:\/\/ceoparts.com\/fr\/wp-json\/wp\/v2\/media\/14209"}],"wp:attachment":[{"href":"https:\/\/ceoparts.com\/fr\/wp-json\/wp\/v2\/media?parent=14208"}],"wp:term":[{"taxonomy":"product_brand","embeddable":true,"href":"https:\/\/ceoparts.com\/fr\/wp-json\/wp\/v2\/product_brand?post=14208"},{"taxonomy":"product_cat","embeddable":true,"href":"https:\/\/ceoparts.com\/fr\/wp-json\/wp\/v2\/product_cat?post=14208"},{"taxonomy":"product_tag","embeddable":true,"href":"https:\/\/ceoparts.com\/fr\/wp-json\/wp\/v2\/product_tag?post=14208"}],"curies":[{"name":"wp","href":"https:\/\/api.w.org\/{rel}","templated":true}]}}