{"id":14238,"date":"2025-02-11T11:58:27","date_gmt":"2025-02-11T08:58:27","guid":{"rendered":"https:\/\/ceoparts.com\/?post_type=product&#038;p=14238"},"modified":"2026-05-17T00:20:31","modified_gmt":"2026-05-16T21:20:31","slug":"still-cx20-ana-kontaktoru-7915692551","status":"publish","type":"product","link":"https:\/\/ceoparts.com\/fr\/urun\/still-cx20-ana-kontaktoru-7915692551\/","title":{"rendered":"Contacteur principal Still CX20 &#8211; 7915692551"},"content":{"rendered":"<p>Contacteur principal Still CX20 &#8211; 7915692551<\/p>","protected":false},"excerpt":{"rendered":"<p data-start=\"142\" data-end=\"400\"><br data-start=\"1889\" data-end=\"1892\" \/>Le contacteur principal Still CX20 est con\u00e7u pour garantir le fonctionnement s\u00e9curis\u00e9 et ininterrompu des connexions de circuits principaux dans les chariots \u00e9l\u00e9vateurs et v\u00e9hicules industriels. Sa capacit\u00e9 \u00e9lev\u00e9e et sa structure robuste assurent des performances durables m\u00eame dans des conditions difficiles.<\/p>\n<p data-start=\"2203\" data-end=\"2561\"><strong data-start=\"2203\" data-end=\"2225\">Caract\u00e9ristiques :<\/strong><br data-start=\"2225\" data-end=\"2228\" \/><strong data-start=\"2228\" data-end=\"2248\">Nom du produit :<\/strong> Contacteur Principal Still CX20<br data-start=\"2280\" data-end=\"2283\" \/><strong data-start=\"2283\" data-end=\"2298\">R\u00e9f\u00e9rence :<\/strong> 7915692551<br data-start=\"2309\" data-end=\"2312\" \/><strong data-start=\"2312\" data-end=\"2326\">Mat\u00e9riau :<\/strong> Bornes en cuivre haute conductivit\u00e9 et bo\u00eetier plastique r\u00e9sistant aux chocs<br data-start=\"2403\" data-end=\"2406\" \/><strong data-start=\"2406\" data-end=\"2432\">Domaine d&#8217;utilisation:<\/strong> Circuits principaux de chariots \u00e9l\u00e9vateurs<br data-start=\"2475\" data-end=\"2478\" \/><strong data-start=\"2478\" data-end=\"2491\">Avantage:<\/strong> Haute r\u00e9sistance au courant, contr\u00f4le s\u00e9curis\u00e9 et longue dur\u00e9e de vie<\/p>\n<p data-start=\"2563\" data-end=\"2834\">\n","protected":false},"featured_media":14241,"template":"","meta":[],"product_brand":[],"product_cat":[241,462,524],"product_tag":[],"class_list":{"0":"post-14238","1":"product","2":"type-product","3":"status-publish","4":"has-post-thumbnail","6":"product_cat-still","7":"product_cat-kontaktorler","8":"product_cat-yedek-parca-still","10":"first","11":"instock","12":"taxable","13":"shipping-taxable","14":"purchasable","15":"product-type-simple"},"_links":{"self":[{"href":"https:\/\/ceoparts.com\/fr\/wp-json\/wp\/v2\/product\/14238","targetHints":{"allow":["GET"]}}],"collection":[{"href":"https:\/\/ceoparts.com\/fr\/wp-json\/wp\/v2\/product"}],"about":[{"href":"https:\/\/ceoparts.com\/fr\/wp-json\/wp\/v2\/types\/product"}],"wp:featuredmedia":[{"embeddable":true,"href":"https:\/\/ceoparts.com\/fr\/wp-json\/wp\/v2\/media\/14241"}],"wp:attachment":[{"href":"https:\/\/ceoparts.com\/fr\/wp-json\/wp\/v2\/media?parent=14238"}],"wp:term":[{"taxonomy":"product_brand","embeddable":true,"href":"https:\/\/ceoparts.com\/fr\/wp-json\/wp\/v2\/product_brand?post=14238"},{"taxonomy":"product_cat","embeddable":true,"href":"https:\/\/ceoparts.com\/fr\/wp-json\/wp\/v2\/product_cat?post=14238"},{"taxonomy":"product_tag","embeddable":true,"href":"https:\/\/ceoparts.com\/fr\/wp-json\/wp\/v2\/product_tag?post=14238"}],"curies":[{"name":"wp","href":"https:\/\/api.w.org\/{rel}","templated":true}]}}