{"id":14258,"date":"2025-02-11T14:41:15","date_gmt":"2025-02-11T11:41:15","guid":{"rendered":"https:\/\/ceoparts.com\/?post_type=product&#038;p=14258"},"modified":"2026-05-17T03:50:11","modified_gmt":"2026-05-17T00:50:11","slug":"albright-sw60b-8-48v-kontaktor","status":"publish","type":"product","link":"https:\/\/ceoparts.com\/fr\/urun\/albright-sw60b-8-48v-kontaktor\/","title":{"rendered":"Contacteur Albright SW60B-8 48V"},"content":{"rendered":"<p>Contacteur Albright SW60B-8 48V<\/p>","protected":false},"excerpt":{"rendered":"<p data-start=\"140\" data-end=\"417\"><br data-start=\"2022\" data-end=\"2025\" \/>Le contacteur Albright SW60B-8 48V est con\u00e7u pour assurer le contr\u00f4le rapide et s\u00e9curis\u00e9 des circuits \u00e9lectriques basse tension dans les chariots \u00e9l\u00e9vateurs et les v\u00e9hicules industriels. Sa structure compacte et robuste garantit des performances fiables et durables.<\/p>\n<p data-start=\"2293\" data-end=\"2677\"><strong data-start=\"2293\" data-end=\"2315\">Caract\u00e9ristiques :<\/strong><br data-start=\"2315\" data-end=\"2318\" \/><strong data-start=\"2318\" data-end=\"2338\">Nom du produit :<\/strong> Contacteur Albright SW60B-8 48V<br data-start=\"2370\" data-end=\"2373\" \/><strong data-start=\"2373\" data-end=\"2388\">R\u00e9f\u00e9rence :<\/strong> SW60B-8 48V<br data-start=\"2400\" data-end=\"2403\" \/><strong data-start=\"2403\" data-end=\"2417\">Mat\u00e9riau :<\/strong> Bornes en cuivre haute conductivit\u00e9 et bo\u00eetier plastique r\u00e9sistant aux chocs<br data-start=\"2494\" data-end=\"2497\" \/><strong data-start=\"2497\" data-end=\"2523\">Domaine d&#8217;utilisation:<\/strong> Circuits basse tension de chariots \u00e9l\u00e9vateurs et machines industrielles<br data-start=\"2595\" data-end=\"2598\" \/><strong data-start=\"2598\" data-end=\"2611\">Avantage:<\/strong> Contr\u00f4le s\u00e9curis\u00e9, temps de r\u00e9ponse rapide et longue dur\u00e9e de vie<\/p>\n<p data-start=\"2679\" data-end=\"2932\">\n","protected":false},"featured_media":14260,"template":"","meta":[],"product_brand":[],"product_cat":[462],"product_tag":[],"class_list":{"0":"post-14258","1":"product","2":"type-product","3":"status-publish","4":"has-post-thumbnail","6":"product_cat-kontaktorler","8":"first","9":"instock","10":"taxable","11":"shipping-taxable","12":"purchasable","13":"product-type-simple"},"_links":{"self":[{"href":"https:\/\/ceoparts.com\/fr\/wp-json\/wp\/v2\/product\/14258","targetHints":{"allow":["GET"]}}],"collection":[{"href":"https:\/\/ceoparts.com\/fr\/wp-json\/wp\/v2\/product"}],"about":[{"href":"https:\/\/ceoparts.com\/fr\/wp-json\/wp\/v2\/types\/product"}],"wp:featuredmedia":[{"embeddable":true,"href":"https:\/\/ceoparts.com\/fr\/wp-json\/wp\/v2\/media\/14260"}],"wp:attachment":[{"href":"https:\/\/ceoparts.com\/fr\/wp-json\/wp\/v2\/media?parent=14258"}],"wp:term":[{"taxonomy":"product_brand","embeddable":true,"href":"https:\/\/ceoparts.com\/fr\/wp-json\/wp\/v2\/product_brand?post=14258"},{"taxonomy":"product_cat","embeddable":true,"href":"https:\/\/ceoparts.com\/fr\/wp-json\/wp\/v2\/product_cat?post=14258"},{"taxonomy":"product_tag","embeddable":true,"href":"https:\/\/ceoparts.com\/fr\/wp-json\/wp\/v2\/product_tag?post=14258"}],"curies":[{"name":"wp","href":"https:\/\/api.w.org\/{rel}","templated":true}]}}