{"id":14288,"date":"2025-02-11T16:08:16","date_gmt":"2025-02-11T13:08:16","guid":{"rendered":"https:\/\/ceoparts.com\/?post_type=product&#038;p=14288"},"modified":"2026-05-17T05:01:08","modified_gmt":"2026-05-17T02:01:08","slug":"still-rx-ana-kontaktor-0356162","status":"publish","type":"product","link":"https:\/\/ceoparts.com\/fr\/urun\/still-rx-ana-kontaktor-0356162\/","title":{"rendered":"Still Rx Contacteur principal &#8211; 0356162"},"content":{"rendered":"<p>Still Rx Contacteur principal &#8211; 0356162<\/p>","protected":false},"excerpt":{"rendered":"<p data-start=\"134\" data-end=\"393\"><br data-start=\"1896\" data-end=\"1899\" \/>Le contacteur principal Still Rx est utilis\u00e9 pour garantir le fonctionnement s\u00fbr et continu du circuit \u00e9lectrique dans les chariots \u00e9l\u00e9vateurs et machines industrielles. Sa grande capacit\u00e9 de courant et sa structure robuste assurent des performances durables en conditions exigeantes.<\/p>\n<p data-start=\"2185\" data-end=\"2538\"><strong data-start=\"2185\" data-end=\"2207\">Caract\u00e9ristiques :<\/strong><br data-start=\"2207\" data-end=\"2210\" \/><strong data-start=\"2210\" data-end=\"2230\">Nom du produit :<\/strong> Contacteur Principal Still Rx<br data-start=\"2260\" data-end=\"2263\" \/><strong data-start=\"2263\" data-end=\"2278\">R\u00e9f\u00e9rence :<\/strong> 0356162<br data-start=\"2286\" data-end=\"2289\" \/><strong data-start=\"2289\" data-end=\"2303\">Mat\u00e9riau :<\/strong> Bornes en cuivre haute conductivit\u00e9 et bo\u00eetier plastique r\u00e9sistant aux chocs<br data-start=\"2380\" data-end=\"2383\" \/><strong data-start=\"2383\" data-end=\"2409\">Domaine d&#8217;utilisation:<\/strong> Circuits principaux de chariots \u00e9l\u00e9vateurs<br data-start=\"2452\" data-end=\"2455\" \/><strong data-start=\"2455\" data-end=\"2468\">Avantage:<\/strong> Haute r\u00e9sistance au courant, contr\u00f4le s\u00e9curis\u00e9 et longue dur\u00e9e de vie<\/p>\n<p data-start=\"2540\" data-end=\"2804\">\n","protected":false},"featured_media":14290,"template":"","meta":[],"product_brand":[],"product_cat":[241,462,524],"product_tag":[],"class_list":{"0":"post-14288","1":"product","2":"type-product","3":"status-publish","4":"has-post-thumbnail","6":"product_cat-still","7":"product_cat-kontaktorler","8":"product_cat-yedek-parca-still","10":"first","11":"instock","12":"taxable","13":"shipping-taxable","14":"purchasable","15":"product-type-simple"},"_links":{"self":[{"href":"https:\/\/ceoparts.com\/fr\/wp-json\/wp\/v2\/product\/14288","targetHints":{"allow":["GET"]}}],"collection":[{"href":"https:\/\/ceoparts.com\/fr\/wp-json\/wp\/v2\/product"}],"about":[{"href":"https:\/\/ceoparts.com\/fr\/wp-json\/wp\/v2\/types\/product"}],"wp:featuredmedia":[{"embeddable":true,"href":"https:\/\/ceoparts.com\/fr\/wp-json\/wp\/v2\/media\/14290"}],"wp:attachment":[{"href":"https:\/\/ceoparts.com\/fr\/wp-json\/wp\/v2\/media?parent=14288"}],"wp:term":[{"taxonomy":"product_brand","embeddable":true,"href":"https:\/\/ceoparts.com\/fr\/wp-json\/wp\/v2\/product_brand?post=14288"},{"taxonomy":"product_cat","embeddable":true,"href":"https:\/\/ceoparts.com\/fr\/wp-json\/wp\/v2\/product_cat?post=14288"},{"taxonomy":"product_tag","embeddable":true,"href":"https:\/\/ceoparts.com\/fr\/wp-json\/wp\/v2\/product_tag?post=14288"}],"curies":[{"name":"wp","href":"https:\/\/api.w.org\/{rel}","templated":true}]}}