{"id":14296,"date":"2025-02-11T16:52:41","date_gmt":"2025-02-11T13:52:41","guid":{"rendered":"https:\/\/ceoparts.com\/?post_type=product&#038;p=14296"},"modified":"2026-05-17T03:50:12","modified_gmt":"2026-05-17T00:50:12","slug":"kontaktor-sw60-24v","status":"publish","type":"product","link":"https:\/\/ceoparts.com\/fr\/urun\/kontaktor-sw60-24v\/","title":{"rendered":"Contacteur SW60-24V"},"content":{"rendered":"<p>Contacteur SW60-24V<\/p>","protected":false},"excerpt":{"rendered":"<p data-start=\"104\" data-end=\"357\"><br data-start=\"1892\" data-end=\"1895\" \/>Le contacteur SW60-24V est con\u00e7u pour contr\u00f4ler rapidement et en toute s\u00e9curit\u00e9 les circuits \u00e9lectriques basse tension dans les chariots \u00e9l\u00e9vateurs et v\u00e9hicules industriels. Sa structure compacte et ses contacts performants garantissent des performances fiables et durables.<\/p>\n<p data-start=\"2171\" data-end=\"2540\"><strong data-start=\"2171\" data-end=\"2193\">Caract\u00e9ristiques :<\/strong><br data-start=\"2193\" data-end=\"2196\" \/><strong data-start=\"2196\" data-end=\"2216\">Nom du produit :<\/strong> Contacteur SW60-24V<br data-start=\"2236\" data-end=\"2239\" \/><strong data-start=\"2239\" data-end=\"2254\">R\u00e9f\u00e9rence :<\/strong> SW60-24V<br data-start=\"2263\" data-end=\"2266\" \/><strong data-start=\"2266\" data-end=\"2280\">Mat\u00e9riau :<\/strong> Bornes en cuivre haute conductivit\u00e9 et bo\u00eetier plastique r\u00e9sistant aux chocs<br data-start=\"2357\" data-end=\"2360\" \/><strong data-start=\"2360\" data-end=\"2386\">Domaine d&#8217;utilisation:<\/strong> Circuits basse tension de chariots \u00e9l\u00e9vateurs et machines industrielles<br data-start=\"2458\" data-end=\"2461\" \/><strong data-start=\"2461\" data-end=\"2474\">Avantage:<\/strong> Contr\u00f4le s\u00e9curis\u00e9, temps de r\u00e9ponse rapide et longue dur\u00e9e de vie<\/p>\n<p data-start=\"2542\" data-end=\"2802\">\n","protected":false},"featured_media":14298,"template":"","meta":[],"product_brand":[],"product_cat":[462],"product_tag":[],"class_list":{"0":"post-14296","1":"product","2":"type-product","3":"status-publish","4":"has-post-thumbnail","6":"product_cat-kontaktorler","8":"first","9":"instock","10":"taxable","11":"shipping-taxable","12":"purchasable","13":"product-type-simple"},"_links":{"self":[{"href":"https:\/\/ceoparts.com\/fr\/wp-json\/wp\/v2\/product\/14296","targetHints":{"allow":["GET"]}}],"collection":[{"href":"https:\/\/ceoparts.com\/fr\/wp-json\/wp\/v2\/product"}],"about":[{"href":"https:\/\/ceoparts.com\/fr\/wp-json\/wp\/v2\/types\/product"}],"wp:featuredmedia":[{"embeddable":true,"href":"https:\/\/ceoparts.com\/fr\/wp-json\/wp\/v2\/media\/14298"}],"wp:attachment":[{"href":"https:\/\/ceoparts.com\/fr\/wp-json\/wp\/v2\/media?parent=14296"}],"wp:term":[{"taxonomy":"product_brand","embeddable":true,"href":"https:\/\/ceoparts.com\/fr\/wp-json\/wp\/v2\/product_brand?post=14296"},{"taxonomy":"product_cat","embeddable":true,"href":"https:\/\/ceoparts.com\/fr\/wp-json\/wp\/v2\/product_cat?post=14296"},{"taxonomy":"product_tag","embeddable":true,"href":"https:\/\/ceoparts.com\/fr\/wp-json\/wp\/v2\/product_tag?post=14296"}],"curies":[{"name":"wp","href":"https:\/\/api.w.org\/{rel}","templated":true}]}}