{"id":14304,"date":"2025-02-11T17:03:17","date_gmt":"2025-02-11T14:03:17","guid":{"rendered":"https:\/\/ceoparts.com\/?post_type=product&#038;p=14304"},"modified":"2026-05-17T02:45:05","modified_gmt":"2026-05-16T23:45:05","slug":"kontaktor-200a-48v","status":"publish","type":"product","link":"https:\/\/ceoparts.com\/fr\/urun\/kontaktor-200a-48v\/","title":{"rendered":"Contacteur 200A-48V"},"content":{"rendered":"<p>Contacteur 200A-48V<\/p>","protected":false},"excerpt":{"rendered":"<p data-start=\"112\" data-end=\"357\"><br data-start=\"1835\" data-end=\"1838\" \/>Le contacteur 200A-48V est con\u00e7u pour assurer le contr\u00f4le rapide et s\u00e9curis\u00e9 des circuits \u00e9lectriques dans les chariots \u00e9l\u00e9vateurs et les v\u00e9hicules industriels. Sa capacit\u00e9 \u00e9lev\u00e9e et sa structure robuste garantissent des performances fiables et durables.<\/p>\n<p data-start=\"2094\" data-end=\"2462\"><strong data-start=\"2094\" data-end=\"2116\">Caract\u00e9ristiques :<\/strong><br data-start=\"2116\" data-end=\"2119\" \/><strong data-start=\"2119\" data-end=\"2139\">Nom du produit :<\/strong> Contacteur 200A-48V<br data-start=\"2159\" data-end=\"2162\" \/><strong data-start=\"2162\" data-end=\"2177\">R\u00e9f\u00e9rence :<\/strong> 200A-48V<br data-start=\"2186\" data-end=\"2189\" \/><strong data-start=\"2189\" data-end=\"2203\">Mat\u00e9riau :<\/strong> Bornes en cuivre haute conductivit\u00e9 et bo\u00eetier plastique r\u00e9sistant aux chocs<br data-start=\"2280\" data-end=\"2283\" \/><strong data-start=\"2283\" data-end=\"2309\">Domaine d&#8217;utilisation:<\/strong> Circuits \u00e9lectriques de chariots \u00e9l\u00e9vateurs et v\u00e9hicules industriels<br data-start=\"2378\" data-end=\"2381\" \/><strong data-start=\"2381\" data-end=\"2394\">Avantage:<\/strong> Haute r\u00e9sistance au courant, contr\u00f4le rapide et longue dur\u00e9e de vie<\/p>\n<p data-start=\"2464\" data-end=\"2693\">\n","protected":false},"featured_media":14305,"template":"","meta":[],"product_brand":[],"product_cat":[462],"product_tag":[],"class_list":{"0":"post-14304","1":"product","2":"type-product","3":"status-publish","4":"has-post-thumbnail","6":"product_cat-kontaktorler","8":"first","9":"instock","10":"taxable","11":"shipping-taxable","12":"purchasable","13":"product-type-simple"},"_links":{"self":[{"href":"https:\/\/ceoparts.com\/fr\/wp-json\/wp\/v2\/product\/14304","targetHints":{"allow":["GET"]}}],"collection":[{"href":"https:\/\/ceoparts.com\/fr\/wp-json\/wp\/v2\/product"}],"about":[{"href":"https:\/\/ceoparts.com\/fr\/wp-json\/wp\/v2\/types\/product"}],"wp:featuredmedia":[{"embeddable":true,"href":"https:\/\/ceoparts.com\/fr\/wp-json\/wp\/v2\/media\/14305"}],"wp:attachment":[{"href":"https:\/\/ceoparts.com\/fr\/wp-json\/wp\/v2\/media?parent=14304"}],"wp:term":[{"taxonomy":"product_brand","embeddable":true,"href":"https:\/\/ceoparts.com\/fr\/wp-json\/wp\/v2\/product_brand?post=14304"},{"taxonomy":"product_cat","embeddable":true,"href":"https:\/\/ceoparts.com\/fr\/wp-json\/wp\/v2\/product_cat?post=14304"},{"taxonomy":"product_tag","embeddable":true,"href":"https:\/\/ceoparts.com\/fr\/wp-json\/wp\/v2\/product_tag?post=14304"}],"curies":[{"name":"wp","href":"https:\/\/api.w.org\/{rel}","templated":true}]}}