{"id":14320,"date":"2025-02-11T17:13:46","date_gmt":"2025-02-11T14:13:46","guid":{"rendered":"https:\/\/ceoparts.com\/?post_type=product&#038;p=14320"},"modified":"2026-05-17T00:40:31","modified_gmt":"2026-05-16T21:40:31","slug":"albright-kontaktor-dc88-1-24v","status":"publish","type":"product","link":"https:\/\/ceoparts.com\/fr\/urun\/albright-kontaktor-dc88-1-24v\/","title":{"rendered":"Contacteur Albright \u2013DC88-1 24V"},"content":{"rendered":"<p>Contacteur Albright \u2013DC88-1 24V<\/p>","protected":false},"excerpt":{"rendered":"<p data-start=\"116\" data-end=\"426\"><br data-start=\"2023\" data-end=\"2026\" \/>Le contacteur Albright DC88-1 24V assure un contr\u00f4le s\u00fbr, rapide et stable des circuits \u00e9lectriques dans les chariots \u00e9l\u00e9vateurs et v\u00e9hicules industriels. Sa capacit\u00e9 \u00e9lev\u00e9e et sa structure robuste offrent des performances fiables et durables. Largement utilis\u00e9 dans les machines et syst\u00e8mes \u00e9lectriques.<\/p>\n<p data-start=\"2332\" data-end=\"2702\"><strong data-start=\"2332\" data-end=\"2354\">Caract\u00e9ristiques :<\/strong><br data-start=\"2354\" data-end=\"2357\" \/><strong data-start=\"2357\" data-end=\"2377\">Nom du produit :<\/strong> Contacteur Albright<br data-start=\"2397\" data-end=\"2400\" \/><strong data-start=\"2400\" data-end=\"2415\">R\u00e9f\u00e9rence :<\/strong> DC88-1 24V<br data-start=\"2426\" data-end=\"2429\" \/><strong data-start=\"2429\" data-end=\"2443\">Mat\u00e9riau :<\/strong> Bornes en cuivre haute conductivit\u00e9 et bo\u00eetier plastique r\u00e9sistant<br data-start=\"2510\" data-end=\"2513\" \/><strong data-start=\"2513\" data-end=\"2539\">Domaine d&#8217;utilisation:<\/strong> Circuits \u00e9lectriques de chariots \u00e9l\u00e9vateurs et v\u00e9hicules industriels<br data-start=\"2608\" data-end=\"2611\" \/><strong data-start=\"2611\" data-end=\"2624\">Avantage:<\/strong> Haute r\u00e9sistance au courant, contr\u00f4le s\u00fbr des circuits et longue dur\u00e9e de vie<\/p>\n<p data-start=\"2704\" data-end=\"3031\">\n","protected":false},"featured_media":14322,"template":"","meta":[],"product_brand":[],"product_cat":[462],"product_tag":[],"class_list":{"0":"post-14320","1":"product","2":"type-product","3":"status-publish","4":"has-post-thumbnail","6":"product_cat-kontaktorler","8":"first","9":"instock","10":"taxable","11":"shipping-taxable","12":"purchasable","13":"product-type-simple"},"_links":{"self":[{"href":"https:\/\/ceoparts.com\/fr\/wp-json\/wp\/v2\/product\/14320","targetHints":{"allow":["GET"]}}],"collection":[{"href":"https:\/\/ceoparts.com\/fr\/wp-json\/wp\/v2\/product"}],"about":[{"href":"https:\/\/ceoparts.com\/fr\/wp-json\/wp\/v2\/types\/product"}],"wp:featuredmedia":[{"embeddable":true,"href":"https:\/\/ceoparts.com\/fr\/wp-json\/wp\/v2\/media\/14322"}],"wp:attachment":[{"href":"https:\/\/ceoparts.com\/fr\/wp-json\/wp\/v2\/media?parent=14320"}],"wp:term":[{"taxonomy":"product_brand","embeddable":true,"href":"https:\/\/ceoparts.com\/fr\/wp-json\/wp\/v2\/product_brand?post=14320"},{"taxonomy":"product_cat","embeddable":true,"href":"https:\/\/ceoparts.com\/fr\/wp-json\/wp\/v2\/product_cat?post=14320"},{"taxonomy":"product_tag","embeddable":true,"href":"https:\/\/ceoparts.com\/fr\/wp-json\/wp\/v2\/product_tag?post=14320"}],"curies":[{"name":"wp","href":"https:\/\/api.w.org\/{rel}","templated":true}]}}