{"id":14329,"date":"2025-02-11T17:31:36","date_gmt":"2025-02-11T14:31:36","guid":{"rendered":"https:\/\/ceoparts.com\/?post_type=product&#038;p=14329"},"modified":"2026-05-16T23:41:56","modified_gmt":"2026-05-16T20:41:56","slug":"jungheinrich-acil-stop-kontaktoru-butonu-4315146-4963037","status":"publish","type":"product","link":"https:\/\/ceoparts.com\/fr\/urun\/jungheinrich-acil-stop-kontaktoru-butonu-4315146-4963037\/","title":{"rendered":"Contacteur d&#8217;arr\u00eat d&#8217;urgence Jungheinrich \/ Bouton &#8211; 4315146, 4963037"},"content":{"rendered":"<p>Contacteur d&#8217;arr\u00eat d&#8217;urgence Jungheinrich \/ Bouton &#8211; 4315146, 4963037<\/p>","protected":false},"excerpt":{"rendered":"<p data-start=\"177\" data-end=\"462\"><br data-start=\"2119\" data-end=\"2122\" \/>Le contacteur \/ bouton d&#8217;arr\u00eat d&#8217;urgence Jungheinrich est con\u00e7u pour arr\u00eater rapidement et en toute s\u00e9curit\u00e9 les syst\u00e8mes des chariots \u00e9l\u00e9vateurs et des machines industrielles en cas d&#8217;urgence. Sa structure robuste et son design ergonomique facilitent les interventions d&#8217;urgence et renforcent la s\u00e9curit\u00e9 sur le lieu de travail.<\/p>\n<p data-start=\"2453\" data-end=\"2872\"><strong data-start=\"2453\" data-end=\"2475\">Caract\u00e9ristiques :<\/strong><br data-start=\"2475\" data-end=\"2478\" \/><strong data-start=\"2478\" data-end=\"2498\">Nom du produit :<\/strong> Contacteur \/ bouton d&#8217;arr\u00eat d&#8217;urgence Jungheinrich<br data-start=\"2549\" data-end=\"2552\" \/><strong data-start=\"2552\" data-end=\"2567\">R\u00e9f\u00e9rence :<\/strong> 4315146, 4963037<br data-start=\"2584\" data-end=\"2587\" \/><strong data-start=\"2587\" data-end=\"2601\">Mat\u00e9riau :<\/strong> Plastique r\u00e9sistant aux chocs et syst\u00e8me de contact haute conductivit\u00e9<br data-start=\"2672\" data-end=\"2675\" \/><strong data-start=\"2675\" data-end=\"2701\">Domaine d&#8217;utilisation:<\/strong> Syst\u00e8mes d&#8217;arr\u00eat d&#8217;urgence pour chariots \u00e9l\u00e9vateurs et machines industrielles<br data-start=\"2779\" data-end=\"2782\" \/><strong data-start=\"2782\" data-end=\"2795\">Avantage:<\/strong> R\u00e9action rapide, structure solide et acc\u00e8s facile pour une s\u00e9curit\u00e9 maximale<\/p>\n<p data-start=\"2874\" data-end=\"3162\">\n","protected":false},"featured_media":14333,"template":"","meta":[],"product_brand":[],"product_cat":[236,462,522],"product_tag":[],"class_list":{"0":"post-14329","1":"product","2":"type-product","3":"status-publish","4":"has-post-thumbnail","6":"product_cat-jungheinrich","7":"product_cat-kontaktorler","8":"product_cat-yedek-parca-jungheinrich","10":"first","11":"instock","12":"taxable","13":"shipping-taxable","14":"purchasable","15":"product-type-simple"},"_links":{"self":[{"href":"https:\/\/ceoparts.com\/fr\/wp-json\/wp\/v2\/product\/14329","targetHints":{"allow":["GET"]}}],"collection":[{"href":"https:\/\/ceoparts.com\/fr\/wp-json\/wp\/v2\/product"}],"about":[{"href":"https:\/\/ceoparts.com\/fr\/wp-json\/wp\/v2\/types\/product"}],"wp:featuredmedia":[{"embeddable":true,"href":"https:\/\/ceoparts.com\/fr\/wp-json\/wp\/v2\/media\/14333"}],"wp:attachment":[{"href":"https:\/\/ceoparts.com\/fr\/wp-json\/wp\/v2\/media?parent=14329"}],"wp:term":[{"taxonomy":"product_brand","embeddable":true,"href":"https:\/\/ceoparts.com\/fr\/wp-json\/wp\/v2\/product_brand?post=14329"},{"taxonomy":"product_cat","embeddable":true,"href":"https:\/\/ceoparts.com\/fr\/wp-json\/wp\/v2\/product_cat?post=14329"},{"taxonomy":"product_tag","embeddable":true,"href":"https:\/\/ceoparts.com\/fr\/wp-json\/wp\/v2\/product_tag?post=14329"}],"curies":[{"name":"wp","href":"https:\/\/api.w.org\/{rel}","templated":true}]}}