{"id":14337,"date":"2025-02-11T17:41:13","date_gmt":"2025-02-11T14:41:13","guid":{"rendered":"https:\/\/ceoparts.com\/?post_type=product&#038;p=14337"},"modified":"2026-05-03T17:00:04","modified_gmt":"2026-05-03T14:00:04","slug":"albright-kontaktor-ru280b-5166p","status":"publish","type":"product","link":"https:\/\/ceoparts.com\/fr\/urun\/albright-kontaktor-ru280b-5166p\/","title":{"rendered":"Contacteur Albright &#8211; RU280B-5166P"},"content":{"rendered":"<p>Contacteur Albright &#8211; RU280B-5166P<\/p>","protected":false},"excerpt":{"rendered":"<p data-start=\"119\" data-end=\"398\"><br data-start=\"1997\" data-end=\"2000\" \/>Le contacteur Albright RU280B-5166P est con\u00e7u pour assurer le contr\u00f4le rapide et s\u00fbr des circuits \u00e9lectriques dans les chariots \u00e9l\u00e9vateurs et les v\u00e9hicules industriels. Sa capacit\u00e9 \u00e9lev\u00e9e de transport de courant et sa structure robuste garantissent des performances fiables et durables m\u00eame dans des conditions difficiles.<\/p>\n<p data-start=\"2324\" data-end=\"2697\"><strong data-start=\"2324\" data-end=\"2346\">Caract\u00e9ristiques :<\/strong><br data-start=\"2346\" data-end=\"2349\" \/><strong data-start=\"2349\" data-end=\"2369\">Nom du produit :<\/strong> Contacteur Albright<br data-start=\"2389\" data-end=\"2392\" \/><strong data-start=\"2392\" data-end=\"2407\">R\u00e9f\u00e9rence :<\/strong> RU280B-5166P<br data-start=\"2420\" data-end=\"2423\" \/><strong data-start=\"2423\" data-end=\"2437\">Mat\u00e9riau :<\/strong> Bornes en cuivre haute conductivit\u00e9 et bo\u00eetier composite r\u00e9sistant<br data-start=\"2504\" data-end=\"2507\" \/><strong data-start=\"2507\" data-end=\"2533\">Domaine d&#8217;utilisation:<\/strong> Circuits \u00e9lectriques de chariots \u00e9l\u00e9vateurs et v\u00e9hicules industriels<br data-start=\"2602\" data-end=\"2605\" \/><strong data-start=\"2605\" data-end=\"2618\">Avantage:<\/strong> Haute r\u00e9sistance au courant, commutation rapide et utilisation durable et s\u00fbre<\/p>\n<p data-start=\"2699\" data-end=\"2972\">\n","protected":false},"featured_media":14344,"template":"","meta":[],"product_brand":[],"product_cat":[462],"product_tag":[],"class_list":{"0":"post-14337","1":"product","2":"type-product","3":"status-publish","4":"has-post-thumbnail","6":"product_cat-kontaktorler","8":"first","9":"instock","10":"taxable","11":"shipping-taxable","12":"purchasable","13":"product-type-simple"},"_links":{"self":[{"href":"https:\/\/ceoparts.com\/fr\/wp-json\/wp\/v2\/product\/14337","targetHints":{"allow":["GET"]}}],"collection":[{"href":"https:\/\/ceoparts.com\/fr\/wp-json\/wp\/v2\/product"}],"about":[{"href":"https:\/\/ceoparts.com\/fr\/wp-json\/wp\/v2\/types\/product"}],"wp:featuredmedia":[{"embeddable":true,"href":"https:\/\/ceoparts.com\/fr\/wp-json\/wp\/v2\/media\/14344"}],"wp:attachment":[{"href":"https:\/\/ceoparts.com\/fr\/wp-json\/wp\/v2\/media?parent=14337"}],"wp:term":[{"taxonomy":"product_brand","embeddable":true,"href":"https:\/\/ceoparts.com\/fr\/wp-json\/wp\/v2\/product_brand?post=14337"},{"taxonomy":"product_cat","embeddable":true,"href":"https:\/\/ceoparts.com\/fr\/wp-json\/wp\/v2\/product_cat?post=14337"},{"taxonomy":"product_tag","embeddable":true,"href":"https:\/\/ceoparts.com\/fr\/wp-json\/wp\/v2\/product_tag?post=14337"}],"curies":[{"name":"wp","href":"https:\/\/api.w.org\/{rel}","templated":true}]}}