{"id":14347,"date":"2025-02-12T09:24:36","date_gmt":"2025-02-12T06:24:36","guid":{"rendered":"https:\/\/ceoparts.com\/?post_type=product&#038;p=14347"},"modified":"2026-05-16T22:09:35","modified_gmt":"2026-05-16T19:09:35","slug":"jungheinrich-acil-stop-kontaktoru-80v-51212791","status":"publish","type":"product","link":"https:\/\/ceoparts.com\/fr\/urun\/jungheinrich-acil-stop-kontaktoru-80v-51212791\/","title":{"rendered":"Jungheinrich Contacteur d&#8217;arr\u00eat d&#8217;urgence 80V &#8211; 51212791"},"content":{"rendered":"<p>Jungheinrich Contacteur d&#8217;arr\u00eat d&#8217;urgence 80V &#8211; 51212791<\/p>","protected":false},"excerpt":{"rendered":"<p data-start=\"153\" data-end=\"402\"><br data-start=\"2002\" data-end=\"2005\" \/>Le contacteur d&#8217;arr\u00eat d&#8217;urgence Jungheinrich 80V est utilis\u00e9 pour couper rapidement et en toute s\u00e9curit\u00e9 le circuit \u00e9lectrique des chariots \u00e9l\u00e9vateurs et machines industrielles en cas d&#8217;urgence. Sa r\u00e9sistance \u00e9lev\u00e9e \u00e0 la tension et sa structure robuste assurent des performances fiables et durables.<\/p>\n<p data-start=\"2306\" data-end=\"2714\"><strong data-start=\"2306\" data-end=\"2328\">Caract\u00e9ristiques :<\/strong><br data-start=\"2328\" data-end=\"2331\" \/><strong data-start=\"2331\" data-end=\"2351\">Nom du produit :<\/strong> Contacteur d&#8217;arr\u00eat d&#8217;urgence Jungheinrich 80V<br data-start=\"2397\" data-end=\"2400\" \/><strong data-start=\"2400\" data-end=\"2415\">R\u00e9f\u00e9rence :<\/strong> 51212791<br data-start=\"2424\" data-end=\"2427\" \/><strong data-start=\"2427\" data-end=\"2441\">Mat\u00e9riau :<\/strong> Bornes en cuivre haute conductivit\u00e9 et bo\u00eetier r\u00e9sistant aux chocs<br data-start=\"2508\" data-end=\"2511\" \/><strong data-start=\"2511\" data-end=\"2537\">Domaine d&#8217;utilisation:<\/strong> Syst\u00e8mes d&#8217;arr\u00eat d&#8217;urgence pour chariots \u00e9l\u00e9vateurs et machines industrielles<br data-start=\"2615\" data-end=\"2618\" \/><strong data-start=\"2618\" data-end=\"2631\">Avantage:<\/strong> Coupure rapide, forte r\u00e9sistance \u00e0 la tension et environnement de travail s\u00e9curis\u00e9<\/p>\n<p data-start=\"2716\" data-end=\"3006\">\n","protected":false},"featured_media":14348,"template":"","meta":[],"product_brand":[],"product_cat":[236,462,522],"product_tag":[],"class_list":{"0":"post-14347","1":"product","2":"type-product","3":"status-publish","4":"has-post-thumbnail","6":"product_cat-jungheinrich","7":"product_cat-kontaktorler","8":"product_cat-yedek-parca-jungheinrich","10":"first","11":"instock","12":"taxable","13":"shipping-taxable","14":"purchasable","15":"product-type-simple"},"_links":{"self":[{"href":"https:\/\/ceoparts.com\/fr\/wp-json\/wp\/v2\/product\/14347","targetHints":{"allow":["GET"]}}],"collection":[{"href":"https:\/\/ceoparts.com\/fr\/wp-json\/wp\/v2\/product"}],"about":[{"href":"https:\/\/ceoparts.com\/fr\/wp-json\/wp\/v2\/types\/product"}],"wp:featuredmedia":[{"embeddable":true,"href":"https:\/\/ceoparts.com\/fr\/wp-json\/wp\/v2\/media\/14348"}],"wp:attachment":[{"href":"https:\/\/ceoparts.com\/fr\/wp-json\/wp\/v2\/media?parent=14347"}],"wp:term":[{"taxonomy":"product_brand","embeddable":true,"href":"https:\/\/ceoparts.com\/fr\/wp-json\/wp\/v2\/product_brand?post=14347"},{"taxonomy":"product_cat","embeddable":true,"href":"https:\/\/ceoparts.com\/fr\/wp-json\/wp\/v2\/product_cat?post=14347"},{"taxonomy":"product_tag","embeddable":true,"href":"https:\/\/ceoparts.com\/fr\/wp-json\/wp\/v2\/product_tag?post=14347"}],"curies":[{"name":"wp","href":"https:\/\/api.w.org\/{rel}","templated":true}]}}