{"id":14356,"date":"2025-02-12T09:40:49","date_gmt":"2025-02-12T06:40:49","guid":{"rendered":"https:\/\/ceoparts.com\/?post_type=product&#038;p=14356"},"modified":"2026-05-16T19:52:26","modified_gmt":"2026-05-16T16:52:26","slug":"jungheinrich-acil-stop-switch-50020312-5554064","status":"publish","type":"product","link":"https:\/\/ceoparts.com\/fr\/urun\/jungheinrich-acil-stop-switch-50020312-5554064\/","title":{"rendered":"Jungheinrich Interrupteur d&#8217;arr\u00eat d&#8217;urgence &#8211; 50020312, 5554064"},"content":{"rendered":"<p>Jungheinrich Interrupteur d&#8217;arr\u00eat d&#8217;urgence &#8211; 50020312, 5554064<\/p>","protected":false},"excerpt":{"rendered":"<p data-start=\"148\" data-end=\"410\"><br data-start=\"1944\" data-end=\"1947\" \/>L&#8217;interrupteur d&#8217;arr\u00eat d&#8217;urgence Jungheinrich est utilis\u00e9 pour arr\u00eater rapidement et en toute s\u00e9curit\u00e9 le syst\u00e8me des chariots \u00e9l\u00e9vateurs et des machines industrielles en cas d&#8217;urgence. Sa structure r\u00e9sistante et son design facilement accessible renforcent la s\u00e9curit\u00e9 de l\u2019op\u00e9rateur et pr\u00e9viennent les accidents.<\/p>\n<p data-start=\"2262\" data-end=\"2667\"><strong data-start=\"2262\" data-end=\"2284\">Caract\u00e9ristiques :<\/strong><br data-start=\"2284\" data-end=\"2287\" \/><strong data-start=\"2287\" data-end=\"2307\">Nom du produit :<\/strong> Interrupteur d&#8217;arr\u00eat d&#8217;urgence Jungheinrich<br data-start=\"2351\" data-end=\"2354\" \/><strong data-start=\"2354\" data-end=\"2369\">R\u00e9f\u00e9rence :<\/strong> 50020312, 5554064<br data-start=\"2387\" data-end=\"2390\" \/><strong data-start=\"2390\" data-end=\"2404\">Mat\u00e9riau :<\/strong> Plastique r\u00e9sistant aux chocs et syst\u00e8me de contact en m\u00e9tal<br data-start=\"2465\" data-end=\"2468\" \/><strong data-start=\"2468\" data-end=\"2494\">Domaine d&#8217;utilisation:<\/strong> Syst\u00e8mes d&#8217;arr\u00eat d&#8217;urgence pour chariots \u00e9l\u00e9vateurs et machines industrielles<br data-start=\"2572\" data-end=\"2575\" \/><strong data-start=\"2575\" data-end=\"2588\">Avantage:<\/strong> R\u00e9action rapide et conception solide pour une s\u00e9curit\u00e9 maximale de l\u2019op\u00e9rateur<\/p>\n<p data-start=\"2669\" data-end=\"2935\">\n","protected":false},"featured_media":14358,"template":"","meta":[],"product_brand":[],"product_cat":[236,462,522],"product_tag":[],"class_list":{"0":"post-14356","1":"product","2":"type-product","3":"status-publish","4":"has-post-thumbnail","6":"product_cat-jungheinrich","7":"product_cat-kontaktorler","8":"product_cat-yedek-parca-jungheinrich","10":"first","11":"instock","12":"taxable","13":"shipping-taxable","14":"purchasable","15":"product-type-simple"},"_links":{"self":[{"href":"https:\/\/ceoparts.com\/fr\/wp-json\/wp\/v2\/product\/14356","targetHints":{"allow":["GET"]}}],"collection":[{"href":"https:\/\/ceoparts.com\/fr\/wp-json\/wp\/v2\/product"}],"about":[{"href":"https:\/\/ceoparts.com\/fr\/wp-json\/wp\/v2\/types\/product"}],"wp:featuredmedia":[{"embeddable":true,"href":"https:\/\/ceoparts.com\/fr\/wp-json\/wp\/v2\/media\/14358"}],"wp:attachment":[{"href":"https:\/\/ceoparts.com\/fr\/wp-json\/wp\/v2\/media?parent=14356"}],"wp:term":[{"taxonomy":"product_brand","embeddable":true,"href":"https:\/\/ceoparts.com\/fr\/wp-json\/wp\/v2\/product_brand?post=14356"},{"taxonomy":"product_cat","embeddable":true,"href":"https:\/\/ceoparts.com\/fr\/wp-json\/wp\/v2\/product_cat?post=14356"},{"taxonomy":"product_tag","embeddable":true,"href":"https:\/\/ceoparts.com\/fr\/wp-json\/wp\/v2\/product_tag?post=14356"}],"curies":[{"name":"wp","href":"https:\/\/api.w.org\/{rel}","templated":true}]}}