{"id":14364,"date":"2025-02-12T09:45:45","date_gmt":"2025-02-12T06:45:45","guid":{"rendered":"https:\/\/ceoparts.com\/?post_type=product&#038;p=14364"},"modified":"2026-05-16T19:46:50","modified_gmt":"2026-05-16T16:46:50","slug":"kontaktor-sw200-460-80v-400a","status":"publish","type":"product","link":"https:\/\/ceoparts.com\/fr\/urun\/kontaktor-sw200-460-80v-400a\/","title":{"rendered":"Contacteur SW200-460 80V 400A"},"content":{"rendered":"<p>Contacteur SW200-460 80V 400A<\/p>","protected":false},"excerpt":{"rendered":"<p data-start=\"126\" data-end=\"420\"><br data-start=\"2014\" data-end=\"2017\" \/>Le contacteur SW200-460 80V 400A est con\u00e7u pour assurer l\u2019ouverture et la fermeture rapides et s\u00fbres des circuits \u00e9lectriques dans les chariots \u00e9l\u00e9vateurs et les v\u00e9hicules industriels. Sa capacit\u00e9 \u00e9lev\u00e9e en tension et en courant am\u00e9liore la s\u00e9curit\u00e9 des syst\u00e8mes et sa structure robuste garantit une longue dur\u00e9e de vie.<\/p>\n<p data-start=\"2339\" data-end=\"2723\"><strong data-start=\"2339\" data-end=\"2361\">Caract\u00e9ristiques :<\/strong><br data-start=\"2361\" data-end=\"2364\" \/><strong data-start=\"2364\" data-end=\"2384\">Nom du produit :<\/strong> Contacteur SW200-460 80V 400A<br data-start=\"2414\" data-end=\"2417\" \/><strong data-start=\"2417\" data-end=\"2432\">R\u00e9f\u00e9rence :<\/strong> SW200-460<br data-start=\"2442\" data-end=\"2445\" \/><strong data-start=\"2445\" data-end=\"2459\">Mat\u00e9riau :<\/strong> Bornes en cuivre haute conductivit\u00e9 et bo\u00eetier composite r\u00e9sistant<br data-start=\"2526\" data-end=\"2529\" \/><strong data-start=\"2529\" data-end=\"2556\">Domaine d&#8217;utilisation :<\/strong> Circuits \u00e9lectriques de chariots \u00e9l\u00e9vateurs et v\u00e9hicules industriels<br data-start=\"2625\" data-end=\"2628\" \/><strong data-start=\"2628\" data-end=\"2641\">Avantage:<\/strong> Utilisation s\u00fbre et durable avec une grande r\u00e9sistance \u00e0 la tension et au courant<\/p>\n<p data-start=\"2725\" data-end=\"3024\">\n","protected":false},"featured_media":14365,"template":"","meta":[],"product_brand":[],"product_cat":[462],"product_tag":[],"class_list":{"0":"post-14364","1":"product","2":"type-product","3":"status-publish","4":"has-post-thumbnail","6":"product_cat-kontaktorler","8":"first","9":"instock","10":"taxable","11":"shipping-taxable","12":"purchasable","13":"product-type-simple"},"_links":{"self":[{"href":"https:\/\/ceoparts.com\/fr\/wp-json\/wp\/v2\/product\/14364","targetHints":{"allow":["GET"]}}],"collection":[{"href":"https:\/\/ceoparts.com\/fr\/wp-json\/wp\/v2\/product"}],"about":[{"href":"https:\/\/ceoparts.com\/fr\/wp-json\/wp\/v2\/types\/product"}],"wp:featuredmedia":[{"embeddable":true,"href":"https:\/\/ceoparts.com\/fr\/wp-json\/wp\/v2\/media\/14365"}],"wp:attachment":[{"href":"https:\/\/ceoparts.com\/fr\/wp-json\/wp\/v2\/media?parent=14364"}],"wp:term":[{"taxonomy":"product_brand","embeddable":true,"href":"https:\/\/ceoparts.com\/fr\/wp-json\/wp\/v2\/product_brand?post=14364"},{"taxonomy":"product_cat","embeddable":true,"href":"https:\/\/ceoparts.com\/fr\/wp-json\/wp\/v2\/product_cat?post=14364"},{"taxonomy":"product_tag","embeddable":true,"href":"https:\/\/ceoparts.com\/fr\/wp-json\/wp\/v2\/product_tag?post=14364"}],"curies":[{"name":"wp","href":"https:\/\/api.w.org\/{rel}","templated":true}]}}