{"id":14371,"date":"2025-02-12T10:26:53","date_gmt":"2025-02-12T07:26:53","guid":{"rendered":"https:\/\/ceoparts.com\/?post_type=product&#038;p=14371"},"modified":"2026-05-16T17:35:43","modified_gmt":"2026-05-16T14:35:43","slug":"linde-t16-fren-manyetigi-11525047001","status":"publish","type":"product","link":"https:\/\/ceoparts.com\/fr\/urun\/linde-t16-fren-manyetigi-11525047001\/","title":{"rendered":"Linde T16 Aimant de frein &#8211; 11525047001"},"content":{"rendered":"<p>Linde T16 Aimant de frein &#8211; 11525047001<\/p>","protected":false},"excerpt":{"rendered":"<p data-start=\"131\" data-end=\"398\"><br data-start=\"1899\" data-end=\"1902\" \/>L&#8217;aimant de frein Linde T16 est con\u00e7u pour offrir un freinage s\u00fbr et performant dans les syst\u00e8mes de freinage des chariots \u00e9l\u00e9vateurs. Son syst\u00e8me \u00e9lectromagn\u00e9tique puissant et sa structure robuste garantissent des performances durables et fiables, m\u00eame dans des conditions d&#8217;utilisation exigeantes.<\/p>\n<p data-start=\"2203\" data-end=\"2578\"><strong data-start=\"2203\" data-end=\"2225\">Caract\u00e9ristiques :<\/strong><br data-start=\"2225\" data-end=\"2228\" \/><strong data-start=\"2228\" data-end=\"2248\">Nom du produit :<\/strong> Aimant de frein Linde T16<br data-start=\"2274\" data-end=\"2277\" \/><strong data-start=\"2277\" data-end=\"2292\">R\u00e9f\u00e9rence :<\/strong> 11525047001<br data-start=\"2304\" data-end=\"2307\" \/><strong data-start=\"2307\" data-end=\"2321\">Mat\u00e9riau :<\/strong> Corps en m\u00e9tal haute r\u00e9sistance et syst\u00e8me \u00e9lectromagn\u00e9tique<br data-start=\"2382\" data-end=\"2385\" \/><strong data-start=\"2385\" data-end=\"2412\">Domaine d&#8217;utilisation :<\/strong> Syst\u00e8mes de freinage de chariots \u00e9l\u00e9vateurs<br data-start=\"2456\" data-end=\"2459\" \/><strong data-start=\"2459\" data-end=\"2472\">Avantage:<\/strong> Renforce la s\u00e9curit\u00e9 de freinage et r\u00e9duit les besoins de maintenance gr\u00e2ce \u00e0 une forte force magn\u00e9tique.<\/p>\n<p data-start=\"2580\" data-end=\"2855\">\n","protected":false},"featured_media":14387,"template":"","meta":[],"product_brand":[],"product_cat":[246,449,523],"product_tag":[],"class_list":{"0":"post-14371","1":"product","2":"type-product","3":"status-publish","4":"has-post-thumbnail","6":"product_cat-linde","7":"product_cat-fren-sistem-parcalari","8":"product_cat-yedek-parca-linde","10":"first","11":"instock","12":"taxable","13":"shipping-taxable","14":"purchasable","15":"product-type-simple"},"_links":{"self":[{"href":"https:\/\/ceoparts.com\/fr\/wp-json\/wp\/v2\/product\/14371","targetHints":{"allow":["GET"]}}],"collection":[{"href":"https:\/\/ceoparts.com\/fr\/wp-json\/wp\/v2\/product"}],"about":[{"href":"https:\/\/ceoparts.com\/fr\/wp-json\/wp\/v2\/types\/product"}],"wp:featuredmedia":[{"embeddable":true,"href":"https:\/\/ceoparts.com\/fr\/wp-json\/wp\/v2\/media\/14387"}],"wp:attachment":[{"href":"https:\/\/ceoparts.com\/fr\/wp-json\/wp\/v2\/media?parent=14371"}],"wp:term":[{"taxonomy":"product_brand","embeddable":true,"href":"https:\/\/ceoparts.com\/fr\/wp-json\/wp\/v2\/product_brand?post=14371"},{"taxonomy":"product_cat","embeddable":true,"href":"https:\/\/ceoparts.com\/fr\/wp-json\/wp\/v2\/product_cat?post=14371"},{"taxonomy":"product_tag","embeddable":true,"href":"https:\/\/ceoparts.com\/fr\/wp-json\/wp\/v2\/product_tag?post=14371"}],"curies":[{"name":"wp","href":"https:\/\/api.w.org\/{rel}","templated":true}]}}