{"id":14377,"date":"2025-02-12T10:51:43","date_gmt":"2025-02-12T07:51:43","guid":{"rendered":"https:\/\/ceoparts.com\/?post_type=product&#038;p=14377"},"modified":"2026-05-16T14:19:49","modified_gmt":"2026-05-16T11:19:49","slug":"jungheinrich-eje-116-fren-manyetigi-51510812","status":"publish","type":"product","link":"https:\/\/ceoparts.com\/fr\/urun\/jungheinrich-eje-116-fren-manyetigi-51510812\/","title":{"rendered":"Jungheinrich EJE 116 Aimant \u00e9lectromagn\u00e9tique de frein &#8211; 51510812"},"content":{"rendered":"<p>Jungheinrich EJE 116 Aimant \u00e9lectromagn\u00e9tique de frein &#8211; 51510812<\/p>","protected":false},"excerpt":{"rendered":"<p data-start=\"148\" data-end=\"446\"><br data-start=\"2006\" data-end=\"2009\" \/>L&#8217;aimant de frein Jungheinrich EJE 116 est con\u00e7u pour offrir un freinage s\u00fbr et efficace dans les syst\u00e8mes de freinage des chariots \u00e9l\u00e9vateurs. Sa structure robuste et sa forte force d\u2019attraction magn\u00e9tique garantissent des performances durables et fiables. Id\u00e9al pour les environnements logistiques intensifs.<\/p>\n<p data-start=\"2321\" data-end=\"2697\"><strong data-start=\"2321\" data-end=\"2343\">Caract\u00e9ristiques :<\/strong><br data-start=\"2343\" data-end=\"2346\" \/><strong data-start=\"2346\" data-end=\"2366\">Nom du produit :<\/strong> Aimant de frein Jungheinrich EJE 116<br data-start=\"2403\" data-end=\"2406\" \/><strong data-start=\"2406\" data-end=\"2421\">R\u00e9f\u00e9rence :<\/strong> 51510812<br data-start=\"2430\" data-end=\"2433\" \/><strong data-start=\"2433\" data-end=\"2447\">Mat\u00e9riau :<\/strong> Corps en m\u00e9tal r\u00e9sistant et syst\u00e8me \u00e9lectromagn\u00e9tique<br data-start=\"2501\" data-end=\"2504\" \/><strong data-start=\"2504\" data-end=\"2531\">Domaine d&#8217;utilisation :<\/strong> Syst\u00e8mes de freinage de chariots \u00e9l\u00e9vateurs<br data-start=\"2575\" data-end=\"2578\" \/><strong data-start=\"2578\" data-end=\"2591\">Avantage:<\/strong> Renforce la s\u00e9curit\u00e9 de freinage gr\u00e2ce \u00e0 sa puissante force magn\u00e9tique et assure une longue dur\u00e9e de vie.<\/p>\n<p data-start=\"2699\" data-end=\"3004\">\n","protected":false},"featured_media":14386,"template":"","meta":[],"product_brand":[],"product_cat":[236,449,522],"product_tag":[],"class_list":{"0":"post-14377","1":"product","2":"type-product","3":"status-publish","4":"has-post-thumbnail","6":"product_cat-jungheinrich","7":"product_cat-fren-sistem-parcalari","8":"product_cat-yedek-parca-jungheinrich","10":"first","11":"instock","12":"taxable","13":"shipping-taxable","14":"purchasable","15":"product-type-simple"},"_links":{"self":[{"href":"https:\/\/ceoparts.com\/fr\/wp-json\/wp\/v2\/product\/14377","targetHints":{"allow":["GET"]}}],"collection":[{"href":"https:\/\/ceoparts.com\/fr\/wp-json\/wp\/v2\/product"}],"about":[{"href":"https:\/\/ceoparts.com\/fr\/wp-json\/wp\/v2\/types\/product"}],"wp:featuredmedia":[{"embeddable":true,"href":"https:\/\/ceoparts.com\/fr\/wp-json\/wp\/v2\/media\/14386"}],"wp:attachment":[{"href":"https:\/\/ceoparts.com\/fr\/wp-json\/wp\/v2\/media?parent=14377"}],"wp:term":[{"taxonomy":"product_brand","embeddable":true,"href":"https:\/\/ceoparts.com\/fr\/wp-json\/wp\/v2\/product_brand?post=14377"},{"taxonomy":"product_cat","embeddable":true,"href":"https:\/\/ceoparts.com\/fr\/wp-json\/wp\/v2\/product_cat?post=14377"},{"taxonomy":"product_tag","embeddable":true,"href":"https:\/\/ceoparts.com\/fr\/wp-json\/wp\/v2\/product_tag?post=14377"}],"curies":[{"name":"wp","href":"https:\/\/api.w.org\/{rel}","templated":true}]}}