{"id":14388,"date":"2025-02-12T12:57:21","date_gmt":"2025-02-12T09:57:21","guid":{"rendered":"https:\/\/ceoparts.com\/?post_type=product&#038;p=14388"},"modified":"2026-05-16T16:23:19","modified_gmt":"2026-05-16T13:23:19","slug":"still-exv16-fren-manyetigi-30353043","status":"publish","type":"product","link":"https:\/\/ceoparts.com\/fr\/urun\/still-exv16-fren-manyetigi-30353043\/","title":{"rendered":"Still EXV16 Aimant \u00e9lectromagn\u00e9tique de frein &#8211; 30353043"},"content":{"rendered":"<p>Still EXV16 Aimant \u00e9lectromagn\u00e9tique de frein &#8211; 30353043<\/p>","protected":false},"excerpt":{"rendered":"<p data-start=\"148\" data-end=\"386\"><br data-start=\"1885\" data-end=\"1888\" \/>L&#8217;aimant de frein Still EXV16 est con\u00e7u pour offrir un freinage performant et fiable dans les syst\u00e8mes de freinage des chariots \u00e9l\u00e9vateurs. Sa structure solide et sa forte force d&#8217;attraction magn\u00e9tique garantissent une utilisation durable m\u00eame dans des conditions difficiles.<\/p>\n<p data-start=\"2165\" data-end=\"2558\"><strong data-start=\"2165\" data-end=\"2187\">Caract\u00e9ristiques :<\/strong><br data-start=\"2187\" data-end=\"2190\" \/><strong data-start=\"2190\" data-end=\"2210\">Nom du produit :<\/strong> Aimant de frein Still EXV16<br data-start=\"2238\" data-end=\"2241\" \/><strong data-start=\"2241\" data-end=\"2256\">R\u00e9f\u00e9rence :<\/strong> 30353043<br data-start=\"2265\" data-end=\"2268\" \/><strong data-start=\"2268\" data-end=\"2282\">Mat\u00e9riau :<\/strong> Corps en m\u00e9tal haute r\u00e9sistance et syst\u00e8me \u00e9lectromagn\u00e9tique<br data-start=\"2343\" data-end=\"2346\" \/><strong data-start=\"2346\" data-end=\"2373\">Domaine d&#8217;utilisation :<\/strong> Syst\u00e8mes de freinage de chariots \u00e9l\u00e9vateurs<br data-start=\"2417\" data-end=\"2420\" \/><strong data-start=\"2420\" data-end=\"2434\">Avantage :<\/strong> Am\u00e9liore les performances de freinage gr\u00e2ce \u00e0 sa structure magn\u00e9tique puissante et durable, r\u00e9duit les besoins d&#8217;entretien.<\/p>\n<p data-start=\"2560\" data-end=\"2807\">\n","protected":false},"featured_media":14396,"template":"","meta":[],"product_brand":[],"product_cat":[241,449,524],"product_tag":[],"class_list":{"0":"post-14388","1":"product","2":"type-product","3":"status-publish","4":"has-post-thumbnail","6":"product_cat-still","7":"product_cat-fren-sistem-parcalari","8":"product_cat-yedek-parca-still","10":"first","11":"instock","12":"taxable","13":"shipping-taxable","14":"purchasable","15":"product-type-simple"},"_links":{"self":[{"href":"https:\/\/ceoparts.com\/fr\/wp-json\/wp\/v2\/product\/14388","targetHints":{"allow":["GET"]}}],"collection":[{"href":"https:\/\/ceoparts.com\/fr\/wp-json\/wp\/v2\/product"}],"about":[{"href":"https:\/\/ceoparts.com\/fr\/wp-json\/wp\/v2\/types\/product"}],"wp:featuredmedia":[{"embeddable":true,"href":"https:\/\/ceoparts.com\/fr\/wp-json\/wp\/v2\/media\/14396"}],"wp:attachment":[{"href":"https:\/\/ceoparts.com\/fr\/wp-json\/wp\/v2\/media?parent=14388"}],"wp:term":[{"taxonomy":"product_brand","embeddable":true,"href":"https:\/\/ceoparts.com\/fr\/wp-json\/wp\/v2\/product_brand?post=14388"},{"taxonomy":"product_cat","embeddable":true,"href":"https:\/\/ceoparts.com\/fr\/wp-json\/wp\/v2\/product_cat?post=14388"},{"taxonomy":"product_tag","embeddable":true,"href":"https:\/\/ceoparts.com\/fr\/wp-json\/wp\/v2\/product_tag?post=14388"}],"curies":[{"name":"wp","href":"https:\/\/api.w.org\/{rel}","templated":true}]}}