{"id":14397,"date":"2025-02-12T13:14:14","date_gmt":"2025-02-12T10:14:14","guid":{"rendered":"https:\/\/ceoparts.com\/?post_type=product&#038;p=14397"},"modified":"2026-05-16T18:41:08","modified_gmt":"2026-05-16T15:41:08","slug":"still-cx10m-fren-manyetigi-4492931","status":"publish","type":"product","link":"https:\/\/ceoparts.com\/fr\/urun\/still-cx10m-fren-manyetigi-4492931\/","title":{"rendered":"Still CX10m Aimant \u00e9lectromagn\u00e9tique de frein &#8211; 4492931"},"content":{"rendered":"<p>Still CX10m Aimant \u00e9lectromagn\u00e9tique de frein &#8211; 4492931<\/p>","protected":false},"excerpt":{"rendered":"<p data-start=\"107\" data-end=\"396\"><br data-start=\"1898\" data-end=\"1901\" \/>L&#8217;aimant de frein Still CX10m est con\u00e7u pour offrir des performances de freinage fiables et efficaces dans les syst\u00e8mes de freinage des chariots \u00e9l\u00e9vateurs. Sa structure r\u00e9sistante garantit une utilisation durable. Il permet d&#8217;obtenir une efficacit\u00e9 maximale, notamment dans des conditions de travail difficiles.<\/p>\n<p data-start=\"2215\" data-end=\"2595\"><strong data-start=\"2215\" data-end=\"2237\">Caract\u00e9ristiques :<\/strong><br data-start=\"2237\" data-end=\"2240\" \/><strong data-start=\"2240\" data-end=\"2260\">Nom du produit :<\/strong> Aimant de frein Still CX10m<br data-start=\"2288\" data-end=\"2291\" \/><strong data-start=\"2291\" data-end=\"2306\">R\u00e9f\u00e9rence :<\/strong> 4492931<br data-start=\"2314\" data-end=\"2317\" \/><strong data-start=\"2317\" data-end=\"2331\">Mat\u00e9riau :<\/strong> Corps en m\u00e9tal haute r\u00e9sistance et syst\u00e8me \u00e9lectromagn\u00e9tique<br data-start=\"2392\" data-end=\"2395\" \/><strong data-start=\"2395\" data-end=\"2422\">Domaine d&#8217;utilisation :<\/strong> Syst\u00e8mes de freinage de chariots \u00e9l\u00e9vateurs<br data-start=\"2466\" data-end=\"2469\" \/><strong data-start=\"2469\" data-end=\"2483\">Avantage :<\/strong> Am\u00e9liore les performances de freinage gr\u00e2ce \u00e0 sa structure durable et \u00e0 sa forte force d&#8217;attraction magn\u00e9tique.<\/p>\n<p data-start=\"2597\" data-end=\"2839\">\n","protected":false},"featured_media":14398,"template":"","meta":[],"product_brand":[],"product_cat":[241,251,449,518,524],"product_tag":[],"class_list":{"0":"post-14397","1":"product","2":"type-product","3":"status-publish","4":"has-post-thumbnail","6":"product_cat-still","7":"product_cat-bt","8":"product_cat-fren-sistem-parcalari","9":"product_cat-yedek-parca-bt","10":"product_cat-yedek-parca-still","12":"first","13":"instock","14":"taxable","15":"shipping-taxable","16":"purchasable","17":"product-type-simple"},"_links":{"self":[{"href":"https:\/\/ceoparts.com\/fr\/wp-json\/wp\/v2\/product\/14397","targetHints":{"allow":["GET"]}}],"collection":[{"href":"https:\/\/ceoparts.com\/fr\/wp-json\/wp\/v2\/product"}],"about":[{"href":"https:\/\/ceoparts.com\/fr\/wp-json\/wp\/v2\/types\/product"}],"wp:featuredmedia":[{"embeddable":true,"href":"https:\/\/ceoparts.com\/fr\/wp-json\/wp\/v2\/media\/14398"}],"wp:attachment":[{"href":"https:\/\/ceoparts.com\/fr\/wp-json\/wp\/v2\/media?parent=14397"}],"wp:term":[{"taxonomy":"product_brand","embeddable":true,"href":"https:\/\/ceoparts.com\/fr\/wp-json\/wp\/v2\/product_brand?post=14397"},{"taxonomy":"product_cat","embeddable":true,"href":"https:\/\/ceoparts.com\/fr\/wp-json\/wp\/v2\/product_cat?post=14397"},{"taxonomy":"product_tag","embeddable":true,"href":"https:\/\/ceoparts.com\/fr\/wp-json\/wp\/v2\/product_tag?post=14397"}],"curies":[{"name":"wp","href":"https:\/\/api.w.org\/{rel}","templated":true}]}}