{"id":14405,"date":"2025-02-12T13:23:55","date_gmt":"2025-02-12T10:23:55","guid":{"rendered":"https:\/\/ceoparts.com\/?post_type=product&#038;p=14405"},"modified":"2026-05-16T22:38:41","modified_gmt":"2026-05-16T19:38:41","slug":"linde-l16-1173-fren-manyetigi-3005047000","status":"publish","type":"product","link":"https:\/\/ceoparts.com\/fr\/urun\/linde-l16-1173-fren-manyetigi-3005047000\/","title":{"rendered":"Linde L16 1173 Aimant \u00e9lectromagn\u00e9tique de frein &#8211; 3005047000"},"content":{"rendered":"<p>Linde L16 1173 Aimant \u00e9lectromagn\u00e9tique de frein &#8211; 3005047000<\/p>","protected":false},"excerpt":{"rendered":"<p data-start=\"53\" data-end=\"262\"><br data-start=\"2094\" data-end=\"2097\" \/>L\u2019<strong data-start=\"2099\" data-end=\"2133\">aimant de frein Linde L16 1173<\/strong> est un composant magn\u00e9tique utilis\u00e9 dans les syst\u00e8mes de freinage des chariots \u00e9l\u00e9vateurs Linde L16. Il assure un freinage s\u00fbr et efficace. Sa construction durable garantit une longue dur\u00e9e de vie.<\/p>\n<p data-start=\"2333\" data-end=\"2636\"><strong data-start=\"2333\" data-end=\"2355\">Caract\u00e9ristiques :<\/strong><br data-start=\"2355\" data-end=\"2358\" \/><strong data-start=\"2358\" data-end=\"2378\">Nom du produit :<\/strong> Aimant de frein Linde L16 1173<br data-start=\"2409\" data-end=\"2412\" \/><strong data-start=\"2412\" data-end=\"2427\">R\u00e9f\u00e9rence :<\/strong> 3005047000<br data-start=\"2438\" data-end=\"2441\" \/><strong data-start=\"2441\" data-end=\"2455\">Mat\u00e9riau :<\/strong> Alliage m\u00e9tallique magn\u00e9tique<br data-start=\"2485\" data-end=\"2488\" \/><strong data-start=\"2488\" data-end=\"2511\">Zone d\u2019utilisation:<\/strong> Syst\u00e8mes de freinage des chariots \u00e9l\u00e9vateurs Linde L16<br data-start=\"2566\" data-end=\"2569\" \/><strong data-start=\"2569\" data-end=\"2582\">Avantage:<\/strong> Freinage s\u00fbr, haute durabilit\u00e9, longue dur\u00e9e de vie<\/p>\n<p data-start=\"2638\" data-end=\"2887\">\n","protected":false},"featured_media":14407,"template":"","meta":[],"product_brand":[],"product_cat":[246,449,523],"product_tag":[],"class_list":{"0":"post-14405","1":"product","2":"type-product","3":"status-publish","4":"has-post-thumbnail","6":"product_cat-linde","7":"product_cat-fren-sistem-parcalari","8":"product_cat-yedek-parca-linde","10":"first","11":"instock","12":"taxable","13":"shipping-taxable","14":"purchasable","15":"product-type-simple"},"_links":{"self":[{"href":"https:\/\/ceoparts.com\/fr\/wp-json\/wp\/v2\/product\/14405","targetHints":{"allow":["GET"]}}],"collection":[{"href":"https:\/\/ceoparts.com\/fr\/wp-json\/wp\/v2\/product"}],"about":[{"href":"https:\/\/ceoparts.com\/fr\/wp-json\/wp\/v2\/types\/product"}],"wp:featuredmedia":[{"embeddable":true,"href":"https:\/\/ceoparts.com\/fr\/wp-json\/wp\/v2\/media\/14407"}],"wp:attachment":[{"href":"https:\/\/ceoparts.com\/fr\/wp-json\/wp\/v2\/media?parent=14405"}],"wp:term":[{"taxonomy":"product_brand","embeddable":true,"href":"https:\/\/ceoparts.com\/fr\/wp-json\/wp\/v2\/product_brand?post=14405"},{"taxonomy":"product_cat","embeddable":true,"href":"https:\/\/ceoparts.com\/fr\/wp-json\/wp\/v2\/product_cat?post=14405"},{"taxonomy":"product_tag","embeddable":true,"href":"https:\/\/ceoparts.com\/fr\/wp-json\/wp\/v2\/product_tag?post=14405"}],"curies":[{"name":"wp","href":"https:\/\/api.w.org\/{rel}","templated":true}]}}