{"id":14411,"date":"2025-02-12T13:33:04","date_gmt":"2025-02-12T10:33:04","guid":{"rendered":"https:\/\/ceoparts.com\/?post_type=product&#038;p=14411"},"modified":"2026-05-16T13:29:12","modified_gmt":"2026-05-16T10:29:12","slug":"still-fren-manyetigi-50015000604","status":"publish","type":"product","link":"https:\/\/ceoparts.com\/fr\/urun\/still-fren-manyetigi-50015000604\/","title":{"rendered":"Still Aimant \u00e9lectromagn\u00e9tique de frein &#8211; 50015000604"},"content":{"rendered":"<p>Still Aimant \u00e9lectromagn\u00e9tique de frein &#8211; 50015000604<\/p>","protected":false},"excerpt":{"rendered":"<p data-start=\"64\" data-end=\"259\"><br data-start=\"2005\" data-end=\"2008\" \/>L\u2019<strong data-start=\"2010\" data-end=\"2035\">aimant de frein Still<\/strong> est un composant magn\u00e9tique utilis\u00e9 dans les syst\u00e8mes de freinage des chariots \u00e9l\u00e9vateurs Still. Il assure un fonctionnement s\u00fbr et efficace des freins. Sa construction durable garantit une longue dur\u00e9e de vie.<\/p>\n<p data-start=\"2248\" data-end=\"2539\"><strong data-start=\"2248\" data-end=\"2270\">Caract\u00e9ristiques :<\/strong><br data-start=\"2270\" data-end=\"2273\" \/><strong data-start=\"2273\" data-end=\"2293\">Nom du produit :<\/strong> Aimant de frein Still<br data-start=\"2315\" data-end=\"2318\" \/><strong data-start=\"2318\" data-end=\"2333\">R\u00e9f\u00e9rence :<\/strong> 50015000604<br data-start=\"2345\" data-end=\"2348\" \/><strong data-start=\"2348\" data-end=\"2362\">Mat\u00e9riau :<\/strong> Alliage m\u00e9tallique magn\u00e9tique<br data-start=\"2392\" data-end=\"2395\" \/><strong data-start=\"2395\" data-end=\"2418\">Zone d\u2019utilisation:<\/strong> Syst\u00e8mes de freinage des chariots \u00e9l\u00e9vateurs Still<br data-start=\"2469\" data-end=\"2472\" \/><strong data-start=\"2472\" data-end=\"2485\">Avantage:<\/strong> Freinage s\u00fbr, haute durabilit\u00e9, longue dur\u00e9e de vie<\/p>\n<p data-start=\"2541\" data-end=\"2777\">\n","protected":false},"featured_media":14456,"template":"","meta":[],"product_brand":[],"product_cat":[241,449,524],"product_tag":[],"class_list":{"0":"post-14411","1":"product","2":"type-product","3":"status-publish","4":"has-post-thumbnail","6":"product_cat-still","7":"product_cat-fren-sistem-parcalari","8":"product_cat-yedek-parca-still","10":"first","11":"instock","12":"taxable","13":"shipping-taxable","14":"purchasable","15":"product-type-simple"},"_links":{"self":[{"href":"https:\/\/ceoparts.com\/fr\/wp-json\/wp\/v2\/product\/14411","targetHints":{"allow":["GET"]}}],"collection":[{"href":"https:\/\/ceoparts.com\/fr\/wp-json\/wp\/v2\/product"}],"about":[{"href":"https:\/\/ceoparts.com\/fr\/wp-json\/wp\/v2\/types\/product"}],"wp:featuredmedia":[{"embeddable":true,"href":"https:\/\/ceoparts.com\/fr\/wp-json\/wp\/v2\/media\/14456"}],"wp:attachment":[{"href":"https:\/\/ceoparts.com\/fr\/wp-json\/wp\/v2\/media?parent=14411"}],"wp:term":[{"taxonomy":"product_brand","embeddable":true,"href":"https:\/\/ceoparts.com\/fr\/wp-json\/wp\/v2\/product_brand?post=14411"},{"taxonomy":"product_cat","embeddable":true,"href":"https:\/\/ceoparts.com\/fr\/wp-json\/wp\/v2\/product_cat?post=14411"},{"taxonomy":"product_tag","embeddable":true,"href":"https:\/\/ceoparts.com\/fr\/wp-json\/wp\/v2\/product_tag?post=14411"}],"curies":[{"name":"wp","href":"https:\/\/api.w.org\/{rel}","templated":true}]}}