{"id":14417,"date":"2025-02-12T14:10:39","date_gmt":"2025-02-12T11:10:39","guid":{"rendered":"https:\/\/ceoparts.com\/?post_type=product&#038;p=14417"},"modified":"2026-05-16T12:11:07","modified_gmt":"2026-05-16T09:11:07","slug":"bt-toyota-lpe200-fren-manyetigi-yeni-tip-7588119","status":"publish","type":"product","link":"https:\/\/ceoparts.com\/fr\/urun\/bt-toyota-lpe200-fren-manyetigi-yeni-tip-7588119\/","title":{"rendered":"Bt Toyota Lpe200 Aimant \u00e9lectromagn\u00e9tique de frein Nouveau Type &#8211; 7588119"},"content":{"rendered":"<p>Bt Toyota Lpe200 Aimant \u00e9lectromagn\u00e9tique de frein Nouveau Type &#8211; 7588119<\/p>","protected":false},"excerpt":{"rendered":"<p data-start=\"64\" data-end=\"321\"><br data-start=\"2314\" data-end=\"2317\" \/>L\u2019<strong data-start=\"2319\" data-end=\"2370\">aimant de frein BT Toyota LPE200 nouveau mod\u00e8le<\/strong> est un composant magn\u00e9tique utilis\u00e9 dans les syst\u00e8mes de freinage des chariots \u00e9l\u00e9vateurs BT Toyota LPE200. Sa nouvelle conception assure un freinage plus pr\u00e9cis et s\u00e9curis\u00e9. Sa construction durable garantit une longue dur\u00e9e de vie.<\/p>\n<p data-start=\"2605\" data-end=\"2932\"><strong data-start=\"2605\" data-end=\"2627\">Caract\u00e9ristiques :<\/strong><br data-start=\"2627\" data-end=\"2630\" \/><strong data-start=\"2630\" data-end=\"2650\">Nom du produit :<\/strong> Aimant de frein BT Toyota LPE200 nouveau mod\u00e8le<br data-start=\"2698\" data-end=\"2701\" \/><strong data-start=\"2701\" data-end=\"2716\">R\u00e9f\u00e9rence :<\/strong> 7588119<br data-start=\"2724\" data-end=\"2727\" \/><strong data-start=\"2727\" data-end=\"2741\">Mat\u00e9riau :<\/strong> Alliage m\u00e9tallique magn\u00e9tique<br data-start=\"2771\" data-end=\"2774\" \/><strong data-start=\"2774\" data-end=\"2797\">Zone d\u2019utilisation:<\/strong> Syst\u00e8mes de freinage des chariots \u00e9l\u00e9vateurs BT Toyota LPE200<br data-start=\"2859\" data-end=\"2862\" \/><strong data-start=\"2862\" data-end=\"2875\">Avantage:<\/strong> Freinage pr\u00e9cis, haute durabilit\u00e9, longue dur\u00e9e de vie<\/p>\n<p data-start=\"2934\" data-end=\"3204\">\n","protected":false},"featured_media":14418,"template":"","meta":[],"product_brand":[],"product_cat":[251,449,518,521,530],"product_tag":[],"class_list":{"0":"post-14417","1":"product","2":"type-product","3":"status-publish","4":"has-post-thumbnail","6":"product_cat-bt","7":"product_cat-fren-sistem-parcalari","8":"product_cat-yedek-parca-bt","9":"product_cat-toyota","10":"product_cat-yedek-parca-toyota","12":"first","13":"instock","14":"taxable","15":"shipping-taxable","16":"purchasable","17":"product-type-simple"},"_links":{"self":[{"href":"https:\/\/ceoparts.com\/fr\/wp-json\/wp\/v2\/product\/14417","targetHints":{"allow":["GET"]}}],"collection":[{"href":"https:\/\/ceoparts.com\/fr\/wp-json\/wp\/v2\/product"}],"about":[{"href":"https:\/\/ceoparts.com\/fr\/wp-json\/wp\/v2\/types\/product"}],"wp:featuredmedia":[{"embeddable":true,"href":"https:\/\/ceoparts.com\/fr\/wp-json\/wp\/v2\/media\/14418"}],"wp:attachment":[{"href":"https:\/\/ceoparts.com\/fr\/wp-json\/wp\/v2\/media?parent=14417"}],"wp:term":[{"taxonomy":"product_brand","embeddable":true,"href":"https:\/\/ceoparts.com\/fr\/wp-json\/wp\/v2\/product_brand?post=14417"},{"taxonomy":"product_cat","embeddable":true,"href":"https:\/\/ceoparts.com\/fr\/wp-json\/wp\/v2\/product_cat?post=14417"},{"taxonomy":"product_tag","embeddable":true,"href":"https:\/\/ceoparts.com\/fr\/wp-json\/wp\/v2\/product_tag?post=14417"}],"curies":[{"name":"wp","href":"https:\/\/api.w.org\/{rel}","templated":true}]}}