{"id":14424,"date":"2025-02-12T14:45:52","date_gmt":"2025-02-12T11:45:52","guid":{"rendered":"https:\/\/ceoparts.com\/?post_type=product&#038;p=14424"},"modified":"2026-05-16T15:28:44","modified_gmt":"2026-05-16T12:28:44","slug":"fren-manyetigi-bt-lpe-eski-tip-210462","status":"publish","type":"product","link":"https:\/\/ceoparts.com\/fr\/urun\/fren-manyetigi-bt-lpe-eski-tip-210462\/","title":{"rendered":"Aimant \u00e9lectromagn\u00e9tique de frein &#8211; BT Lpe Ancien Type &#8211; 210462"},"content":{"rendered":"<p>Aimant \u00e9lectromagn\u00e9tique de frein &#8211; BT Lpe Ancien Type &#8211; 210462<\/p>","protected":false},"excerpt":{"rendered":"<p data-start=\"54\" data-end=\"282\"><br data-start=\"2162\" data-end=\"2165\" \/>L\u2019<strong data-start=\"2167\" data-end=\"2214\">aimant de frein Teleco BT LPE ancien mod\u00e8le<\/strong> est un composant magn\u00e9tique utilis\u00e9 dans les syst\u00e8mes de freinage des chariots \u00e9l\u00e9vateurs BT LPE. Il assure un freinage s\u00fbr et correct. Sa construction durable garantit une longue dur\u00e9e de vie.<\/p>\n<p data-start=\"2410\" data-end=\"2719\"><strong data-start=\"2410\" data-end=\"2432\">Caract\u00e9ristiques :<\/strong><br data-start=\"2432\" data-end=\"2435\" \/><strong data-start=\"2435\" data-end=\"2455\">Nom du produit :<\/strong> Aimant de frein Teleco BT LPE ancien mod\u00e8le<br data-start=\"2499\" data-end=\"2502\" \/><strong data-start=\"2502\" data-end=\"2517\">R\u00e9f\u00e9rence :<\/strong> 210462<br data-start=\"2524\" data-end=\"2527\" \/><strong data-start=\"2527\" data-end=\"2541\">Mat\u00e9riau :<\/strong> Alliage m\u00e9tallique magn\u00e9tique<br data-start=\"2571\" data-end=\"2574\" \/><strong data-start=\"2574\" data-end=\"2597\">Zone d\u2019utilisation:<\/strong> Syst\u00e8mes de freinage des chariots \u00e9l\u00e9vateurs BT LPE<br data-start=\"2649\" data-end=\"2652\" \/><strong data-start=\"2652\" data-end=\"2665\">Avantage:<\/strong> Freinage s\u00fbr, haute durabilit\u00e9, longue dur\u00e9e de vie<\/p>\n<p data-start=\"2721\" data-end=\"2964\">\n","protected":false},"featured_media":14440,"template":"","meta":[],"product_brand":[],"product_cat":[251,449,518],"product_tag":[],"class_list":{"0":"post-14424","1":"product","2":"type-product","3":"status-publish","4":"has-post-thumbnail","6":"product_cat-bt","7":"product_cat-fren-sistem-parcalari","8":"product_cat-yedek-parca-bt","10":"first","11":"instock","12":"taxable","13":"shipping-taxable","14":"purchasable","15":"product-type-simple"},"_links":{"self":[{"href":"https:\/\/ceoparts.com\/fr\/wp-json\/wp\/v2\/product\/14424","targetHints":{"allow":["GET"]}}],"collection":[{"href":"https:\/\/ceoparts.com\/fr\/wp-json\/wp\/v2\/product"}],"about":[{"href":"https:\/\/ceoparts.com\/fr\/wp-json\/wp\/v2\/types\/product"}],"wp:featuredmedia":[{"embeddable":true,"href":"https:\/\/ceoparts.com\/fr\/wp-json\/wp\/v2\/media\/14440"}],"wp:attachment":[{"href":"https:\/\/ceoparts.com\/fr\/wp-json\/wp\/v2\/media?parent=14424"}],"wp:term":[{"taxonomy":"product_brand","embeddable":true,"href":"https:\/\/ceoparts.com\/fr\/wp-json\/wp\/v2\/product_brand?post=14424"},{"taxonomy":"product_cat","embeddable":true,"href":"https:\/\/ceoparts.com\/fr\/wp-json\/wp\/v2\/product_cat?post=14424"},{"taxonomy":"product_tag","embeddable":true,"href":"https:\/\/ceoparts.com\/fr\/wp-json\/wp\/v2\/product_tag?post=14424"}],"curies":[{"name":"wp","href":"https:\/\/api.w.org\/{rel}","templated":true}]}}