{"id":14441,"date":"2025-02-12T15:35:06","date_gmt":"2025-02-12T12:35:06","guid":{"rendered":"https:\/\/ceoparts.com\/?post_type=product&#038;p=14441"},"modified":"2026-05-17T19:56:17","modified_gmt":"2026-05-17T16:56:17","slug":"hyster-fren-manyetigi-eco-125-24v-1657716","status":"publish","type":"product","link":"https:\/\/ceoparts.com\/fr\/urun\/hyster-fren-manyetigi-eco-125-24v-1657716\/","title":{"rendered":"Hyster Aimant \u00e9lectromagn\u00e9tique de frein Eco 125 24V &#8211; 1657716"},"content":{"rendered":"<p>Hyster Aimant \u00e9lectromagn\u00e9tique de frein Eco 125 24V &#8211; 1657716<\/p>","protected":false},"excerpt":{"rendered":"<p data-start=\"64\" data-end=\"313\"><br data-start=\"2263\" data-end=\"2266\" \/>L\u2019<strong data-start=\"2268\" data-end=\"2312\">aimant de frein Hyster Telco Eco 125 24V<\/strong> est un composant magn\u00e9tique utilis\u00e9 dans les syst\u00e8mes de freinage des chariots \u00e9l\u00e9vateurs Hyster. Fonctionnant sous 24V, il assure un engagement s\u00fbr et efficace des freins. Sa construction durable garantit une longue dur\u00e9e de vie.<\/p>\n<p data-start=\"2545\" data-end=\"2852\"><strong data-start=\"2545\" data-end=\"2567\">Caract\u00e9ristiques :<\/strong><br data-start=\"2567\" data-end=\"2570\" \/><strong data-start=\"2570\" data-end=\"2590\">Nom du produit :<\/strong> Aimant de frein Hyster Telco Eco 125 24V<br data-start=\"2631\" data-end=\"2634\" \/><strong data-start=\"2634\" data-end=\"2649\">R\u00e9f\u00e9rence :<\/strong> 1657716<br data-start=\"2657\" data-end=\"2660\" \/><strong data-start=\"2660\" data-end=\"2674\">Mat\u00e9riau :<\/strong> Alliage m\u00e9tallique magn\u00e9tique<br data-start=\"2704\" data-end=\"2707\" \/><strong data-start=\"2707\" data-end=\"2730\">Zone d\u2019utilisation:<\/strong> Syst\u00e8mes de freinage des chariots \u00e9l\u00e9vateurs Hyster<br data-start=\"2782\" data-end=\"2785\" \/><strong data-start=\"2785\" data-end=\"2798\">Avantage:<\/strong> Freinage s\u00fbr, haute durabilit\u00e9, longue dur\u00e9e de vie<\/p>\n<p data-start=\"2854\" data-end=\"3117\">\n","protected":false},"featured_media":14442,"template":"","meta":[],"product_brand":[],"product_cat":[256,449,520],"product_tag":[],"class_list":{"0":"post-14441","1":"product","2":"type-product","3":"status-publish","4":"has-post-thumbnail","6":"product_cat-hyster","7":"product_cat-fren-sistem-parcalari","8":"product_cat-yedek-parca-hyster","10":"first","11":"instock","12":"taxable","13":"shipping-taxable","14":"purchasable","15":"product-type-simple"},"_links":{"self":[{"href":"https:\/\/ceoparts.com\/fr\/wp-json\/wp\/v2\/product\/14441","targetHints":{"allow":["GET"]}}],"collection":[{"href":"https:\/\/ceoparts.com\/fr\/wp-json\/wp\/v2\/product"}],"about":[{"href":"https:\/\/ceoparts.com\/fr\/wp-json\/wp\/v2\/types\/product"}],"wp:featuredmedia":[{"embeddable":true,"href":"https:\/\/ceoparts.com\/fr\/wp-json\/wp\/v2\/media\/14442"}],"wp:attachment":[{"href":"https:\/\/ceoparts.com\/fr\/wp-json\/wp\/v2\/media?parent=14441"}],"wp:term":[{"taxonomy":"product_brand","embeddable":true,"href":"https:\/\/ceoparts.com\/fr\/wp-json\/wp\/v2\/product_brand?post=14441"},{"taxonomy":"product_cat","embeddable":true,"href":"https:\/\/ceoparts.com\/fr\/wp-json\/wp\/v2\/product_cat?post=14441"},{"taxonomy":"product_tag","embeddable":true,"href":"https:\/\/ceoparts.com\/fr\/wp-json\/wp\/v2\/product_tag?post=14441"}],"curies":[{"name":"wp","href":"https:\/\/api.w.org\/{rel}","templated":true}]}}