{"id":14447,"date":"2025-02-12T15:39:08","date_gmt":"2025-02-12T12:39:08","guid":{"rendered":"https:\/\/ceoparts.com\/?post_type=product&#038;p=14447"},"modified":"2026-05-16T15:02:41","modified_gmt":"2026-05-16T12:02:41","slug":"fren-manyetigi-bt-lpe-eski-tip-210462-2","status":"publish","type":"product","link":"https:\/\/ceoparts.com\/fr\/urun\/fren-manyetigi-bt-lpe-eski-tip-210462-2\/","title":{"rendered":"Aimant \u00e9lectromagn\u00e9tique de frein BT Lpe Ancien Type &#8211; 210462"},"content":{"rendered":"<p>Aimant \u00e9lectromagn\u00e9tique de frein BT Lpe Ancien Type &#8211; 210462<\/p>","protected":false},"excerpt":{"rendered":"<p data-start=\"54\" data-end=\"308\"><br data-start=\"2229\" data-end=\"2232\" \/>L\u2019<strong data-start=\"2234\" data-end=\"2274\">aimant de frein BT LPE ancien mod\u00e8le<\/strong> est un composant magn\u00e9tique utilis\u00e9 dans les syst\u00e8mes de freinage des chariots \u00e9l\u00e9vateurs pour garantir un freinage correct et s\u00e9curis\u00e9. Sa construction durable offre une longue dur\u00e9e de vie et am\u00e9liore les performances de freinage.<\/p>\n<p data-start=\"2509\" data-end=\"2819\"><strong data-start=\"2509\" data-end=\"2531\">Caract\u00e9ristiques :<\/strong><br data-start=\"2531\" data-end=\"2534\" \/><strong data-start=\"2534\" data-end=\"2554\">Nom du produit :<\/strong> Aimant de frein BT LPE ancien mod\u00e8le<br data-start=\"2591\" data-end=\"2594\" \/><strong data-start=\"2594\" data-end=\"2609\">R\u00e9f\u00e9rence :<\/strong> 210462<br data-start=\"2616\" data-end=\"2619\" \/><strong data-start=\"2619\" data-end=\"2633\">Mat\u00e9riau :<\/strong> Alliage m\u00e9tallique magn\u00e9tique et durable<br data-start=\"2674\" data-end=\"2677\" \/><strong data-start=\"2677\" data-end=\"2700\">Zone d\u2019utilisation:<\/strong> Syst\u00e8mes de freinage des chariots \u00e9l\u00e9vateurs BT LPE<br data-start=\"2752\" data-end=\"2755\" \/><strong data-start=\"2755\" data-end=\"2768\">Avantage:<\/strong> Haute performance, durabilit\u00e9, freinage s\u00e9curis\u00e9<\/p>\n<p data-start=\"2821\" data-end=\"3102\">\n","protected":false},"featured_media":14455,"template":"","meta":[],"product_brand":[],"product_cat":[251,449,518],"product_tag":[],"class_list":{"0":"post-14447","1":"product","2":"type-product","3":"status-publish","4":"has-post-thumbnail","6":"product_cat-bt","7":"product_cat-fren-sistem-parcalari","8":"product_cat-yedek-parca-bt","10":"first","11":"instock","12":"taxable","13":"shipping-taxable","14":"purchasable","15":"product-type-simple"},"_links":{"self":[{"href":"https:\/\/ceoparts.com\/fr\/wp-json\/wp\/v2\/product\/14447","targetHints":{"allow":["GET"]}}],"collection":[{"href":"https:\/\/ceoparts.com\/fr\/wp-json\/wp\/v2\/product"}],"about":[{"href":"https:\/\/ceoparts.com\/fr\/wp-json\/wp\/v2\/types\/product"}],"wp:featuredmedia":[{"embeddable":true,"href":"https:\/\/ceoparts.com\/fr\/wp-json\/wp\/v2\/media\/14455"}],"wp:attachment":[{"href":"https:\/\/ceoparts.com\/fr\/wp-json\/wp\/v2\/media?parent=14447"}],"wp:term":[{"taxonomy":"product_brand","embeddable":true,"href":"https:\/\/ceoparts.com\/fr\/wp-json\/wp\/v2\/product_brand?post=14447"},{"taxonomy":"product_cat","embeddable":true,"href":"https:\/\/ceoparts.com\/fr\/wp-json\/wp\/v2\/product_cat?post=14447"},{"taxonomy":"product_tag","embeddable":true,"href":"https:\/\/ceoparts.com\/fr\/wp-json\/wp\/v2\/product_tag?post=14447"}],"curies":[{"name":"wp","href":"https:\/\/api.w.org\/{rel}","templated":true}]}}