{"id":14465,"date":"2025-02-12T16:03:27","date_gmt":"2025-02-12T13:03:27","guid":{"rendered":"https:\/\/ceoparts.com\/?post_type=product&#038;p=14465"},"modified":"2026-05-16T19:52:29","modified_gmt":"2026-05-16T16:52:29","slug":"grammer-sirt-minderi-52029895","status":"publish","type":"product","link":"https:\/\/ceoparts.com\/fr\/urun\/grammer-sirt-minderi-52029895\/","title":{"rendered":"Grammer Coussin dorsal &#8211; 52029895"},"content":{"rendered":"<p>Grammer Coussin dorsal &#8211; 52029895<\/p>","protected":false},"excerpt":{"rendered":"<p data-start=\"54\" data-end=\"334\"><br data-start=\"2396\" data-end=\"2399\" \/>Le <strong data-start=\"2402\" data-end=\"2428\">coussin dorsal Grammer<\/strong> est un coussin ergonomique et durable con\u00e7u pour am\u00e9liorer le soutien du dos des op\u00e9rateurs de chariots \u00e9l\u00e9vateurs et de machines industrielles. Fabriqu\u00e9 avec des mat\u00e9riaux de haute qualit\u00e9, il offre un confort lors d\u2019une utilisation prolong\u00e9e et r\u00e9duit le risque de douleurs dorsales.<\/p>\n<p data-start=\"2716\" data-end=\"3047\"><strong data-start=\"2716\" data-end=\"2738\">Caract\u00e9ristiques :<\/strong><br data-start=\"2738\" data-end=\"2741\" \/><strong data-start=\"2741\" data-end=\"2761\">Nom du produit :<\/strong> Coussin dorsal Grammer<br data-start=\"2784\" data-end=\"2787\" \/><strong data-start=\"2787\" data-end=\"2802\">R\u00e9f\u00e9rence :<\/strong> 52029895<br data-start=\"2811\" data-end=\"2814\" \/><strong data-start=\"2814\" data-end=\"2828\">Mat\u00e9riau :<\/strong> Rembourrage ergonomique en mousse durable<br data-start=\"2870\" data-end=\"2873\" \/><strong data-start=\"2873\" data-end=\"2896\">Zone d\u2019utilisation:<\/strong> Si\u00e8ges d\u2019op\u00e9rateurs de chariots \u00e9l\u00e9vateurs et machines industrielles<br data-start=\"2965\" data-end=\"2968\" \/><strong data-start=\"2968\" data-end=\"2981\">Avantage:<\/strong> Soutien ergonomique, longue dur\u00e9e de vie, confort d\u2019utilisation<\/p>\n<p data-start=\"3049\" data-end=\"3370\">\n","protected":false},"featured_media":14466,"template":"","meta":[],"product_brand":[],"product_cat":[468],"product_tag":[],"class_list":{"0":"post-14465","1":"product","2":"type-product","3":"status-publish","4":"has-post-thumbnail","6":"product_cat-operator-koltuklari","8":"first","9":"instock","10":"taxable","11":"shipping-taxable","12":"purchasable","13":"product-type-simple"},"_links":{"self":[{"href":"https:\/\/ceoparts.com\/fr\/wp-json\/wp\/v2\/product\/14465","targetHints":{"allow":["GET"]}}],"collection":[{"href":"https:\/\/ceoparts.com\/fr\/wp-json\/wp\/v2\/product"}],"about":[{"href":"https:\/\/ceoparts.com\/fr\/wp-json\/wp\/v2\/types\/product"}],"wp:featuredmedia":[{"embeddable":true,"href":"https:\/\/ceoparts.com\/fr\/wp-json\/wp\/v2\/media\/14466"}],"wp:attachment":[{"href":"https:\/\/ceoparts.com\/fr\/wp-json\/wp\/v2\/media?parent=14465"}],"wp:term":[{"taxonomy":"product_brand","embeddable":true,"href":"https:\/\/ceoparts.com\/fr\/wp-json\/wp\/v2\/product_brand?post=14465"},{"taxonomy":"product_cat","embeddable":true,"href":"https:\/\/ceoparts.com\/fr\/wp-json\/wp\/v2\/product_cat?post=14465"},{"taxonomy":"product_tag","embeddable":true,"href":"https:\/\/ceoparts.com\/fr\/wp-json\/wp\/v2\/product_tag?post=14465"}],"curies":[{"name":"wp","href":"https:\/\/api.w.org\/{rel}","templated":true}]}}