{"id":14481,"date":"2025-02-12T17:22:51","date_gmt":"2025-02-12T14:22:51","guid":{"rendered":"https:\/\/ceoparts.com\/?post_type=product&#038;p=14481"},"modified":"2026-05-16T12:23:01","modified_gmt":"2026-05-16T09:23:01","slug":"forklift-koltuk-tcm-toyota-16020451","status":"publish","type":"product","link":"https:\/\/ceoparts.com\/fr\/urun\/forklift-koltuk-tcm-toyota-16020451\/","title":{"rendered":"Si\u00e8ge de chariot \u00e9l\u00e9vateur TCM\/TOYOTA"},"content":{"rendered":"<p>Si\u00e8ge de chariot \u00e9l\u00e9vateur TCM\/TOYOTA<\/p>","protected":false},"excerpt":{"rendered":"<p data-start=\"54\" data-end=\"388\"><br data-start=\"2616\" data-end=\"2619\" \/>Le <strong data-start=\"2622\" data-end=\"2663\">si\u00e8ge de chariot \u00e9l\u00e9vateur TCM\/TOYOTA<\/strong> est une solution d\u2019assise ergonomique priorisant le confort de l\u2019op\u00e9rateur et la durabilit\u00e9. Fabriqu\u00e9 avec des mat\u00e9riaux de haute qualit\u00e9, il r\u00e9duit les vibrations et les chocs pour assurer un confort lors d\u2019une utilisation prolong\u00e9e. Son design r\u00e9glable s\u2019adapte facilement aux besoins des diff\u00e9rents utilisateurs.<\/p>\n<p data-start=\"2981\" data-end=\"3356\"><strong data-start=\"2981\" data-end=\"3003\">Caract\u00e9ristiques :<\/strong><br data-start=\"3003\" data-end=\"3006\" \/><strong data-start=\"3006\" data-end=\"3026\">Nom du produit :<\/strong> Si\u00e8ge de chariot \u00e9l\u00e9vateur TCM\/TOYOTA<br data-start=\"3064\" data-end=\"3067\" \/><strong data-start=\"3067\" data-end=\"3082\">R\u00e9f\u00e9rence :<\/strong> Non sp\u00e9cifi\u00e9e<br data-start=\"3096\" data-end=\"3099\" \/><strong data-start=\"3099\" data-end=\"3113\">Mat\u00e9riau :<\/strong> Structure m\u00e9tallique durable, rembourrage en mousse confortable<br data-start=\"3177\" data-end=\"3180\" \/><strong data-start=\"3180\" data-end=\"3203\">Zone d\u2019utilisation:<\/strong> Cabines d\u2019op\u00e9rateurs de chariots \u00e9l\u00e9vateurs TCM et TOYOTA<br data-start=\"3261\" data-end=\"3264\" \/><strong data-start=\"3264\" data-end=\"3277\">Avantage:<\/strong> Design ergonomique, absorption des vibrations, r\u00e9glable, longue dur\u00e9e de vie<\/p>\n<p data-start=\"3358\" data-end=\"3698\">\n","protected":false},"featured_media":14483,"template":"","meta":[],"product_brand":[],"product_cat":[468,521,530],"product_tag":[],"class_list":{"0":"post-14481","1":"product","2":"type-product","3":"status-publish","4":"has-post-thumbnail","6":"product_cat-operator-koltuklari","7":"product_cat-toyota","8":"product_cat-yedek-parca-toyota","10":"first","11":"instock","12":"taxable","13":"shipping-taxable","14":"purchasable","15":"product-type-simple"},"_links":{"self":[{"href":"https:\/\/ceoparts.com\/fr\/wp-json\/wp\/v2\/product\/14481","targetHints":{"allow":["GET"]}}],"collection":[{"href":"https:\/\/ceoparts.com\/fr\/wp-json\/wp\/v2\/product"}],"about":[{"href":"https:\/\/ceoparts.com\/fr\/wp-json\/wp\/v2\/types\/product"}],"wp:featuredmedia":[{"embeddable":true,"href":"https:\/\/ceoparts.com\/fr\/wp-json\/wp\/v2\/media\/14483"}],"wp:attachment":[{"href":"https:\/\/ceoparts.com\/fr\/wp-json\/wp\/v2\/media?parent=14481"}],"wp:term":[{"taxonomy":"product_brand","embeddable":true,"href":"https:\/\/ceoparts.com\/fr\/wp-json\/wp\/v2\/product_brand?post=14481"},{"taxonomy":"product_cat","embeddable":true,"href":"https:\/\/ceoparts.com\/fr\/wp-json\/wp\/v2\/product_cat?post=14481"},{"taxonomy":"product_tag","embeddable":true,"href":"https:\/\/ceoparts.com\/fr\/wp-json\/wp\/v2\/product_tag?post=14481"}],"curies":[{"name":"wp","href":"https:\/\/api.w.org\/{rel}","templated":true}]}}