{"id":14501,"date":"2025-02-13T11:44:32","date_gmt":"2025-02-13T08:44:32","guid":{"rendered":"https:\/\/ceoparts.com\/?post_type=product&#038;p=14501"},"modified":"2026-05-16T21:00:35","modified_gmt":"2026-05-16T18:00:35","slug":"grammer-primo-xm-koltuk-8701799","status":"publish","type":"product","link":"https:\/\/ceoparts.com\/fr\/urun\/grammer-primo-xm-koltuk-8701799\/","title":{"rendered":"Si\u00e8ge Grammer Primo Xm &#8211; 8701799"},"content":{"rendered":"<p>Si\u00e8ge Grammer Primo Xm &#8211; 8701799<\/p>\n<p><\/p>\n<ul>\n<li data-start=\"2434\" data-end=\"2518\"><strong data-start=\"2436\" data-end=\"2460\">Cat\u00e9gorie de produit<\/strong>: Si\u00e8ges industriels et de terrain, si\u00e8ges de construction<\/li>\n<li data-start=\"2519\" data-end=\"2549\"><strong data-start=\"2521\" data-end=\"2541\">Largeur maximale<\/strong>: 470 mm<\/li>\n<li data-start=\"2550\" data-end=\"2590\"><strong data-start=\"2552\" data-end=\"2574\">Hauteur du dossier<\/strong>: Moyen (450 mm)<\/li>\n<li data-start=\"2591\" data-end=\"2620\"><strong data-start=\"2593\" data-end=\"2615\">R\u00e9glage du dossier<\/strong>: Oui<\/li>\n<li data-start=\"2621\" data-end=\"2649\"><strong data-start=\"2623\" data-end=\"2641\">Hauteur totale<\/strong>: 619 mm<\/li>\n<li data-start=\"2650\" data-end=\"2706\"><strong data-start=\"2652\" data-end=\"2698\">Distance minimale du chariot de glissement<\/strong>: 328 mm<\/li>\n<li data-start=\"2707\" data-end=\"2742\"><strong data-start=\"2709\" data-end=\"2734\">R\u00e9glage avant-arri\u00e8re<\/strong>: 210 mm<\/li>\n<li data-start=\"2743\" data-end=\"2791\"><strong data-start=\"2745\" data-end=\"2767\">Type de suspension<\/strong>: Suspension pneumatique<\/li>\n<li data-start=\"2792\" data-end=\"2831\"><strong data-start=\"2794\" data-end=\"2822\">Largeur de la suspension<\/strong>: Moyenne<\/li>\n<li data-start=\"2832\" data-end=\"2890\"><strong data-start=\"2834\" data-end=\"2865\">R\u00e9glage du poids disponible<\/strong>: R\u00e9glage manuel du poids<\/li>\n<li data-start=\"2891\" data-end=\"2931\"><strong data-start=\"2893\" data-end=\"2924\">Plage de poids minimum (kg)<\/strong>: 45 kg<\/li>\n<li data-start=\"2932\" data-end=\"2973\"><strong data-start=\"2934\" data-end=\"2965\">Plage de poids maximum (kg)<\/strong>: 170 kg<\/li>\n<li data-start=\"2974\" data-end=\"3007\"><strong data-start=\"2976\" data-end=\"2999\">Point du bord avant<\/strong>: 160 mm<\/li>\n<li data-start=\"3008\" data-end=\"3029\"><strong data-start=\"3010\" data-end=\"3024\">Rev\u00eatement<\/strong>: PVC<\/li>\n<li data-start=\"3030\" data-end=\"3068\"><strong data-start=\"3032\" data-end=\"3057\">Appui-t\u00eate disponible<\/strong>: Optionnel<\/li>\n<li data-start=\"3069\" data-end=\"3112\"><strong data-start=\"3071\" data-end=\"3101\">Porte-documents disponible<\/strong>: Optionnel<\/li>\n<li data-start=\"3113\" data-end=\"3131\"><strong data-start=\"3115\" data-end=\"3126\">Tension<\/strong>: 24V<\/li>\n<li data-start=\"3132\" data-end=\"3158\"><strong data-start=\"3134\" data-end=\"3147\">Chauffage<\/strong>: Optionnel<\/li>\n<li data-start=\"3159\" data-end=\"3179\"><strong data-start=\"3161\" data-end=\"3173\">Ceinture<\/strong>: ELRL<\/li>\n<li data-start=\"3180\" data-end=\"3217\"><strong data-start=\"3182\" data-end=\"3197\">Commutateur<\/strong>: Micro-interrupteur<\/li>\n<li data-start=\"3218\" data-end=\"3244\"><strong data-start=\"3220\" data-end=\"3233\">Accoudoir<\/strong>: Optionnel<\/li>\n<li data-start=\"1608\" data-end=\"1687\"><\/li>\n<\/ul>\n<p><\/p>","protected":false},"excerpt":{"rendered":"<p data-start=\"60\" data-end=\"413\"><br data-start=\"2733\" data-end=\"2736\" \/>Le <strong data-start=\"2739\" data-end=\"2765\">si\u00e8ge Grammer Primo Xm<\/strong> est un syst\u00e8me d\u2019assise ergonomique con\u00e7u pour maximiser le confort de l\u2019op\u00e9rateur dans les chariots \u00e9l\u00e9vateurs et machines industrielles. Sa structure robuste et ses fonctionnalit\u00e9s r\u00e9glables garantissent une utilisation s\u00fbre et durable. Les mat\u00e9riaux de qualit\u00e9 r\u00e9duisent les vibrations et les chocs pour pr\u00e9server la sant\u00e9 de l\u2019utilisateur.<\/p>\n<p data-start=\"3111\" data-end=\"3470\"><strong data-start=\"3111\" data-end=\"3133\">Caract\u00e9ristiques :<\/strong><br data-start=\"3133\" data-end=\"3136\" \/><strong data-start=\"3136\" data-end=\"3156\">Nom du produit :<\/strong> Si\u00e8ge Grammer Primo Xm<br data-start=\"3179\" data-end=\"3182\" \/><strong data-start=\"3182\" data-end=\"3197\">R\u00e9f\u00e9rence :<\/strong> 8701799<br data-start=\"3205\" data-end=\"3208\" \/><strong data-start=\"3208\" data-end=\"3222\">Mat\u00e9riau :<\/strong> Structure en m\u00e9tal haute r\u00e9sistance avec rembourrage ergonomique<br data-start=\"3287\" data-end=\"3290\" \/><strong data-start=\"3290\" data-end=\"3313\">Zone d\u2019utilisation:<\/strong> Cabines de chariots \u00e9l\u00e9vateurs et d\u2019engins industriels<br data-start=\"3368\" data-end=\"3371\" \/><strong data-start=\"3371\" data-end=\"3384\">Avantage:<\/strong> Assise confortable, structure amortissante, m\u00e9canisme r\u00e9glable, longue dur\u00e9e de vie<\/p>\n<p data-start=\"3472\" data-end=\"3835\">\n","protected":false},"featured_media":14502,"template":"","meta":[],"product_brand":[],"product_cat":[468],"product_tag":[],"class_list":{"0":"post-14501","1":"product","2":"type-product","3":"status-publish","4":"has-post-thumbnail","6":"product_cat-operator-koltuklari","8":"first","9":"instock","10":"taxable","11":"shipping-taxable","12":"purchasable","13":"product-type-simple"},"_links":{"self":[{"href":"https:\/\/ceoparts.com\/fr\/wp-json\/wp\/v2\/product\/14501","targetHints":{"allow":["GET"]}}],"collection":[{"href":"https:\/\/ceoparts.com\/fr\/wp-json\/wp\/v2\/product"}],"about":[{"href":"https:\/\/ceoparts.com\/fr\/wp-json\/wp\/v2\/types\/product"}],"wp:featuredmedia":[{"embeddable":true,"href":"https:\/\/ceoparts.com\/fr\/wp-json\/wp\/v2\/media\/14502"}],"wp:attachment":[{"href":"https:\/\/ceoparts.com\/fr\/wp-json\/wp\/v2\/media?parent=14501"}],"wp:term":[{"taxonomy":"product_brand","embeddable":true,"href":"https:\/\/ceoparts.com\/fr\/wp-json\/wp\/v2\/product_brand?post=14501"},{"taxonomy":"product_cat","embeddable":true,"href":"https:\/\/ceoparts.com\/fr\/wp-json\/wp\/v2\/product_cat?post=14501"},{"taxonomy":"product_tag","embeddable":true,"href":"https:\/\/ceoparts.com\/fr\/wp-json\/wp\/v2\/product_tag?post=14501"}],"curies":[{"name":"wp","href":"https:\/\/api.w.org\/{rel}","templated":true}]}}