{"id":14505,"date":"2025-02-13T14:36:19","date_gmt":"2025-02-13T11:36:19","guid":{"rendered":"https:\/\/ceoparts.com\/?post_type=product&#038;p=14505"},"modified":"2026-05-16T10:45:05","modified_gmt":"2026-05-16T07:45:05","slug":"28x75x24-asansor-rulmani-51300548","status":"publish","type":"product","link":"https:\/\/ceoparts.com\/fr\/urun\/28x75x24-asansor-rulmani-51300548\/","title":{"rendered":"28x75x24 Roulement d&#8217;ascenseur &#8211; 51300548"},"content":{"rendered":"<p>28x75x24 Roulement d&#8217;ascenseur &#8211; 51300548<\/p>\n<p>75,5x28x24 Jungheinrich 51300548<\/p>\n<table border=\"0\" width=\"262\" cellspacing=\"0\" cellpadding=\"0\">\n<colgroup>\n<col width=\"173\" \/>\n<col width=\"89\" \/><\/colgroup>\n<tbody>\n<tr>\n<td width=\"173\" height=\"19\">EFG 535k-S50<\/td>\n<td width=\"89\">6.14 &#8211; 12.16<\/td>\n<\/tr>\n<tr>\n<td height=\"19\">DFG 316<\/td>\n<td>5.14 &#8211; 7.16<\/td>\n<\/tr>\n<tr>\n<td height=\"19\">DFG 320<\/td>\n<td>5.14 &#8211; 7.16<\/td>\n<\/tr>\n<tr>\n<td height=\"19\">TFG 316<\/td>\n<td>5.14 &#8211; 7.16<\/td>\n<\/tr>\n<tr>\n<td height=\"19\">DFG 316s<\/td>\n<td>10.14 &#8211; 9.17<\/td>\n<\/tr>\n<tr>\n<td height=\"19\">TFG 316s<\/td>\n<td>10.14 &#8211; 9.17<\/td>\n<\/tr>\n<tr>\n<td height=\"19\">EFG 213 &#8211; 220<\/td>\n<td>9.14 &#8211; 12.16<\/td>\n<\/tr>\n<tr>\n<td height=\"19\">2ET2500-2ET4000<\/td>\n<td>9.14 &#8211; 12.16<\/td>\n<\/tr>\n<tr>\n<td height=\"19\">EFG 213 &#8211; 220 (US)<\/td>\n<td>9.14 &#8211; 12.16<\/td>\n<\/tr>\n<tr>\n<td height=\"19\">EFG 316 &#8211; 320<\/td>\n<td>9.14 &#8211; 12.16<\/td>\n<\/tr>\n<tr>\n<td height=\"19\">EP3000-EP4000<\/td>\n<td>9.14 &#8211; 12.16<\/td>\n<\/tr>\n<tr>\n<td height=\"19\">EFG 316 &#8211; 320 (US)<\/td>\n<td>9.14 &#8211; 12.16<\/td>\n<\/tr>\n<tr>\n<td height=\"19\">EFG 213 &#8211; 220<\/td>\n<td>2.16 &#8211; 10.21<\/td>\n<\/tr>\n<tr>\n<td height=\"19\">2ET2500-2ET4000<\/td>\n<td>2.16 &#8211; 10.21<\/td>\n<\/tr>\n<tr>\n<td height=\"19\">EFG 213 &#8211; 220 (US)<\/td>\n<td>2.16 &#8211; 10.21<\/td>\n<\/tr>\n<tr>\n<td height=\"19\">EFG 316 &#8211; 320<\/td>\n<td>2.16 &#8211; 10.21<\/td>\n<\/tr>\n<tr>\n<td height=\"19\">EP3000-EP4000<\/td>\n<td>2.16 &#8211; 10.21<\/td>\n<\/tr>\n<tr>\n<td height=\"19\">EFG 316 &#8211; 320 (US)<\/td>\n<td>2.16 &#8211; 10.21<\/td>\n<\/tr>\n<tr>\n<td height=\"19\">DFG 316-320<\/td>\n<td>3.16 &#8211;<\/td>\n<\/tr>\n<tr>\n<td height=\"19\">TFG 316-320<\/td>\n<td>3.16 &#8211;<\/td>\n<\/tr>\n<tr>\n<td height=\"19\">DFG 3s<\/td>\n<td>6.17 &#8211; 4.20<\/td>\n<\/tr>\n<tr>\n<td height=\"19\">TFG 3s<\/td>\n<td>6.17 &#8211; 4.20<\/td>\n<\/tr>\n<tr>\n<td height=\"19\">DFG 3s<\/td>\n<td>8.21 &#8211;<\/td>\n<\/tr>\n<tr>\n<td height=\"19\">ERC 216zi<\/td>\n<td>5.19 &#8211;<\/td>\n<\/tr>\n<tr>\n<td height=\"19\">TFG 3s<\/td>\n<td>8.21 &#8211;<\/td>\n<\/tr>\n<tr>\n<td height=\"19\">ERC 214i\/216i<\/td>\n<td>2.20 &#8211;<\/td>\n<\/tr>\n<tr>\n<td height=\"19\">ERC 214bi\/216bi<\/td>\n<td>8.20 &#8211;<\/td>\n<\/tr>\n<tr>\n<td height=\"19\">ERC 214bi\/216bi US<\/td>\n<td>2.20 &#8211;<\/td>\n<\/tr>\n<tr>\n<td height=\"19\">DPH16N-DPH20N<\/td>\n<td>10.21 &#8211;<\/td>\n<\/tr>\n<tr>\n<td height=\"19\">GPH16N-GPH20N<\/td>\n<td>10.21 &#8211;<\/td>\n<\/tr>\n<tr>\n<td height=\"19\">EFG 316 &#8211; 320<\/td>\n<td>9.21 &#8211;<\/td>\n<\/tr>\n<tr>\n<td height=\"19\">EFG 316 &#8211; 320 (US)<\/td>\n<td>10.21 &#8211;<\/td>\n<\/tr>\n<tr>\n<td height=\"19\">EP3000-EP4000<\/td>\n<td>10.21 &#8211;<\/td>\n<\/tr>\n<tr>\n<td height=\"19\">EFG 112-220<\/td>\n<td>9.21 &#8211;<\/td>\n<\/tr>\n<tr>\n<td height=\"19\">EFG 213-220 (US)<\/td>\n<td>10.21 &#8211;<\/td>\n<\/tr>\n<tr>\n<td height=\"19\">2ET2500-2ET4000<\/td>\n<td>10.21 &#8211;<\/td>\n<\/tr>\n<\/tbody>\n<\/table>\n<p><\/p>","protected":false},"excerpt":{"rendered":"<p data-start=\"67\" data-end=\"337\"><br data-start=\"2225\" data-end=\"2228\" \/>Le <strong data-start=\"2231\" data-end=\"2265\">roulement d\u2019ascenseur 28x75x24<\/strong> est utilis\u00e9 dans les syst\u00e8mes de chariots \u00e9l\u00e9vateurs et de levage industriels, offrant une grande capacit\u00e9 de charge et des performances de rotation pr\u00e9cises pour optimiser l\u2019efficacit\u00e9 du syst\u00e8me. Sa structure de haute qualit\u00e9 assure une longue dur\u00e9e de vie et un entretien r\u00e9duit.<\/p>\n<p data-start=\"2550\" data-end=\"2856\"><strong data-start=\"2550\" data-end=\"2572\">Caract\u00e9ristiques :<\/strong><br data-start=\"2572\" data-end=\"2575\" \/><strong data-start=\"2575\" data-end=\"2595\">Nom du produit :<\/strong> Roulement d\u2019ascenseur 28x75x24<br data-start=\"2626\" data-end=\"2629\" \/><strong data-start=\"2629\" data-end=\"2644\">R\u00e9f\u00e9rence :<\/strong> 51300548<br data-start=\"2653\" data-end=\"2656\" \/><strong data-start=\"2656\" data-end=\"2670\">Mat\u00e9riau :<\/strong> Acier de roulement de haute qualit\u00e9<br data-start=\"2706\" data-end=\"2709\" \/><strong data-start=\"2709\" data-end=\"2732\">Zone d\u2019utilisation:<\/strong> Syst\u00e8mes de chariots \u00e9l\u00e9vateurs et de levage<br data-start=\"2777\" data-end=\"2780\" \/><strong data-start=\"2780\" data-end=\"2793\">Avantage:<\/strong> Haute durabilit\u00e9, longue dur\u00e9e de vie, fonctionnement pr\u00e9cis<\/p>\n<p data-start=\"2858\" data-end=\"3149\">\n","protected":false},"featured_media":14507,"template":"","meta":[],"product_brand":[],"product_cat":[457],"product_tag":[],"class_list":{"0":"post-14505","1":"product","2":"type-product","3":"status-publish","4":"has-post-thumbnail","6":"product_cat-asansor-rulmanlari","8":"first","9":"instock","10":"taxable","11":"shipping-taxable","12":"purchasable","13":"product-type-simple"},"_links":{"self":[{"href":"https:\/\/ceoparts.com\/fr\/wp-json\/wp\/v2\/product\/14505","targetHints":{"allow":["GET"]}}],"collection":[{"href":"https:\/\/ceoparts.com\/fr\/wp-json\/wp\/v2\/product"}],"about":[{"href":"https:\/\/ceoparts.com\/fr\/wp-json\/wp\/v2\/types\/product"}],"wp:featuredmedia":[{"embeddable":true,"href":"https:\/\/ceoparts.com\/fr\/wp-json\/wp\/v2\/media\/14507"}],"wp:attachment":[{"href":"https:\/\/ceoparts.com\/fr\/wp-json\/wp\/v2\/media?parent=14505"}],"wp:term":[{"taxonomy":"product_brand","embeddable":true,"href":"https:\/\/ceoparts.com\/fr\/wp-json\/wp\/v2\/product_brand?post=14505"},{"taxonomy":"product_cat","embeddable":true,"href":"https:\/\/ceoparts.com\/fr\/wp-json\/wp\/v2\/product_cat?post=14505"},{"taxonomy":"product_tag","embeddable":true,"href":"https:\/\/ceoparts.com\/fr\/wp-json\/wp\/v2\/product_tag?post=14505"}],"curies":[{"name":"wp","href":"https:\/\/api.w.org\/{rel}","templated":true}]}}