{"id":14522,"date":"2025-02-13T15:45:22","date_gmt":"2025-02-13T12:45:22","guid":{"rendered":"https:\/\/ceoparts.com\/?post_type=product&#038;p=14522"},"modified":"2026-05-16T15:01:02","modified_gmt":"2026-05-16T12:01:02","slug":"30x92x32-asansor-rulmani","status":"publish","type":"product","link":"https:\/\/ceoparts.com\/fr\/urun\/30x92x32-asansor-rulmani\/","title":{"rendered":"30x92x32 Roulement d&#8217;ascenseur"},"content":{"rendered":"<p>30x92x32 Roulement d&#8217;ascenseur<\/p>","protected":false},"excerpt":{"rendered":"<p data-start=\"60\" data-end=\"322\"><br data-start=\"2216\" data-end=\"2219\" \/>Le <strong data-start=\"2222\" data-end=\"2256\">roulement d\u2019ascenseur 30x92x32<\/strong> est utilis\u00e9 dans les syst\u00e8mes de chariots \u00e9l\u00e9vateurs et d\u2019ascenseurs industriels, offrant une grande capacit\u00e9 de charge et une pr\u00e9cision accrue pour optimiser les performances. Son mat\u00e9riau robuste garantit une longue dur\u00e9e de vie et un entretien r\u00e9duit.<\/p>\n<p data-start=\"2513\" data-end=\"2839\"><strong data-start=\"2513\" data-end=\"2535\">Caract\u00e9ristiques :<\/strong><br data-start=\"2535\" data-end=\"2538\" \/><strong data-start=\"2538\" data-end=\"2558\">Nom du produit :<\/strong> Roulement d\u2019ascenseur 30x92x32<br data-start=\"2589\" data-end=\"2592\" \/><strong data-start=\"2592\" data-end=\"2607\">R\u00e9f\u00e9rence :<\/strong> Non sp\u00e9cifi\u00e9e<br data-start=\"2621\" data-end=\"2624\" \/><strong data-start=\"2624\" data-end=\"2638\">Mat\u00e9riau :<\/strong> Acier de roulement de haute qualit\u00e9<br data-start=\"2674\" data-end=\"2677\" \/><strong data-start=\"2677\" data-end=\"2700\">Zone d\u2019utilisation:<\/strong> Syst\u00e8mes de chariots \u00e9l\u00e9vateurs et d\u2019ascenseurs industriels<br data-start=\"2760\" data-end=\"2763\" \/><strong data-start=\"2763\" data-end=\"2776\">Avantage:<\/strong> Haute durabilit\u00e9, fonctionnement pr\u00e9cis, longue dur\u00e9e de vie<\/p>\n<p data-start=\"2841\" data-end=\"3141\">\n","protected":false},"featured_media":14524,"template":"","meta":[],"product_brand":[],"product_cat":[457],"product_tag":[],"class_list":{"0":"post-14522","1":"product","2":"type-product","3":"status-publish","4":"has-post-thumbnail","6":"product_cat-asansor-rulmanlari","8":"first","9":"instock","10":"taxable","11":"shipping-taxable","12":"purchasable","13":"product-type-simple"},"_links":{"self":[{"href":"https:\/\/ceoparts.com\/fr\/wp-json\/wp\/v2\/product\/14522","targetHints":{"allow":["GET"]}}],"collection":[{"href":"https:\/\/ceoparts.com\/fr\/wp-json\/wp\/v2\/product"}],"about":[{"href":"https:\/\/ceoparts.com\/fr\/wp-json\/wp\/v2\/types\/product"}],"wp:featuredmedia":[{"embeddable":true,"href":"https:\/\/ceoparts.com\/fr\/wp-json\/wp\/v2\/media\/14524"}],"wp:attachment":[{"href":"https:\/\/ceoparts.com\/fr\/wp-json\/wp\/v2\/media?parent=14522"}],"wp:term":[{"taxonomy":"product_brand","embeddable":true,"href":"https:\/\/ceoparts.com\/fr\/wp-json\/wp\/v2\/product_brand?post=14522"},{"taxonomy":"product_cat","embeddable":true,"href":"https:\/\/ceoparts.com\/fr\/wp-json\/wp\/v2\/product_cat?post=14522"},{"taxonomy":"product_tag","embeddable":true,"href":"https:\/\/ceoparts.com\/fr\/wp-json\/wp\/v2\/product_tag?post=14522"}],"curies":[{"name":"wp","href":"https:\/\/api.w.org\/{rel}","templated":true}]}}