{"id":14528,"date":"2025-02-13T16:07:06","date_gmt":"2025-02-13T13:07:06","guid":{"rendered":"https:\/\/ceoparts.com\/?post_type=product&#038;p=14528"},"modified":"2026-05-16T19:25:05","modified_gmt":"2026-05-16T16:25:05","slug":"35x812x26-still-asansor-rulmani-0009249146","status":"publish","type":"product","link":"https:\/\/ceoparts.com\/fr\/urun\/35x812x26-still-asansor-rulmani-0009249146\/","title":{"rendered":"35&#215;81,2&#215;26 Roulement d&#8217;ascenseur Still &#8211; 0009249146"},"content":{"rendered":"<p>35&#215;81,2&#215;26 Roulement d&#8217;ascenseur Still &#8211; 0009249146<\/p>","protected":false},"excerpt":{"rendered":"<p data-start=\"39\" data-end=\"300\"><br data-start=\"2238\" data-end=\"2241\" \/>Le <strong data-start=\"2244\" data-end=\"2286\">roulement d\u2019ascenseur 35\u00d781,2\u00d726 Still<\/strong> est utilis\u00e9 dans les syst\u00e8mes de chariots \u00e9l\u00e9vateurs et d\u2019ascenseurs industriels, offrant une grande durabilit\u00e9 et des performances de rotation pr\u00e9cises pour am\u00e9liorer l\u2019efficacit\u00e9 du syst\u00e8me. Sa structure robuste assure une longue dur\u00e9e de vie et un faible co\u00fbt d\u2019entretien.<\/p>\n<p data-start=\"2564\" data-end=\"2883\"><strong data-start=\"2564\" data-end=\"2586\">Caract\u00e9ristiques :<\/strong><br data-start=\"2586\" data-end=\"2589\" \/><strong data-start=\"2589\" data-end=\"2609\">Nom du produit :<\/strong> Roulement d\u2019ascenseur 35\u00d781,2\u00d726 Still<br data-start=\"2648\" data-end=\"2651\" \/><strong data-start=\"2651\" data-end=\"2666\">R\u00e9f\u00e9rence :<\/strong> 0009249146<br data-start=\"2677\" data-end=\"2680\" \/><strong data-start=\"2680\" data-end=\"2694\">Mat\u00e9riau :<\/strong> Acier de roulement de haute qualit\u00e9<br data-start=\"2730\" data-end=\"2733\" \/><strong data-start=\"2733\" data-end=\"2756\">Zone d\u2019utilisation:<\/strong> Syst\u00e8mes de chariots \u00e9l\u00e9vateurs et d\u2019ascenseurs<br data-start=\"2804\" data-end=\"2807\" \/><strong data-start=\"2807\" data-end=\"2820\">Avantage:<\/strong> Haute durabilit\u00e9, longue dur\u00e9e de vie, fonctionnement pr\u00e9cis<\/p>\n<p data-start=\"2885\" data-end=\"3197\">\n","protected":false},"featured_media":14530,"template":"","meta":[],"product_brand":[],"product_cat":[241,457,524],"product_tag":[],"class_list":{"0":"post-14528","1":"product","2":"type-product","3":"status-publish","4":"has-post-thumbnail","6":"product_cat-still","7":"product_cat-asansor-rulmanlari","8":"product_cat-yedek-parca-still","10":"first","11":"instock","12":"taxable","13":"shipping-taxable","14":"purchasable","15":"product-type-simple"},"_links":{"self":[{"href":"https:\/\/ceoparts.com\/fr\/wp-json\/wp\/v2\/product\/14528","targetHints":{"allow":["GET"]}}],"collection":[{"href":"https:\/\/ceoparts.com\/fr\/wp-json\/wp\/v2\/product"}],"about":[{"href":"https:\/\/ceoparts.com\/fr\/wp-json\/wp\/v2\/types\/product"}],"wp:featuredmedia":[{"embeddable":true,"href":"https:\/\/ceoparts.com\/fr\/wp-json\/wp\/v2\/media\/14530"}],"wp:attachment":[{"href":"https:\/\/ceoparts.com\/fr\/wp-json\/wp\/v2\/media?parent=14528"}],"wp:term":[{"taxonomy":"product_brand","embeddable":true,"href":"https:\/\/ceoparts.com\/fr\/wp-json\/wp\/v2\/product_brand?post=14528"},{"taxonomy":"product_cat","embeddable":true,"href":"https:\/\/ceoparts.com\/fr\/wp-json\/wp\/v2\/product_cat?post=14528"},{"taxonomy":"product_tag","embeddable":true,"href":"https:\/\/ceoparts.com\/fr\/wp-json\/wp\/v2\/product_tag?post=14528"}],"curies":[{"name":"wp","href":"https:\/\/api.w.org\/{rel}","templated":true}]}}