{"id":14533,"date":"2025-02-13T16:20:49","date_gmt":"2025-02-13T13:20:49","guid":{"rendered":"https:\/\/ceoparts.com\/?post_type=product&#038;p=14533"},"modified":"2026-05-16T19:51:31","modified_gmt":"2026-05-16T16:51:31","slug":"35x977x25-asansor-rulmani","status":"publish","type":"product","link":"https:\/\/ceoparts.com\/fr\/urun\/35x977x25-asansor-rulmani\/","title":{"rendered":"35&#215;97,7&#215;25 Roulement d&#8217;ascenseur"},"content":{"rendered":"<p>35&#215;97,7&#215;25 Roulement d&#8217;ascenseur<\/p>","protected":false},"excerpt":{"rendered":"<p data-start=\"39\" data-end=\"309\"><br data-start=\"2192\" data-end=\"2195\" \/>Le <strong data-start=\"2198\" data-end=\"2234\">roulement d\u2019ascenseur 35\u00d797,7\u00d725<\/strong> est utilis\u00e9 dans les syst\u00e8mes de chariots \u00e9l\u00e9vateurs et d\u2019ascenseurs industriels, offrant une grande capacit\u00e9 de charge et une pr\u00e9cision accrue pour optimiser les performances du syst\u00e8me. Son mat\u00e9riau durable garantit une longue dur\u00e9e de vie et un entretien r\u00e9duit.<\/p>\n<p data-start=\"2502\" data-end=\"2818\"><strong data-start=\"2502\" data-end=\"2524\">Caract\u00e9ristiques :<\/strong><br data-start=\"2524\" data-end=\"2527\" \/><strong data-start=\"2527\" data-end=\"2547\">Nom du produit :<\/strong> Roulement d\u2019ascenseur 35\u00d797,7\u00d725<br data-start=\"2580\" data-end=\"2583\" \/><strong data-start=\"2583\" data-end=\"2598\">R\u00e9f\u00e9rence :<\/strong> Non sp\u00e9cifi\u00e9e<br data-start=\"2612\" data-end=\"2615\" \/><strong data-start=\"2615\" data-end=\"2629\">Mat\u00e9riau :<\/strong> Acier de roulement de haute qualit\u00e9<br data-start=\"2665\" data-end=\"2668\" \/><strong data-start=\"2668\" data-end=\"2691\">Zone d\u2019utilisation:<\/strong> Syst\u00e8mes de chariots \u00e9l\u00e9vateurs et d\u2019ascenseurs<br data-start=\"2739\" data-end=\"2742\" \/><strong data-start=\"2742\" data-end=\"2755\">Avantage:<\/strong> Haute durabilit\u00e9, fonctionnement pr\u00e9cis, longue dur\u00e9e de vie<\/p>\n<p data-start=\"2820\" data-end=\"3123\">\n","protected":false},"featured_media":14534,"template":"","meta":[],"product_brand":[],"product_cat":[457],"product_tag":[],"class_list":{"0":"post-14533","1":"product","2":"type-product","3":"status-publish","4":"has-post-thumbnail","6":"product_cat-asansor-rulmanlari","8":"first","9":"instock","10":"taxable","11":"shipping-taxable","12":"purchasable","13":"product-type-simple"},"_links":{"self":[{"href":"https:\/\/ceoparts.com\/fr\/wp-json\/wp\/v2\/product\/14533","targetHints":{"allow":["GET"]}}],"collection":[{"href":"https:\/\/ceoparts.com\/fr\/wp-json\/wp\/v2\/product"}],"about":[{"href":"https:\/\/ceoparts.com\/fr\/wp-json\/wp\/v2\/types\/product"}],"wp:featuredmedia":[{"embeddable":true,"href":"https:\/\/ceoparts.com\/fr\/wp-json\/wp\/v2\/media\/14534"}],"wp:attachment":[{"href":"https:\/\/ceoparts.com\/fr\/wp-json\/wp\/v2\/media?parent=14533"}],"wp:term":[{"taxonomy":"product_brand","embeddable":true,"href":"https:\/\/ceoparts.com\/fr\/wp-json\/wp\/v2\/product_brand?post=14533"},{"taxonomy":"product_cat","embeddable":true,"href":"https:\/\/ceoparts.com\/fr\/wp-json\/wp\/v2\/product_cat?post=14533"},{"taxonomy":"product_tag","embeddable":true,"href":"https:\/\/ceoparts.com\/fr\/wp-json\/wp\/v2\/product_tag?post=14533"}],"curies":[{"name":"wp","href":"https:\/\/api.w.org\/{rel}","templated":true}]}}