{"id":14538,"date":"2025-02-13T17:01:23","date_gmt":"2025-02-13T14:01:23","guid":{"rendered":"https:\/\/ceoparts.com\/?post_type=product&#038;p=14538"},"modified":"2026-05-16T21:02:08","modified_gmt":"2026-05-16T18:02:08","slug":"35x102x28-asansor-rulmani-211f8-2200-14529","status":"publish","type":"product","link":"https:\/\/ceoparts.com\/fr\/urun\/35x102x28-asansor-rulmani-211f8-2200-14529\/","title":{"rendered":"35x102x28 Roulement d&#8217;ascenseur &#8211; 211F8-2200, 14529"},"content":{"rendered":"<p>35x102x28 Roulement d&#8217;ascenseur &#8211; 211F8-2200, 14529<\/p>","protected":false},"excerpt":{"rendered":"<p data-start=\"60\" data-end=\"331\"><br data-start=\"2293\" data-end=\"2296\" \/>Le <strong data-start=\"2299\" data-end=\"2334\">roulement d\u2019ascenseur 35x102x28<\/strong> est utilis\u00e9 dans les syst\u00e8mes de chariots \u00e9l\u00e9vateurs et d\u2019ascenseurs industriels, am\u00e9liorant la performance gr\u00e2ce \u00e0 sa grande durabilit\u00e9 et \u00e0 sa rotation pr\u00e9cise. Sa structure robuste garantit une longue dur\u00e9e de vie et r\u00e9duit les co\u00fbts de maintenance.<\/p>\n<p data-start=\"2589\" data-end=\"2920\"><strong data-start=\"2589\" data-end=\"2611\">Caract\u00e9ristiques :<\/strong><br data-start=\"2611\" data-end=\"2614\" \/><strong data-start=\"2614\" data-end=\"2634\">Nom du produit :<\/strong> Roulement d\u2019ascenseur 35x102x28<br data-start=\"2666\" data-end=\"2669\" \/><strong data-start=\"2669\" data-end=\"2684\">R\u00e9f\u00e9rence :<\/strong> 211F8-2200, 14529<br data-start=\"2702\" data-end=\"2705\" \/><strong data-start=\"2705\" data-end=\"2719\">Mat\u00e9riau :<\/strong> Acier de roulement de haute qualit\u00e9<br data-start=\"2755\" data-end=\"2758\" \/><strong data-start=\"2758\" data-end=\"2781\">Zone d\u2019utilisation:<\/strong> Syst\u00e8mes de chariots \u00e9l\u00e9vateurs et d\u2019ascenseurs industriels<br data-start=\"2841\" data-end=\"2844\" \/><strong data-start=\"2844\" data-end=\"2857\">Avantage:<\/strong> Haute durabilit\u00e9, longue dur\u00e9e de vie, fonctionnement pr\u00e9cis<\/p>\n<p data-start=\"2922\" data-end=\"3219\">\n","protected":false},"featured_media":14540,"template":"","meta":[],"product_brand":[],"product_cat":[457],"product_tag":[],"class_list":{"0":"post-14538","1":"product","2":"type-product","3":"status-publish","4":"has-post-thumbnail","6":"product_cat-asansor-rulmanlari","8":"first","9":"instock","10":"taxable","11":"shipping-taxable","12":"purchasable","13":"product-type-simple"},"_links":{"self":[{"href":"https:\/\/ceoparts.com\/fr\/wp-json\/wp\/v2\/product\/14538","targetHints":{"allow":["GET"]}}],"collection":[{"href":"https:\/\/ceoparts.com\/fr\/wp-json\/wp\/v2\/product"}],"about":[{"href":"https:\/\/ceoparts.com\/fr\/wp-json\/wp\/v2\/types\/product"}],"wp:featuredmedia":[{"embeddable":true,"href":"https:\/\/ceoparts.com\/fr\/wp-json\/wp\/v2\/media\/14540"}],"wp:attachment":[{"href":"https:\/\/ceoparts.com\/fr\/wp-json\/wp\/v2\/media?parent=14538"}],"wp:term":[{"taxonomy":"product_brand","embeddable":true,"href":"https:\/\/ceoparts.com\/fr\/wp-json\/wp\/v2\/product_brand?post=14538"},{"taxonomy":"product_cat","embeddable":true,"href":"https:\/\/ceoparts.com\/fr\/wp-json\/wp\/v2\/product_cat?post=14538"},{"taxonomy":"product_tag","embeddable":true,"href":"https:\/\/ceoparts.com\/fr\/wp-json\/wp\/v2\/product_tag?post=14538"}],"curies":[{"name":"wp","href":"https:\/\/api.w.org\/{rel}","templated":true}]}}