{"id":14551,"date":"2025-02-13T17:19:25","date_gmt":"2025-02-13T14:19:25","guid":{"rendered":"https:\/\/ceoparts.com\/?post_type=product&#038;p=14551"},"modified":"2026-05-16T19:25:50","modified_gmt":"2026-05-16T16:25:50","slug":"bt-rt-koltuk-kizagi","status":"publish","type":"product","link":"https:\/\/ceoparts.com\/fr\/urun\/bt-rt-koltuk-kizagi\/","title":{"rendered":"Glissi\u00e8re de si\u00e8ge BT RT"},"content":{"rendered":"<p>Glissi\u00e8re de si\u00e8ge BT RT<\/p>","protected":false},"excerpt":{"rendered":"<p data-start=\"0\" data-end=\"289\"><br data-start=\"2216\" data-end=\"2219\" \/>Le <strong data-start=\"2222\" data-end=\"2250\">glissi\u00e8re de si\u00e8ge RT BT<\/strong>, con\u00e7u pour les si\u00e8ges de chariots \u00e9l\u00e9vateurs, offre une structure solide et durable assurant un confort d\u2019assise. Il facilite le d\u00e9placement avant et arri\u00e8re du si\u00e8ge, aidant l\u2019op\u00e9rateur \u00e0 maintenir un environnement de travail ergonomique. Facile \u00e0 installer et durable.<\/p>\n<p data-start=\"2524\" data-end=\"2823\"><strong data-start=\"2524\" data-end=\"2546\">Caract\u00e9ristiques :<\/strong><br data-start=\"2546\" data-end=\"2549\" \/><strong data-start=\"2549\" data-end=\"2569\">Nom du produit :<\/strong> Glissi\u00e8re de si\u00e8ge RT BT<br data-start=\"2594\" data-end=\"2597\" \/><strong data-start=\"2597\" data-end=\"2612\">R\u00e9f\u00e9rence :<\/strong> Non sp\u00e9cifi\u00e9e<br data-start=\"2626\" data-end=\"2629\" \/><strong data-start=\"2629\" data-end=\"2643\">Mat\u00e9riau :<\/strong> Alliage m\u00e9tallique durable<br data-start=\"2670\" data-end=\"2673\" \/><strong data-start=\"2673\" data-end=\"2696\">Zone d\u2019utilisation:<\/strong> Syst\u00e8mes de si\u00e8ges de chariots \u00e9l\u00e9vateurs<br data-start=\"2738\" data-end=\"2741\" \/><strong data-start=\"2741\" data-end=\"2754\">Avantage:<\/strong> Utilisation ergonomique, installation facile, construction durable<\/p>\n<p data-start=\"2825\" data-end=\"3146\">\n","protected":false},"featured_media":14553,"template":"","meta":[],"product_brand":[],"product_cat":[251,468,470,518],"product_tag":[],"class_list":{"0":"post-14551","1":"product","2":"type-product","3":"status-publish","4":"has-post-thumbnail","6":"product_cat-bt","7":"product_cat-operator-koltuklari","8":"product_cat-diger-yedek-parcalar","9":"product_cat-yedek-parca-bt","11":"first","12":"instock","13":"taxable","14":"shipping-taxable","15":"purchasable","16":"product-type-simple"},"_links":{"self":[{"href":"https:\/\/ceoparts.com\/fr\/wp-json\/wp\/v2\/product\/14551","targetHints":{"allow":["GET"]}}],"collection":[{"href":"https:\/\/ceoparts.com\/fr\/wp-json\/wp\/v2\/product"}],"about":[{"href":"https:\/\/ceoparts.com\/fr\/wp-json\/wp\/v2\/types\/product"}],"wp:featuredmedia":[{"embeddable":true,"href":"https:\/\/ceoparts.com\/fr\/wp-json\/wp\/v2\/media\/14553"}],"wp:attachment":[{"href":"https:\/\/ceoparts.com\/fr\/wp-json\/wp\/v2\/media?parent=14551"}],"wp:term":[{"taxonomy":"product_brand","embeddable":true,"href":"https:\/\/ceoparts.com\/fr\/wp-json\/wp\/v2\/product_brand?post=14551"},{"taxonomy":"product_cat","embeddable":true,"href":"https:\/\/ceoparts.com\/fr\/wp-json\/wp\/v2\/product_cat?post=14551"},{"taxonomy":"product_tag","embeddable":true,"href":"https:\/\/ceoparts.com\/fr\/wp-json\/wp\/v2\/product_tag?post=14551"}],"curies":[{"name":"wp","href":"https:\/\/api.w.org\/{rel}","templated":true}]}}