{"id":14557,"date":"2025-02-13T17:32:15","date_gmt":"2025-02-13T14:32:15","guid":{"rendered":"https:\/\/ceoparts.com\/?post_type=product&#038;p=14557"},"modified":"2026-05-16T17:35:17","modified_gmt":"2026-05-16T14:35:17","slug":"40x902x29-linde-asansor-rulmani-9249476","status":"publish","type":"product","link":"https:\/\/ceoparts.com\/fr\/urun\/40x902x29-linde-asansor-rulmani-9249476\/","title":{"rendered":"40&#215;90,2&#215;29 Roulement d&#8217;ascenseur Linde &#8211; 9249476"},"content":{"rendered":"<p>40&#215;90,2&#215;29 Roulement d&#8217;ascenseur Linde &#8211; 9249476<\/p>","protected":false},"excerpt":{"rendered":"<p data-start=\"0\" data-end=\"266\"><br data-start=\"2091\" data-end=\"2094\" \/>Le <strong data-start=\"2097\" data-end=\"2149\">roulement d\u2019ascenseur 40\u00d790,2\u00d729 Linde \u2013 9249476<\/strong>, utilis\u00e9 dans les syst\u00e8mes d\u2019ascenseur Linde, est sp\u00e9cialement con\u00e7u pour les applications n\u00e9cessitant une haute durabilit\u00e9 et pr\u00e9cision. Son mat\u00e9riau durable et sa fabrication de qualit\u00e9 garantissent des performances fiables.<\/p>\n<p data-start=\"2378\" data-end=\"2673\"><strong data-start=\"2378\" data-end=\"2400\">Caract\u00e9ristiques :<\/strong><br data-start=\"2400\" data-end=\"2403\" \/><strong data-start=\"2403\" data-end=\"2423\">Nom du produit :<\/strong> Roulement d\u2019ascenseur 40\u00d790,2\u00d729 Linde<br data-start=\"2462\" data-end=\"2465\" \/><strong data-start=\"2465\" data-end=\"2480\">R\u00e9f\u00e9rence :<\/strong> 9249476<br data-start=\"2488\" data-end=\"2491\" \/><strong data-start=\"2491\" data-end=\"2505\">Mat\u00e9riau :<\/strong> Acier de roulement de haute qualit\u00e9<br data-start=\"2541\" data-end=\"2544\" \/><strong data-start=\"2544\" data-end=\"2567\">Zone d\u2019utilisation:<\/strong> Syst\u00e8mes d\u2019ascenseur Linde<br data-start=\"2594\" data-end=\"2597\" \/><strong data-start=\"2597\" data-end=\"2610\">Avantage:<\/strong> Haute durabilit\u00e9, fonctionnement pr\u00e9cis, longue dur\u00e9e de vie<\/p>\n<p data-start=\"2675\" data-end=\"2957\">\n","protected":false},"featured_media":14559,"template":"","meta":[],"product_brand":[],"product_cat":[246,457,523],"product_tag":[],"class_list":{"0":"post-14557","1":"product","2":"type-product","3":"status-publish","4":"has-post-thumbnail","6":"product_cat-linde","7":"product_cat-asansor-rulmanlari","8":"product_cat-yedek-parca-linde","10":"first","11":"instock","12":"taxable","13":"shipping-taxable","14":"purchasable","15":"product-type-simple"},"_links":{"self":[{"href":"https:\/\/ceoparts.com\/fr\/wp-json\/wp\/v2\/product\/14557","targetHints":{"allow":["GET"]}}],"collection":[{"href":"https:\/\/ceoparts.com\/fr\/wp-json\/wp\/v2\/product"}],"about":[{"href":"https:\/\/ceoparts.com\/fr\/wp-json\/wp\/v2\/types\/product"}],"wp:featuredmedia":[{"embeddable":true,"href":"https:\/\/ceoparts.com\/fr\/wp-json\/wp\/v2\/media\/14559"}],"wp:attachment":[{"href":"https:\/\/ceoparts.com\/fr\/wp-json\/wp\/v2\/media?parent=14557"}],"wp:term":[{"taxonomy":"product_brand","embeddable":true,"href":"https:\/\/ceoparts.com\/fr\/wp-json\/wp\/v2\/product_brand?post=14557"},{"taxonomy":"product_cat","embeddable":true,"href":"https:\/\/ceoparts.com\/fr\/wp-json\/wp\/v2\/product_cat?post=14557"},{"taxonomy":"product_tag","embeddable":true,"href":"https:\/\/ceoparts.com\/fr\/wp-json\/wp\/v2\/product_tag?post=14557"}],"curies":[{"name":"wp","href":"https:\/\/api.w.org\/{rel}","templated":true}]}}