{"id":14563,"date":"2025-02-13T17:47:52","date_gmt":"2025-02-13T14:47:52","guid":{"rendered":"https:\/\/ceoparts.com\/?post_type=product&#038;p=14563"},"modified":"2026-05-16T15:09:13","modified_gmt":"2026-05-16T12:09:13","slug":"52x25x25-asansor-rulmani-nutr205-x-3as-ntn","status":"publish","type":"product","link":"https:\/\/ceoparts.com\/fr\/urun\/52x25x25-asansor-rulmani-nutr205-x-3as-ntn\/","title":{"rendered":"52x25x25 Roulement d&#8217;ascenseur &#8211; NUTR205 X\/3AS NTN"},"content":{"rendered":"<p>52x25x25 Roulement d&#8217;ascenseur &#8211; NUTR205 X\/3AS NTN<\/p>","protected":false},"excerpt":{"rendered":"<p data-start=\"0\" data-end=\"263\"><br data-start=\"2123\" data-end=\"2126\" \/>Le <strong data-start=\"2129\" data-end=\"2183\">roulement d\u2019ascenseur 52x25x25 &#8211; NUTR205 X\/3AS NTN<\/strong> est sp\u00e9cialement con\u00e7u pour les applications n\u00e9cessitant une haute durabilit\u00e9 et pr\u00e9cision dans les syst\u00e8mes d\u2019ascenseur. Son mat\u00e9riau de haute qualit\u00e9 et sa fabrication sup\u00e9rieure garantissent une longue dur\u00e9e de vie.<\/p>\n<p data-start=\"2404\" data-end=\"2715\"><strong data-start=\"2404\" data-end=\"2426\">Caract\u00e9ristiques :<\/strong><br data-start=\"2426\" data-end=\"2429\" \/><strong data-start=\"2429\" data-end=\"2449\">Nom du produit :<\/strong> Roulement d\u2019ascenseur 52x25x25 &#8211; NUTR205 X\/3AS NTN<br data-start=\"2500\" data-end=\"2503\" \/><strong data-start=\"2503\" data-end=\"2518\">R\u00e9f\u00e9rence :<\/strong> NUTR205 X\/3AS NTN<br data-start=\"2536\" data-end=\"2539\" \/><strong data-start=\"2539\" data-end=\"2553\">Mat\u00e9riau :<\/strong> Acier de roulement de haute qualit\u00e9<br data-start=\"2589\" data-end=\"2592\" \/><strong data-start=\"2592\" data-end=\"2615\">Zone d\u2019utilisation:<\/strong> Syst\u00e8mes d\u2019ascenseur<br data-start=\"2636\" data-end=\"2639\" \/><strong data-start=\"2639\" data-end=\"2652\">Avantage:<\/strong> Haute durabilit\u00e9, fonctionnement pr\u00e9cis, longue dur\u00e9e de vie<\/p>\n<p data-start=\"2717\" data-end=\"2982\">\n","protected":false},"featured_media":14567,"template":"","meta":[],"product_brand":[],"product_cat":[457],"product_tag":[],"class_list":{"0":"post-14563","1":"product","2":"type-product","3":"status-publish","4":"has-post-thumbnail","6":"product_cat-asansor-rulmanlari","8":"first","9":"instock","10":"taxable","11":"shipping-taxable","12":"purchasable","13":"product-type-simple"},"_links":{"self":[{"href":"https:\/\/ceoparts.com\/fr\/wp-json\/wp\/v2\/product\/14563","targetHints":{"allow":["GET"]}}],"collection":[{"href":"https:\/\/ceoparts.com\/fr\/wp-json\/wp\/v2\/product"}],"about":[{"href":"https:\/\/ceoparts.com\/fr\/wp-json\/wp\/v2\/types\/product"}],"wp:featuredmedia":[{"embeddable":true,"href":"https:\/\/ceoparts.com\/fr\/wp-json\/wp\/v2\/media\/14567"}],"wp:attachment":[{"href":"https:\/\/ceoparts.com\/fr\/wp-json\/wp\/v2\/media?parent=14563"}],"wp:term":[{"taxonomy":"product_brand","embeddable":true,"href":"https:\/\/ceoparts.com\/fr\/wp-json\/wp\/v2\/product_brand?post=14563"},{"taxonomy":"product_cat","embeddable":true,"href":"https:\/\/ceoparts.com\/fr\/wp-json\/wp\/v2\/product_cat?post=14563"},{"taxonomy":"product_tag","embeddable":true,"href":"https:\/\/ceoparts.com\/fr\/wp-json\/wp\/v2\/product_tag?post=14563"}],"curies":[{"name":"wp","href":"https:\/\/api.w.org\/{rel}","templated":true}]}}