{"id":14569,"date":"2025-02-15T10:35:53","date_gmt":"2025-02-15T07:35:53","guid":{"rendered":"https:\/\/ceoparts.com\/?post_type=product&#038;p=14569"},"modified":"2026-05-16T15:00:46","modified_gmt":"2026-05-16T12:00:46","slug":"6005-metal-rulman","status":"publish","type":"product","link":"https:\/\/ceoparts.com\/fr\/urun\/6005-metal-rulman\/","title":{"rendered":"Palier m\u00e9tallique 6005"},"content":{"rendered":"<p>Palier m\u00e9tallique 6005<\/p>\n<p><\/p>\n<ul>\n<li data-start=\"309\" data-end=\"336\">Diam\u00e8tre du trou: 25 mm<\/li>\n<li data-start=\"337\" data-end=\"366\">Diam\u00e8tre ext\u00e9rieur: 47 mm<\/li>\n<li data-start=\"367\" data-end=\"385\">Largeur: 12 mm<\/li>\n<\/ul>\n<p><\/p>","protected":false},"excerpt":{"rendered":"<p data-start=\"0\" data-end=\"219\"><br data-start=\"2338\" data-end=\"2341\" \/>Le <strong data-start=\"2344\" data-end=\"2373\">roulement m\u00e9tallique 6005<\/strong> est largement utilis\u00e9 dans les applications industrielles et poss\u00e8de des capuchons m\u00e9talliques pour prot\u00e9ger contre les influences ext\u00e9rieures. Il offre une grande durabilit\u00e9, une faible friction et un fonctionnement silencieux pour une longue dur\u00e9e de vie.<\/p>\n<p data-start=\"2633\" data-end=\"3048\"><strong data-start=\"2633\" data-end=\"2655\">Caract\u00e9ristiques :<\/strong><br data-start=\"2655\" data-end=\"2658\" \/><strong data-start=\"2658\" data-end=\"2678\">Nom du produit :<\/strong> Roulement m\u00e9tallique 6005<br data-start=\"2704\" data-end=\"2707\" \/><strong data-start=\"2707\" data-end=\"2722\">R\u00e9f\u00e9rence :<\/strong> Non sp\u00e9cifi\u00e9e<br data-start=\"2736\" data-end=\"2739\" \/><strong data-start=\"2739\" data-end=\"2753\">Mat\u00e9riau :<\/strong> Acier de roulement de haute qualit\u00e9, capuchons m\u00e9talliques<br data-start=\"2812\" data-end=\"2815\" \/><strong data-start=\"2815\" data-end=\"2838\">Zone d\u2019utilisation:<\/strong> Moteurs \u00e9lectriques, \u00e9quipements m\u00e9caniques, applications industrielles g\u00e9n\u00e9rales<br data-start=\"2920\" data-end=\"2923\" \/><strong data-start=\"2923\" data-end=\"2936\">Avantage:<\/strong> Protection contre les influences ext\u00e9rieures, faible friction, longue dur\u00e9e de vie, fonctionnement silencieux<\/p>\n<p data-start=\"3050\" data-end=\"3296\">\n","protected":false},"featured_media":14570,"template":"","meta":[],"product_brand":[],"product_cat":[458],"product_tag":[],"class_list":{"0":"post-14569","1":"product","2":"type-product","3":"status-publish","4":"has-post-thumbnail","6":"product_cat-denge-teker-rulmanlari","8":"first","9":"instock","10":"taxable","11":"shipping-taxable","12":"purchasable","13":"product-type-simple"},"_links":{"self":[{"href":"https:\/\/ceoparts.com\/fr\/wp-json\/wp\/v2\/product\/14569","targetHints":{"allow":["GET"]}}],"collection":[{"href":"https:\/\/ceoparts.com\/fr\/wp-json\/wp\/v2\/product"}],"about":[{"href":"https:\/\/ceoparts.com\/fr\/wp-json\/wp\/v2\/types\/product"}],"wp:featuredmedia":[{"embeddable":true,"href":"https:\/\/ceoparts.com\/fr\/wp-json\/wp\/v2\/media\/14570"}],"wp:attachment":[{"href":"https:\/\/ceoparts.com\/fr\/wp-json\/wp\/v2\/media?parent=14569"}],"wp:term":[{"taxonomy":"product_brand","embeddable":true,"href":"https:\/\/ceoparts.com\/fr\/wp-json\/wp\/v2\/product_brand?post=14569"},{"taxonomy":"product_cat","embeddable":true,"href":"https:\/\/ceoparts.com\/fr\/wp-json\/wp\/v2\/product_cat?post=14569"},{"taxonomy":"product_tag","embeddable":true,"href":"https:\/\/ceoparts.com\/fr\/wp-json\/wp\/v2\/product_tag?post=14569"}],"curies":[{"name":"wp","href":"https:\/\/api.w.org\/{rel}","templated":true}]}}