{"id":14579,"date":"2025-02-15T11:17:37","date_gmt":"2025-02-15T08:17:37","guid":{"rendered":"https:\/\/ceoparts.com\/?post_type=product&#038;p=14579"},"modified":"2026-05-16T18:28:20","modified_gmt":"2026-05-16T15:28:20","slug":"6204-plastik-rulman","status":"publish","type":"product","link":"https:\/\/ceoparts.com\/fr\/urun\/6204-plastik-rulman\/","title":{"rendered":"Palier en plastique 6204"},"content":{"rendered":"<p>Palier en plastique 6204<\/p>\n<p><\/p>\n<table class=\"table\" aria-describedby=\"Boyutlar\">\n<tbody>\n<tr>\n<td class=\"feature-name\">Diam\u00e8tre du trou<\/td>\n<td class=\"feature-value value-no-wrap\"><span class=\"value\">20<\/span><span class=\"unit\">\u00a0mm<\/span><\/td>\n<\/tr>\n<tr>\n<td class=\"feature-name\">Diam\u00e8tre ext\u00e9rieur<\/td>\n<td class=\"feature-value value-no-wrap\"><span class=\"value\">47<\/span><span class=\"unit\">\u00a0mm<\/span><\/td>\n<\/tr>\n<tr>\n<td class=\"feature-name\">Largeur<\/td>\n<td class=\"feature-value value-no-wrap\"><span class=\"value\">14<\/span><span class=\"unit\">\u00a0mm<\/span><\/td>\n<\/tr>\n<\/tbody>\n<\/table>\n<p><\/p>","protected":false},"excerpt":{"rendered":"<p data-start=\"0\" data-end=\"243\"><br data-start=\"2214\" data-end=\"2217\" \/>Le <strong data-start=\"2220\" data-end=\"2251\">roulement en plastique 6204<\/strong> est utilis\u00e9 dans les applications industrielles et m\u00e9caniques, fabriqu\u00e9 en plastique durable. Il se distingue par sa l\u00e9g\u00e8ret\u00e9, sa r\u00e9sistance \u00e0 la corrosion, son fonctionnement silencieux et son faible entretien.<\/p>\n<p data-start=\"2465\" data-end=\"2813\"><strong data-start=\"2465\" data-end=\"2487\">Caract\u00e9ristiques :<\/strong><br data-start=\"2487\" data-end=\"2490\" \/><strong data-start=\"2490\" data-end=\"2510\">Nom du produit :<\/strong> Roulement en plastique 6204<br data-start=\"2538\" data-end=\"2541\" \/><strong data-start=\"2541\" data-end=\"2556\">R\u00e9f\u00e9rence :<\/strong> Non sp\u00e9cifi\u00e9e<br data-start=\"2570\" data-end=\"2573\" \/><strong data-start=\"2573\" data-end=\"2587\">Mat\u00e9riau :<\/strong> Plastique durable<br data-start=\"2605\" data-end=\"2608\" \/><strong data-start=\"2608\" data-end=\"2631\">Zone d\u2019utilisation:<\/strong> Syst\u00e8mes m\u00e9caniques l\u00e9gers, outils \u00e9lectriques, \u00e9quipements de l\u2019industrie alimentaire<br data-start=\"2718\" data-end=\"2721\" \/><strong data-start=\"2721\" data-end=\"2734\">Avantage:<\/strong> L\u00e9ger, r\u00e9sistant \u00e0 la corrosion, fonctionnement silencieux, faible entretien<\/p>\n<p data-start=\"2815\" data-end=\"3051\">\n","protected":false},"featured_media":14580,"template":"","meta":[],"product_brand":[],"product_cat":[458],"product_tag":[],"class_list":{"0":"post-14579","1":"product","2":"type-product","3":"status-publish","4":"has-post-thumbnail","6":"product_cat-denge-teker-rulmanlari","8":"first","9":"instock","10":"taxable","11":"shipping-taxable","12":"purchasable","13":"product-type-simple"},"_links":{"self":[{"href":"https:\/\/ceoparts.com\/fr\/wp-json\/wp\/v2\/product\/14579","targetHints":{"allow":["GET"]}}],"collection":[{"href":"https:\/\/ceoparts.com\/fr\/wp-json\/wp\/v2\/product"}],"about":[{"href":"https:\/\/ceoparts.com\/fr\/wp-json\/wp\/v2\/types\/product"}],"wp:featuredmedia":[{"embeddable":true,"href":"https:\/\/ceoparts.com\/fr\/wp-json\/wp\/v2\/media\/14580"}],"wp:attachment":[{"href":"https:\/\/ceoparts.com\/fr\/wp-json\/wp\/v2\/media?parent=14579"}],"wp:term":[{"taxonomy":"product_brand","embeddable":true,"href":"https:\/\/ceoparts.com\/fr\/wp-json\/wp\/v2\/product_brand?post=14579"},{"taxonomy":"product_cat","embeddable":true,"href":"https:\/\/ceoparts.com\/fr\/wp-json\/wp\/v2\/product_cat?post=14579"},{"taxonomy":"product_tag","embeddable":true,"href":"https:\/\/ceoparts.com\/fr\/wp-json\/wp\/v2\/product_tag?post=14579"}],"curies":[{"name":"wp","href":"https:\/\/api.w.org\/{rel}","templated":true}]}}