{"id":14587,"date":"2025-02-15T11:56:17","date_gmt":"2025-02-15T08:56:17","guid":{"rendered":"https:\/\/ceoparts.com\/?post_type=product&#038;p=14587"},"modified":"2026-05-16T11:48:04","modified_gmt":"2026-05-16T08:48:04","slug":"6303-zz-metal-rulman","status":"publish","type":"product","link":"https:\/\/ceoparts.com\/fr\/urun\/6303-zz-metal-rulman\/","title":{"rendered":"Palier m\u00e9tallique 6303\/ZZ"},"content":{"rendered":"<p>Palier m\u00e9tallique 6303\/ZZ<\/p>\n<p><\/p>\n<table class=\"table\" aria-describedby=\"Boyutlar\">\n<tbody>\n<tr>\n<td class=\"feature-name\">Diam\u00e8tre du trou<\/td>\n<td class=\"feature-value value-no-wrap\"><span class=\"value\">17<\/span><span class=\"unit\">\u00a0mm<\/span><\/td>\n<\/tr>\n<tr>\n<td class=\"feature-name\">Diam\u00e8tre ext\u00e9rieur<\/td>\n<td class=\"feature-value value-no-wrap\"><span class=\"value\">47<\/span><span class=\"unit\">\u00a0mm<\/span><\/td>\n<\/tr>\n<tr>\n<td class=\"feature-name\">Largeur<\/td>\n<td class=\"feature-value value-no-wrap\"><span class=\"value\">14<\/span><span class=\"unit\">\u00a0mm<\/span><\/td>\n<\/tr>\n<\/tbody>\n<\/table>\n<p><\/p>","protected":false},"excerpt":{"rendered":"<p data-start=\"0\" data-end=\"243\"><br data-start=\"2229\" data-end=\"2232\" \/>Le <strong data-start=\"2235\" data-end=\"2267\">roulement m\u00e9tallique 6303\/ZZ<\/strong> est largement utilis\u00e9 dans les applications industrielles et poss\u00e8de des doubles capuchons m\u00e9talliques pour prot\u00e9ger contre la poussi\u00e8re et la salet\u00e9. Il offre une grande durabilit\u00e9 et une faible friction pour une longue dur\u00e9e de vie.<\/p>\n<p data-start=\"2504\" data-end=\"2873\"><strong data-start=\"2504\" data-end=\"2526\">Caract\u00e9ristiques :<\/strong><br data-start=\"2526\" data-end=\"2529\" \/><strong data-start=\"2529\" data-end=\"2549\">Nom du produit :<\/strong> Roulement m\u00e9tallique 6303\/ZZ<br data-start=\"2578\" data-end=\"2581\" \/><strong data-start=\"2581\" data-end=\"2596\">R\u00e9f\u00e9rence :<\/strong> Non sp\u00e9cifi\u00e9e<br data-start=\"2610\" data-end=\"2613\" \/><strong data-start=\"2613\" data-end=\"2627\">Mat\u00e9riau :<\/strong> Acier de roulement de haute qualit\u00e9, capuchons m\u00e9talliques<br data-start=\"2686\" data-end=\"2689\" \/><strong data-start=\"2689\" data-end=\"2712\">Zone d\u2019utilisation:<\/strong> Machines industrielles, moteurs \u00e9lectriques, syst\u00e8mes m\u00e9caniques g\u00e9n\u00e9raux<br data-start=\"2786\" data-end=\"2789\" \/><strong data-start=\"2789\" data-end=\"2802\">Avantage:<\/strong> Protection contre la poussi\u00e8re, faible friction, longue dur\u00e9e de vie<\/p>\n<p data-start=\"2875\" data-end=\"3111\">\n","protected":false},"featured_media":14591,"template":"","meta":[],"product_brand":[],"product_cat":[458],"product_tag":[],"class_list":{"0":"post-14587","1":"product","2":"type-product","3":"status-publish","4":"has-post-thumbnail","6":"product_cat-denge-teker-rulmanlari","8":"first","9":"instock","10":"taxable","11":"shipping-taxable","12":"purchasable","13":"product-type-simple"},"_links":{"self":[{"href":"https:\/\/ceoparts.com\/fr\/wp-json\/wp\/v2\/product\/14587","targetHints":{"allow":["GET"]}}],"collection":[{"href":"https:\/\/ceoparts.com\/fr\/wp-json\/wp\/v2\/product"}],"about":[{"href":"https:\/\/ceoparts.com\/fr\/wp-json\/wp\/v2\/types\/product"}],"wp:featuredmedia":[{"embeddable":true,"href":"https:\/\/ceoparts.com\/fr\/wp-json\/wp\/v2\/media\/14591"}],"wp:attachment":[{"href":"https:\/\/ceoparts.com\/fr\/wp-json\/wp\/v2\/media?parent=14587"}],"wp:term":[{"taxonomy":"product_brand","embeddable":true,"href":"https:\/\/ceoparts.com\/fr\/wp-json\/wp\/v2\/product_brand?post=14587"},{"taxonomy":"product_cat","embeddable":true,"href":"https:\/\/ceoparts.com\/fr\/wp-json\/wp\/v2\/product_cat?post=14587"},{"taxonomy":"product_tag","embeddable":true,"href":"https:\/\/ceoparts.com\/fr\/wp-json\/wp\/v2\/product_tag?post=14587"}],"curies":[{"name":"wp","href":"https:\/\/api.w.org\/{rel}","templated":true}]}}