{"id":14592,"date":"2025-02-15T12:23:02","date_gmt":"2025-02-15T09:23:02","guid":{"rendered":"https:\/\/ceoparts.com\/?post_type=product&#038;p=14592"},"modified":"2026-05-16T15:03:23","modified_gmt":"2026-05-16T12:03:23","slug":"fmx-gobek-rulmani-29245033","status":"publish","type":"product","link":"https:\/\/ceoparts.com\/fr\/urun\/fmx-gobek-rulmani-29245033\/","title":{"rendered":"Palier de moyeu FMX &#8211; 29245033"},"content":{"rendered":"<p>Palier de moyeu FMX &#8211; 29245033<\/p>\n<p><span style=\"font-family: ti;\">Linde-115-03-R14-R16-R20-03-2010<\/span><\/p>","protected":false},"excerpt":{"rendered":"<p data-start=\"0\" data-end=\"257\"><br data-start=\"2032\" data-end=\"2035\" \/>Le <strong data-start=\"2038\" data-end=\"2064\">roulement de moyeu FMX<\/strong> est un roulement de haute qualit\u00e9 utilis\u00e9 dans les syst\u00e8mes de moyeu des chariots \u00e9l\u00e9vateurs FMX, offrant une grande durabilit\u00e9 et une performance fluide. Sa conception durable et sa performance pr\u00e9cise am\u00e9liorent l\u2019efficacit\u00e9 du chariot.<\/p>\n<p data-start=\"2305\" data-end=\"2592\"><strong data-start=\"2305\" data-end=\"2327\">Caract\u00e9ristiques :<\/strong><br data-start=\"2327\" data-end=\"2330\" \/><strong data-start=\"2330\" data-end=\"2350\">Nom du produit :<\/strong> Roulement de moyeu FMX<br data-start=\"2373\" data-end=\"2376\" \/><strong data-start=\"2376\" data-end=\"2391\">R\u00e9f\u00e9rence :<\/strong> 29245033<br data-start=\"2400\" data-end=\"2403\" \/><strong data-start=\"2403\" data-end=\"2417\">Mat\u00e9riau :<\/strong> Acier de roulement haute r\u00e9sistance<br data-start=\"2453\" data-end=\"2456\" \/><strong data-start=\"2456\" data-end=\"2479\">Zone d\u2019utilisation:<\/strong> Syst\u00e8mes de moyeu pour chariots FMX<br data-start=\"2515\" data-end=\"2518\" \/><strong data-start=\"2518\" data-end=\"2531\">Avantage:<\/strong> Longue dur\u00e9e de vie, performance pr\u00e9cise, haute durabilit\u00e9<\/p>\n<p data-start=\"2594\" data-end=\"2860\">\n","protected":false},"featured_media":14613,"template":"","meta":[],"product_brand":[],"product_cat":[241,459,524],"product_tag":[],"class_list":{"0":"post-14592","1":"product","2":"type-product","3":"status-publish","4":"has-post-thumbnail","6":"product_cat-still","7":"product_cat-gobek-rulmanlar","8":"product_cat-yedek-parca-still","10":"first","11":"instock","12":"taxable","13":"shipping-taxable","14":"purchasable","15":"product-type-simple"},"_links":{"self":[{"href":"https:\/\/ceoparts.com\/fr\/wp-json\/wp\/v2\/product\/14592","targetHints":{"allow":["GET"]}}],"collection":[{"href":"https:\/\/ceoparts.com\/fr\/wp-json\/wp\/v2\/product"}],"about":[{"href":"https:\/\/ceoparts.com\/fr\/wp-json\/wp\/v2\/types\/product"}],"wp:featuredmedia":[{"embeddable":true,"href":"https:\/\/ceoparts.com\/fr\/wp-json\/wp\/v2\/media\/14613"}],"wp:attachment":[{"href":"https:\/\/ceoparts.com\/fr\/wp-json\/wp\/v2\/media?parent=14592"}],"wp:term":[{"taxonomy":"product_brand","embeddable":true,"href":"https:\/\/ceoparts.com\/fr\/wp-json\/wp\/v2\/product_brand?post=14592"},{"taxonomy":"product_cat","embeddable":true,"href":"https:\/\/ceoparts.com\/fr\/wp-json\/wp\/v2\/product_cat?post=14592"},{"taxonomy":"product_tag","embeddable":true,"href":"https:\/\/ceoparts.com\/fr\/wp-json\/wp\/v2\/product_tag?post=14592"}],"curies":[{"name":"wp","href":"https:\/\/api.w.org\/{rel}","templated":true}]}}