{"id":14607,"date":"2025-02-15T12:46:09","date_gmt":"2025-02-15T09:46:09","guid":{"rendered":"https:\/\/ceoparts.com\/?post_type=product&#038;p=14607"},"modified":"2026-05-16T19:25:19","modified_gmt":"2026-05-16T16:25:19","slug":"bt-rre160h-gobek-rulmani","status":"publish","type":"product","link":"https:\/\/ceoparts.com\/fr\/urun\/bt-rre160h-gobek-rulmani\/","title":{"rendered":"Palier de moyeu BT RRE160H"},"content":{"rendered":"<p>Palier de moyeu BT RRE160H<\/p>","protected":false},"excerpt":{"rendered":"<p data-start=\"0\" data-end=\"273\"><br data-start=\"2151\" data-end=\"2154\" \/>Le <strong data-start=\"2157\" data-end=\"2190\">roulement de moyeu BT RRE160H<\/strong> est un roulement de haute qualit\u00e9 utilis\u00e9 dans les syst\u00e8mes de moyeu des chariots \u00e9l\u00e9vateurs BT RRE160H, offrant une grande durabilit\u00e9 et une performance pr\u00e9cise. Sa construction robuste soutient un fonctionnement durable et fluide du chariot.<\/p>\n<p data-start=\"2436\" data-end=\"2742\"><strong data-start=\"2436\" data-end=\"2458\">Caract\u00e9ristiques :<\/strong><br data-start=\"2458\" data-end=\"2461\" \/><strong data-start=\"2461\" data-end=\"2481\">Nom du produit :<\/strong> Roulement de moyeu BT RRE160H<br data-start=\"2511\" data-end=\"2514\" \/><strong data-start=\"2514\" data-end=\"2529\">R\u00e9f\u00e9rence :<\/strong> Non sp\u00e9cifi\u00e9e<br data-start=\"2543\" data-end=\"2546\" \/><strong data-start=\"2546\" data-end=\"2560\">Mat\u00e9riau :<\/strong> Acier de roulement haute r\u00e9sistance<br data-start=\"2596\" data-end=\"2599\" \/><strong data-start=\"2599\" data-end=\"2622\">Zone d\u2019utilisation:<\/strong> Syst\u00e8mes de moyeu pour chariots BT RRE160H<br data-start=\"2665\" data-end=\"2668\" \/><strong data-start=\"2668\" data-end=\"2681\">Avantage:<\/strong> Longue dur\u00e9e de vie, performance pr\u00e9cise, haute durabilit\u00e9<\/p>\n<p data-start=\"2744\" data-end=\"3021\">\n","protected":false},"featured_media":14615,"template":"","meta":[],"product_brand":[],"product_cat":[251,459,518],"product_tag":[],"class_list":{"0":"post-14607","1":"product","2":"type-product","3":"status-publish","4":"has-post-thumbnail","6":"product_cat-bt","7":"product_cat-gobek-rulmanlar","8":"product_cat-yedek-parca-bt","10":"first","11":"instock","12":"taxable","13":"shipping-taxable","14":"purchasable","15":"product-type-simple"},"_links":{"self":[{"href":"https:\/\/ceoparts.com\/fr\/wp-json\/wp\/v2\/product\/14607","targetHints":{"allow":["GET"]}}],"collection":[{"href":"https:\/\/ceoparts.com\/fr\/wp-json\/wp\/v2\/product"}],"about":[{"href":"https:\/\/ceoparts.com\/fr\/wp-json\/wp\/v2\/types\/product"}],"wp:featuredmedia":[{"embeddable":true,"href":"https:\/\/ceoparts.com\/fr\/wp-json\/wp\/v2\/media\/14615"}],"wp:attachment":[{"href":"https:\/\/ceoparts.com\/fr\/wp-json\/wp\/v2\/media?parent=14607"}],"wp:term":[{"taxonomy":"product_brand","embeddable":true,"href":"https:\/\/ceoparts.com\/fr\/wp-json\/wp\/v2\/product_brand?post=14607"},{"taxonomy":"product_cat","embeddable":true,"href":"https:\/\/ceoparts.com\/fr\/wp-json\/wp\/v2\/product_cat?post=14607"},{"taxonomy":"product_tag","embeddable":true,"href":"https:\/\/ceoparts.com\/fr\/wp-json\/wp\/v2\/product_tag?post=14607"}],"curies":[{"name":"wp","href":"https:\/\/api.w.org\/{rel}","templated":true}]}}