{"id":14632,"date":"2025-02-17T09:57:57","date_gmt":"2025-02-17T06:57:57","guid":{"rendered":"https:\/\/ceoparts.com\/?post_type=product&#038;p=14632"},"modified":"2026-05-16T15:04:10","modified_gmt":"2026-05-16T12:04:10","slug":"tabla-rulmani","status":"publish","type":"product","link":"https:\/\/ceoparts.com\/fr\/urun\/tabla-rulmani\/","title":{"rendered":"Tabla Roulement"},"content":{"rendered":"<p>Tabla Roulement<\/p>","protected":false},"excerpt":{"rendered":"<p data-start=\"0\" data-end=\"256\"><br data-start=\"2002\" data-end=\"2005\" \/>Le <strong data-start=\"2008\" data-end=\"2030\">roulement de table<\/strong> est un roulement de haute qualit\u00e9 utilis\u00e9 dans les mouvements de table des chariots \u00e9l\u00e9vateurs, assurant un fonctionnement fluide et durable. Sa grande durabilit\u00e9 et sa performance pr\u00e9cise am\u00e9liorent l\u2019efficacit\u00e9 op\u00e9rationnelle du chariot.<\/p>\n<p data-start=\"2272\" data-end=\"2568\"><strong data-start=\"2272\" data-end=\"2294\">Caract\u00e9ristiques :<\/strong><br data-start=\"2294\" data-end=\"2297\" \/><strong data-start=\"2297\" data-end=\"2317\">Nom du produit :<\/strong> Roulement de table<br data-start=\"2336\" data-end=\"2339\" \/><strong data-start=\"2339\" data-end=\"2354\">R\u00e9f\u00e9rence :<\/strong> Non sp\u00e9cifi\u00e9e<br data-start=\"2368\" data-end=\"2371\" \/><strong data-start=\"2371\" data-end=\"2385\">Mat\u00e9riau :<\/strong> Acier de roulement haute r\u00e9sistance<br data-start=\"2421\" data-end=\"2424\" \/><strong data-start=\"2424\" data-end=\"2447\">Zone d\u2019utilisation:<\/strong> Syst\u00e8mes de table pour chariots \u00e9l\u00e9vateurs<br data-start=\"2490\" data-end=\"2493\" \/><strong data-start=\"2493\" data-end=\"2506\">Avantage:<\/strong> Grande durabilit\u00e9, performance pr\u00e9cise, longue dur\u00e9e de vie<\/p>\n<p data-start=\"2570\" data-end=\"2836\">\n","protected":false},"featured_media":14652,"template":"","meta":[],"product_brand":[],"product_cat":[459],"product_tag":[],"class_list":{"0":"post-14632","1":"product","2":"type-product","3":"status-publish","4":"has-post-thumbnail","6":"product_cat-gobek-rulmanlar","8":"first","9":"instock","10":"taxable","11":"shipping-taxable","12":"purchasable","13":"product-type-simple"},"_links":{"self":[{"href":"https:\/\/ceoparts.com\/fr\/wp-json\/wp\/v2\/product\/14632","targetHints":{"allow":["GET"]}}],"collection":[{"href":"https:\/\/ceoparts.com\/fr\/wp-json\/wp\/v2\/product"}],"about":[{"href":"https:\/\/ceoparts.com\/fr\/wp-json\/wp\/v2\/types\/product"}],"wp:featuredmedia":[{"embeddable":true,"href":"https:\/\/ceoparts.com\/fr\/wp-json\/wp\/v2\/media\/14652"}],"wp:attachment":[{"href":"https:\/\/ceoparts.com\/fr\/wp-json\/wp\/v2\/media?parent=14632"}],"wp:term":[{"taxonomy":"product_brand","embeddable":true,"href":"https:\/\/ceoparts.com\/fr\/wp-json\/wp\/v2\/product_brand?post=14632"},{"taxonomy":"product_cat","embeddable":true,"href":"https:\/\/ceoparts.com\/fr\/wp-json\/wp\/v2\/product_cat?post=14632"},{"taxonomy":"product_tag","embeddable":true,"href":"https:\/\/ceoparts.com\/fr\/wp-json\/wp\/v2\/product_tag?post=14632"}],"curies":[{"name":"wp","href":"https:\/\/api.w.org\/{rel}","templated":true}]}}