{"id":14638,"date":"2025-02-17T09:58:23","date_gmt":"2025-02-17T06:58:23","guid":{"rendered":"https:\/\/ceoparts.com\/?post_type=product&#038;p=14638"},"modified":"2026-05-16T17:22:55","modified_gmt":"2026-05-16T14:22:55","slug":"tabla-rulmani-junghheinrich","status":"publish","type":"product","link":"https:\/\/ceoparts.com\/fr\/urun\/tabla-rulmani-junghheinrich\/","title":{"rendered":"Tabla Roulement Junghheinrich"},"content":{"rendered":"<p>Tabla Roulement Junghheinrich<\/p>","protected":false},"excerpt":{"rendered":"<p data-start=\"0\" data-end=\"265\"><br data-start=\"2170\" data-end=\"2173\" \/>Le <strong data-start=\"2176\" data-end=\"2212\">roulement de table Junghheinrich<\/strong> est un roulement de haute qualit\u00e9 utilis\u00e9 dans les mouvements de table des chariots \u00e9l\u00e9vateurs, offrant une grande durabilit\u00e9 et une performance fluide. Sa conception pr\u00e9cise contribue \u00e0 un fonctionnement stable et s\u00fbr du chariot.<\/p>\n<p data-start=\"2445\" data-end=\"2758\"><strong data-start=\"2445\" data-end=\"2467\">Caract\u00e9ristiques :<\/strong><br data-start=\"2467\" data-end=\"2470\" \/><strong data-start=\"2470\" data-end=\"2490\">Nom du produit :<\/strong> Roulement de table Junghheinrich<br data-start=\"2523\" data-end=\"2526\" \/><strong data-start=\"2526\" data-end=\"2541\">R\u00e9f\u00e9rence :<\/strong> Non sp\u00e9cifi\u00e9e<br data-start=\"2555\" data-end=\"2558\" \/><strong data-start=\"2558\" data-end=\"2572\">Mat\u00e9riau :<\/strong> Acier de roulement haute r\u00e9sistance<br data-start=\"2608\" data-end=\"2611\" \/><strong data-start=\"2611\" data-end=\"2634\">Zone d\u2019utilisation:<\/strong> Syst\u00e8mes de table pour chariots Junghheinrich<br data-start=\"2680\" data-end=\"2683\" \/><strong data-start=\"2683\" data-end=\"2696\">Avantage:<\/strong> Grande durabilit\u00e9, performance pr\u00e9cise, longue dur\u00e9e de vie<\/p>\n<p data-start=\"2760\" data-end=\"3033\">\n","protected":false},"featured_media":14651,"template":"","meta":[],"product_brand":[],"product_cat":[459],"product_tag":[],"class_list":{"0":"post-14638","1":"product","2":"type-product","3":"status-publish","4":"has-post-thumbnail","6":"product_cat-gobek-rulmanlar","8":"first","9":"instock","10":"taxable","11":"shipping-taxable","12":"purchasable","13":"product-type-simple"},"_links":{"self":[{"href":"https:\/\/ceoparts.com\/fr\/wp-json\/wp\/v2\/product\/14638","targetHints":{"allow":["GET"]}}],"collection":[{"href":"https:\/\/ceoparts.com\/fr\/wp-json\/wp\/v2\/product"}],"about":[{"href":"https:\/\/ceoparts.com\/fr\/wp-json\/wp\/v2\/types\/product"}],"wp:featuredmedia":[{"embeddable":true,"href":"https:\/\/ceoparts.com\/fr\/wp-json\/wp\/v2\/media\/14651"}],"wp:attachment":[{"href":"https:\/\/ceoparts.com\/fr\/wp-json\/wp\/v2\/media?parent=14638"}],"wp:term":[{"taxonomy":"product_brand","embeddable":true,"href":"https:\/\/ceoparts.com\/fr\/wp-json\/wp\/v2\/product_brand?post=14638"},{"taxonomy":"product_cat","embeddable":true,"href":"https:\/\/ceoparts.com\/fr\/wp-json\/wp\/v2\/product_cat?post=14638"},{"taxonomy":"product_tag","embeddable":true,"href":"https:\/\/ceoparts.com\/fr\/wp-json\/wp\/v2\/product_tag?post=14638"}],"curies":[{"name":"wp","href":"https:\/\/api.w.org\/{rel}","templated":true}]}}