{"id":14670,"date":"2025-02-17T10:57:32","date_gmt":"2025-02-17T07:57:32","guid":{"rendered":"https:\/\/ceoparts.com\/?post_type=product&#038;p=14670"},"modified":"2026-05-16T10:58:15","modified_gmt":"2026-05-16T07:58:15","slug":"40x73x55-mm-gh0036-yuk-teker-rulmani-bth-1024","status":"publish","type":"product","link":"https:\/\/ceoparts.com\/fr\/urun\/40x73x55-mm-gh0036-yuk-teker-rulmani-bth-1024\/","title":{"rendered":"40x73x55 mm GH0036 Roulement de Roue de Charge &#8211; Bth 1024"},"content":{"rendered":"<p>40x73x55 mm GH0036 Roulement de Roue de Charge &#8211; Bth 1024<\/p>","protected":false},"excerpt":{"rendered":"<p data-start=\"0\" data-end=\"264\"><br data-start=\"2143\" data-end=\"2146\" \/>Le <strong data-start=\"2149\" data-end=\"2199\">roulement de roue de charge 40x73x55 mm GH0036<\/strong> est un roulement de haute qualit\u00e9 utilis\u00e9 dans les roues de charge des chariots \u00e9l\u00e9vateurs, assurant un fonctionnement fluide et durable. Sa grande durabilit\u00e9 et pr\u00e9cision am\u00e9liorent les performances du chariot.<\/p>\n<p data-start=\"2413\" data-end=\"2742\"><strong data-start=\"2413\" data-end=\"2435\">Caract\u00e9ristiques :<\/strong><br data-start=\"2435\" data-end=\"2438\" \/><strong data-start=\"2438\" data-end=\"2458\">Nom du produit :<\/strong> Roulement de roue de charge 40x73x55 mm GH0036<br data-start=\"2505\" data-end=\"2508\" \/><strong data-start=\"2508\" data-end=\"2523\">R\u00e9f\u00e9rence :<\/strong> BTH 1024<br data-start=\"2532\" data-end=\"2535\" \/><strong data-start=\"2535\" data-end=\"2549\">Mat\u00e9riau :<\/strong> Acier de roulement haute r\u00e9sistance<br data-start=\"2585\" data-end=\"2588\" \/><strong data-start=\"2588\" data-end=\"2611\">Zone d\u2019utilisation:<\/strong> Syst\u00e8mes de roues de charge pour chariots \u00e9l\u00e9vateurs<br data-start=\"2664\" data-end=\"2667\" \/><strong data-start=\"2667\" data-end=\"2680\">Avantage:<\/strong> Grande durabilit\u00e9, performance pr\u00e9cise, longue dur\u00e9e de vie<\/p>\n<p data-start=\"2744\" data-end=\"3016\">\n","protected":false},"featured_media":14671,"template":"","meta":[],"product_brand":[],"product_cat":[251,460,518],"product_tag":[],"class_list":{"0":"post-14670","1":"product","2":"type-product","3":"status-publish","4":"has-post-thumbnail","6":"product_cat-bt","7":"product_cat-yuk-ve-mekanizma-rulmanlari","8":"product_cat-yedek-parca-bt","10":"first","11":"instock","12":"taxable","13":"shipping-taxable","14":"purchasable","15":"product-type-simple"},"_links":{"self":[{"href":"https:\/\/ceoparts.com\/fr\/wp-json\/wp\/v2\/product\/14670","targetHints":{"allow":["GET"]}}],"collection":[{"href":"https:\/\/ceoparts.com\/fr\/wp-json\/wp\/v2\/product"}],"about":[{"href":"https:\/\/ceoparts.com\/fr\/wp-json\/wp\/v2\/types\/product"}],"wp:featuredmedia":[{"embeddable":true,"href":"https:\/\/ceoparts.com\/fr\/wp-json\/wp\/v2\/media\/14671"}],"wp:attachment":[{"href":"https:\/\/ceoparts.com\/fr\/wp-json\/wp\/v2\/media?parent=14670"}],"wp:term":[{"taxonomy":"product_brand","embeddable":true,"href":"https:\/\/ceoparts.com\/fr\/wp-json\/wp\/v2\/product_brand?post=14670"},{"taxonomy":"product_cat","embeddable":true,"href":"https:\/\/ceoparts.com\/fr\/wp-json\/wp\/v2\/product_cat?post=14670"},{"taxonomy":"product_tag","embeddable":true,"href":"https:\/\/ceoparts.com\/fr\/wp-json\/wp\/v2\/product_tag?post=14670"}],"curies":[{"name":"wp","href":"https:\/\/api.w.org\/{rel}","templated":true}]}}